{"id":399,"date":"2023-11-21T12:34:42","date_gmt":"2023-11-21T10:34:42","guid":{"rendered":"https:\/\/onlinecasinoprofy.com\/hu\/?page_id=399"},"modified":"2023-11-30T12:47:32","modified_gmt":"2023-11-30T10:47:32","slug":"slotamba-casino","status":"publish","type":"page","link":"https:\/\/onlinecasinoprofy.com\/hu\/slotamba-casino\/","title":{"rendered":"Slotamba Casino"},"content":{"rendered":"\n<p>Slotamba Casino online egy megb\u00edzhat\u00f3 platform, amely 2024 \u00f3ta m\u0171k\u00f6dik, regisztr\u00e1lva a NewEra B.V. c\u00e9ghez. Ez a kaszin\u00f3 nyer\u0151g\u00e9pekkel, asztalokkal rendelkezikj\u00e1t\u00e9kok, \u00c9l\u0151 j\u00e1t\u00e9kok, virtu\u00e1lis sportok \u00e9s TV-m\u0171sorok. A kaszin\u00f3 h\u0171s\u00e9ges b\u00f3nuszfelt\u00e9teleket, gyors regisztr\u00e1ci\u00f3t \u00e9s fizet\u00e9si rendszerek sz\u00e9les v\u00e1laszt\u00e9k\u00e1t k\u00edn\u00e1lja. \u00c9rdemes megjegyezni aSlotambakaszin\u00f3 befizet\u00e9s n\u00e9lk\u00fcl b\u00f3nusz amelyet rendes versenyeken vagy speci\u00e1lis prom\u00f3ci\u00f3s k\u00f3d megad\u00e1s\u00e1val nyerhet meg.<\/p>\n\n\n\n<h2 data-anchor=\"El\u0151ny\u00f6k-\u00e9s-h\u00e1tr\u00e1nyok-\u2795\u2796\" id=\"El\u0151ny\u00f6k-\u00e9s-h\u00e1tr\u00e1nyok-\u2795\u2796\" >El\u0151ny\u00f6k \u00e9s h\u00e1tr\u00e1nyok<\/h2>\n\n\n<section class=\"container plusesMinuses\">\n                    <div class=\"row\"><div class=\"col-md-6\">\n                        <div class=\"pluses plusesMinuses-item\"><ul class=\"simpleList plusesMinuses-simpleList--pluses\"><li><strong><\/strong> T\u00f6bb mint 70 szolg\u00e1ltat\u00f3<\/li><li><strong><\/strong> Kriptovaluta el\u00e9rhet\u0151s\u00e9ge<\/li><li><strong><\/strong> Gyors kifizet\u00e9sek<\/li><li><strong><\/strong> Nincs jutal\u00e9k<\/li><\/ul>\n                <\/div>\n            <\/div><div class=\"col-md-6\">\n                        <div class=\"minuses plusesMinuses-item\"><ul class=\"simpleList plusesMinuses-simpleList--minuses\"><li><strong><\/strong> Nincs b\u00f3nusz \u00e9l\u0151ben<\/li><li><strong><\/strong> Nincsenek VIP felt\u00e9telek<\/li><li><strong><\/strong> Nem sok rendszeres b\u00f3nusz<\/li><\/ul>\n                <\/div>\n            <\/div><\/div>\n            <\/section>\n\n\n\n<h2 data-anchor=\"Regisztr\u00e1ci\u00f3-\ud83d\udcbb\" id=\"Regisztr\u00e1ci\u00f3-\ud83d\udcbb\" >Regisztr\u00e1ci\u00f3 a Slotamba<\/h2>\n\n\n\n<p>Hivatalos \u00fcgyf\u00e9lr\u00e9 v\u00e1lni a c\u00edmenSlotamba online kaszin\u00f3, a j\u00e1t\u00e9kosoknak \u00e1t kell menni\u00fck a regisztr\u00e1ci\u00f3 minden szakasz\u00e1n. Maga a folyamat nagyon gyors, ez\u00e9rt n\u00e9h\u00e1ny kattint\u00e1s ut\u00e1n a j\u00e1t\u00e9kosok m\u00e1r \u00e9lvezhetikszerencsej\u00e1t\u00e9k itt. Itt is l\u00e9trehoztunk egy fi\u00f3kot, \u00e9s itt van az algoritmus:<\/p>\n\n\n\n<ol>\n<li>Nyissa meg aSlotamba kaszin\u00f3 bejelentkez\u00e9s \u0171rlapot sz\u00e1m\u00edt\u00f3g\u00e9pes vagy mobil k\u00fcty\u00fck seg\u00edts\u00e9g\u00e9vel<\/li>\n\n\n\n<li>Ezut\u00e1n l\u00e9pjen a regisztr\u00e1ci\u00f3s men\u00fcbe, \u00e9s t\u00f6ltse ki a mez\u0151ket adataival<\/li>\n\n\n\n<li>Ezut\u00e1n tanulm\u00e1nyozza \u00e1t a kaszin\u00f3 szab\u00e1lyait \u00e9s felt\u00e9teleit, \u00e9s er\u0151s\u00edtse meg tetteit<\/li>\n\n\n\n<li>Most v\u00e1laszthat ab\u00f3nusz \u00e9s befizetni<\/li>\n<\/ol>\n\n\n\n<h2 data-anchor=\"B\u00f3nuszok-\ud83c\udf81\" id=\"B\u00f3nuszok-\ud83c\udf81\" >Slotamba \u2013 B\u00f3nuszok \u00e9s Prom\u00f3ci\u00f3k<\/h2>\n\n\n\n<p>Slotamba kaszin\u00f3 b\u00f3nusz Az aj\u00e1nlatok regisztr\u00e1ci\u00f3 \u00e9s befizet\u00e9s ut\u00e1n \u00e9rhet\u0151k el. Ezt tett\u00fck ehhez a kutat\u00e1shoz. A kaszin\u00f3 rendszeres versenyeket is szervez a legjobb szolg\u00e1ltat\u00f3kt\u00f3l, ahol b\u0151s\u00e9ges \u00f6sszeget vagy b\u00f3nuszokat nyerhet. \u00c9rdemes megjegyezni az \u00fajrat\u00f6lt\u00e9si b\u00f3nuszokat \u00e9sprom\u00f3ci\u00f3 k\u00f3dokat, amelyeket gyakran e-mailre k\u00fcldenek. Min\u00e9l t\u00f6bbet mutatod meg magad a Slotamba kaszin\u00f3ban, ann\u00e1l rendszeresebben kapsz jutalmat. Az al\u00e1bbiakban hozz\u00e1adjuk az \u00f6sszes benne l\u00e9v\u0151 b\u00f3nusztSlotamba online kaszin\u00f3.<\/p>\n\n\n\n<h3 class=\"wp-block-heading\" id=\"h-dv-zl-csomag\">\u00dcdv\u00f6zl\u0151 csomag<\/h3>\n\n\n\n<p>Az \u00faj \u00fcgyfelek nagylelk\u0171 aj\u00e1nd\u00e9kot kaphatnakSlotamba b\u00f3nusz regisztr\u00e1ci\u00f3hoz; ez ak\u00e1r 1000 eur\u00f3s \u00fcdv\u00f6zl\u0151csomag. Aktiv\u00e1l\u00e1s\u00e1hoz a\u00fcdv\u00f6zl\u0151 b\u00f3nusz, akkor 20 \u20ac feletti befizet\u00e9st kell v\u00e9grehajtania, \u00e9s figyelembe kell vennie a 40-szeres t\u00e9tet (b\u00f3nusz + befizet\u00e9s). A b\u00f3nuszb\u00f3l sz\u00e1rmaz\u00f3 maxim\u00e1lis nyerem\u00e9ny a befizet\u00e9s 10-szerese. Ez a b\u00f3nusz 4 befizet\u00e9sre \u00e9rv\u00e9nyes, \u00e9s mindegyik r\u00e9sz aktiv\u00e1l\u00e1s\u00e1hoz meg kell adnia aB\u00f3nusz k\u00f3d k\u00f3d:<\/p>\n\n\n\n<ol>\n<li><strong>Els\u0151 befizet\u00e9s<\/strong><br>100% 200 \u20ac-ig. B\u00f3nusz k\u00f3d<strong>WEL100 SLOT<\/strong>.<\/li>\n\n\n\n<li><strong>M\u00e1sodik befizet\u00e9s<\/strong><br>50% 250 \u20ac-ig. B\u00f3nusz k\u00f3d<strong>WEL50 SLOT<\/strong>.<\/li>\n\n\n\n<li><strong>Harmadik befizet\u00e9s<\/strong><br>50% 250 \u20ac-ig. B\u00f3nusz k\u00f3d<strong>WEL50 AMBA<\/strong>.<\/li>\n\n\n\n<li><strong>Negyedik befizet\u00e9s<\/strong><br>100% 300 \u20ac-ig. B\u00f3nusz k\u00f3d<strong>WEL100 AMBA<\/strong>&nbsp;<\/li>\n<\/ol>\n\n\n\n<h3 class=\"wp-block-heading\" id=\"h-jrat-lt-si-b-nusz\">\u00dajrat\u00f6lt\u00e9si b\u00f3nusz<\/h3>\n\n\n\n<p>Slotamba kaszin\u00f3 b\u0151kez\u0171, 50%-os \u00fajrat\u00f6lt\u00e9si b\u00f3nuszt k\u00edn\u00e1l 200 \u20ac-ig. Ez a b\u00f3nusz hetente egyszer aktiv\u00e1lhat\u00f3 az \u201eAMBARLD\u201d prom\u00f3ci\u00f3s k\u00f3d haszn\u00e1lat\u00e1val, legal\u00e1bb 20 eur\u00f3s befizet\u00e9ssel. A b\u00f3nuszt 21 napon bel\u00fcl 40-szer meg kell fogadnia (b\u00f3nusz + befizet\u00e9s). Egy jutalomb\u00f3l sz\u00e1rmaz\u00f3 maxim\u00e1lis nyerem\u00e9ny a befizet\u00e9s \u00f6sszeg\u00e9nek 10-szerese.<\/p>\n\n\n\n<h3 class=\"wp-block-heading\" id=\"h-drops-wins\">Drops &amp; Wins<\/h3>\n\n\n\n<p>Tov\u00e1bb\u00e1,Slotamba kaszin\u00f3 b\u00f3nuszok rendszeres versenyek d\u00edjai. Az ilyen esem\u00e9nyeknek olyan ismert szolg\u00e1ltat\u00f3k adnak otthont, mint a Wazdan \u00e9s a Pragmatic Play Live. A versenyek nagy nyerem\u00e9nyalappal, b\u00f3nuszokkal \u00e9singyenes p\u00f6rget\u00e9seket. A szerencsej\u00e1t\u00e9kosoknak csak kellj\u00e1t\u00e9k nyer\u0151g\u00e9peket vagy \u00e9l\u0151 j\u00e1t\u00e9kokat, \u00e9s pontokat kaphat nyerem\u00e9nyek\u00e9rt vagy t\u00e9tek\u00e9rt, a felt\u00e9telekt\u0151l f\u00fcgg\u0151en. A rendezv\u00e9ny v\u00e9g\u00e9n pontokat sz\u00e1molnak, \u00e9s a legakt\u00edvabb r\u00e9sztvev\u0151k k\u00f6z\u00f6tt jutalmakat osztanak ki.<\/p>\n\n\n\n<h2 data-anchor=\"Enged\u00e9lyek-\ud83e\udeaa\" id=\"Enged\u00e9lyek-\ud83e\udeaa\" >Enged\u00e9lyek \u00e9s biztons\u00e1g<\/h2>\n\n\n\n<p>Aleg\u00e1lis A Slotamba online kaszin\u00f3 leg\u00e1lisan m\u0171k\u00f6dik Curacao haszn\u00e1lat\u00e1valenged\u00e9ly 1668\/JAZ. A kaszin\u00f3 a NewEra B.V. c\u00e9gn\u00e9l van bejegyezve, a Scharlooweg 39 U.13, Curacao c\u00edmen. Az oldal szigor\u00faan betartja a Felel\u0151ss\u00e9gteljes j\u00e1t\u00e9kra vonatkoz\u00f3 szab\u00e1lyzatot is, \u00e9s szak\u00e9rt\u0151ink er\u0151sen javasolj\u00e1k, hogy k\u00f6vesse ezeket a szab\u00e1lyokat a szerencsej\u00e1t\u00e9k-f\u00fcgg\u0151s\u00e9g elker\u00fcl\u00e9se \u00e9rdek\u00e9ben.<\/p>\n\n\n\n<h2 data-anchor=\"J\u00e1t\u00e9kok-\ud83c\udfb2\" id=\"J\u00e1t\u00e9kok-\ud83c\udfb2\" >Slotamba kaszin\u00f3 j\u00e1t\u00e9kok<\/h2>\n\n\n\n<p>Miut\u00e1n megkaptadSlotamba bejelentkez\u00e9s, a szerencsej\u00e1t\u00e9kok sz\u00e9les v\u00e1laszt\u00e9k\u00e1hoz f\u00e9rhet hozz\u00e1. P\u00e9ld\u00e1ul nyer\u0151g\u00e9pek, videop\u00f3ker, jackpot j\u00e1t\u00e9kok, rulett, blackjack, baccarat, craps, crash j\u00e1t\u00e9kok, kapar\u00f3s sorsjegyek, lott\u00f3, virtu\u00e1lis sportok, j\u00e1t\u00e9ktermek \u00e9s m\u00e9g sok m\u00e1s. A keres\u00e9si sz\u0171r\u0151knek \u00e9s a speci\u00e1lis szekci\u00f3knak k\u00f6sz\u00f6nhet\u0151en a szerencsej\u00e1t\u00e9kosok gyorsan megtal\u00e1lhatj\u00e1k kedvenc tartalmaikat, \u00e9s val\u00f3ban j\u00e1tszhatnakp\u00e9nz.<\/p>\n\n\n\n<ul>\n<li><strong>Nyer\u0151g\u00e9pek<\/strong><br>A Slotamb\u00e1bankaszin\u00f3 lobbyban hihetetlen nyer\u0151g\u00e9pekkel j\u00e1tszhat, amelyek a k\u00f6vetkez\u0151 r\u00e9szekben tal\u00e1lhat\u00f3k: Video Slots, Top, Jackpot, Book of Slots, Megaways, Casual, Legn\u00e9pszer\u0171bb \u00e9s Szolg\u00e1ltat\u00f3k. Minden slot tesztelhet\u0151 dem\u00f3 m\u00f3dban, ami nagyon hasznos az \u00fajoncok sz\u00e1m\u00e1ra. A Legn\u00e9pszer\u0171bb r\u00e9szben a k\u00f6vetkez\u0151 nyer\u0151g\u00e9peket tal\u00e1lod: Izzi Art a BGamingt\u0151l, Roadkill a NoLimit Cityt\u0151l, 10 Lucky Sevens a GameArtt\u00f3l, Kali Rox a BGamingt\u0151l \u00e9s Book of Faith a Wazdant\u00f3l.<\/li>\n\n\n\n<li><strong>Asztali j\u00e1t\u00e9kok<\/strong><br>Az asztali j\u00e1t\u00e9kok r\u00e9szben p\u00f3kerezhetnek, baccarat, craps, bing\u00f3, rulett \u00e9s blackjack. Ezek \u00e9s hasonl\u00f3 j\u00e1t\u00e9kok egyj\u00e1t\u00e9kos m\u00f3dban \u00e9rhet\u0151k el, \u00e9s dem\u00f3 m\u00f3dban is tesztelhet\u0151k. Igen, ez nem egy \u00e9l\u0151 form\u00e1tum, de az ilyen j\u00e1t\u00e9kokban nyugodtan \u00e9lvezheti a j\u00e1t\u00e9kmenetet.<\/li>\n\n\n\n<li><strong>Azonnali nyer\u0151 j\u00e1t\u00e9kok<\/strong><br>Az \u00fcgyfelek azonnali j\u00e1t\u00e9kokat is kipr\u00f3b\u00e1lhatnak, amelyek nagyon dinamikusak \u00e9s gyorsak. Hozz\u00e1f\u00e9rhetsz \u00f6sszeoml\u00e1si j\u00e1t\u00e9kokhoz, j\u00e1t\u00e9ktermekhez, b\u00e1ny\u00e1szhoz, plink\u00f3hoz, kapar\u00f3s sorsjegyekhez \u00e9s mini nyer\u0151g\u00e9pekhez. A megfigyel\u00e9sek alapj\u00e1n azt vett\u00fck \u00e9szre, hogy a BGaming Plinko \u00e9s a Spribe Aviator m\u00e1ra a j\u00e1t\u00e9kosok kedvencei.<\/li>\n<\/ul>\n\n\n\n<h3 class=\"wp-block-heading\">\u00c9l\u0151 j\u00e1t\u00e9kok<\/h3>\n\n\n\n<p>A Slotamba online kaszin\u00f3nak van egy nagyszer\u0171 r\u00e9sze \u00e9l\u0151 j\u00e1t\u00e9kokkal, ahol a fogad\u00f3k az oszt\u00f3kkal egy\u00fctt j\u00e1tszhatnak minden n\u00e9pszer\u0171 j\u00e1t\u00e9kot. Az ilyen j\u00e1t\u00e9kokban az \u00fcgyfelek online chaten kereszt\u00fcl kommunik\u00e1lhatnak egym\u00e1ssal, \u00e9s k\u00e9rd\u00e9seket tehetnek fel a keresked\u0151nek. A klasszikus t\u00e1rsasj\u00e1t\u00e9kokon k\u00edv\u00fcl a szerencsej\u00e1t\u00e9kosok hozz\u00e1f\u00e9rhetnek a 3D-s grafik\u00e1t tartalmaz\u00f3 TV-m\u0171sorokhoz, tov\u00e1bbi szintekhez video slot form\u00e1j\u00e1ban \u00e9s b\u00f3nusz funkci\u00f3khoz. A k\u00f6vetkez\u0151 szoftverek \u00e9rdekelhetik: XXXtreme Lightning Roulette az Evolutiont\u00f3l, MONOPOLY Big Baller az Evolutiont\u00f3l, Craps az Evolutiont\u00f3l, Limitless Blackjack a VivoGamingt\u0151l \u00e9s Live BOOM CITY a Pragmatic Live-t\u00f3l.<\/p>\n\n\n\n            <div class=\"casinoGames d-flex align-items-start\">\n                <div class=\"casinoGames-big grayBgBlock text-center\">4000+ <p>J\u00e1t\u00e9kok<\/p><\/div>\n                <ul class=\"casinoGames-other d-flex flex-wrap\"><li class=\"d-flex align-items-center justify-content-between\"><span class=\"text\">Nyer\u0151g\u00e9pek<\/span><span class=\"grayBgBlock\">3000+<\/span><\/li><li class=\"d-flex align-items-center justify-content-between\"><span class=\"text\">Video P\u00f3ker<\/span><span class=\"grayBgBlock\">15+<\/span><\/li><li class=\"d-flex align-items-center justify-content-between\"><span class=\"text\">Baccarat<\/span><span class=\"grayBgBlock\">11+<\/span><\/li><li class=\"d-flex align-items-center justify-content-between\"><span class=\"text\">Rulett<\/span><span class=\"grayBgBlock\">28+<\/span><\/li><li class=\"d-flex align-items-center justify-content-between\"><span class=\"text\">Blackjack<\/span><span class=\"grayBgBlock\">34+<\/span><\/li><li class=\"d-flex align-items-center justify-content-between\"><span class=\"text\">P\u00f3ker<\/span><span class=\"grayBgBlock\">7+<\/span><\/li><li class=\"d-flex align-items-center justify-content-between\"><span class=\"text\">Bingo<\/span><span class=\"grayBgBlock\">2+<\/span><\/li><li class=\"d-flex align-items-center justify-content-between\"><span class=\"text\">\u00c9l\u0151 j\u00e1t\u00e9kok<\/span><span class=\"grayBgBlock\">26+<\/span><\/li><\/ul>\n            <\/div>\n        \n\n\n\n<h2 data-anchor=\"Szoftver-\u2699\ufe0f\" id=\"Szoftver-\u2699\ufe0f\" >Kaszin\u00f3 szoftver<\/h2>\n\n\n\n<p>A Slotamba online kaszin\u00f3 a szerencsej\u00e1t\u00e9kok sz\u00e9les v\u00e1laszt\u00e9k\u00e1t k\u00edn\u00e1lja, amelyek t\u00f6bb mint 70 licencelt iGamingt\u0151l sz\u00e1rmaznak.Internet szolg\u00e1ltat\u00f3k. Minden v\u00e1llalat rendelkezik f\u00fcggetlen laborat\u00f3riumok enged\u00e9ly\u00e9vel \u00e9s tan\u00fas\u00edtv\u00e1nnyal. Ennek eredm\u00e9nyek\u00e9nt az eredeti j\u00e1t\u00e9kokhoz optim\u00e1lis hozz\u00e1f\u00e9r\u00e9st kapRTP \u00e9s nagyvonal\u00fa kifizet\u00e9sek alapj\u00e1n alegjobb j\u00e1t\u00e9k mechanika:<\/p>\n\n\n\n<ul>\n<li>Pragmatic Play, Red Tiger, Play&#8217;n GO, NetEnt, Gamomat, Betsoft, Endorphina, Games Global, Spinomenal, Elk Studios, Big Time Gaming, Thunderkick, Quickspin, Wazdan, BGaming, Nolimit City, Evoplay, Evolution, Booming Games, Habanero , Kalamba Games, Givme Games, Yggdrasil \u00e9s m\u00e9g sok m\u00e1s.<\/li>\n<\/ul>\n\n\n\n<h2 data-anchor=\"Mobil-Slotamba-\ud83d\udcf2\" id=\"Mobil-Slotamba-\ud83d\udcf2\" >Mobil Slotamba<\/h2>\n\n\n\n<p>Slotamba kaszin\u00f3 mobil optimaliz\u00e1l\u00e1s lehet\u0151v\u00e9 teszi a szerencsej\u00e1t\u00e9kosok sz\u00e1m\u00e1ra a t\u00e1rcs\u00e1k p\u00f6rget\u00e9s\u00e9t \u00e9s a k\u00e1rtyaj\u00e1t\u00e9kok haszn\u00e1lat\u00e1tiPhone \u00e9sAndroid okostelefonok. Maga az oldal j\u00f3l optimaliz\u00e1lt minden eszk\u00f6zre, mind PC-re, mindMobil k\u00e9sz\u00fcl\u00e9kek. Az oldalon bemutatott j\u00e1t\u00e9kok HTML5 felhaszn\u00e1l\u00e1s\u00e1val k\u00e9sz\u00fcltek, ez teszi mobilbar\u00e1tt\u00e1 a tartalmat, amit t\u00f6bb hordozhat\u00f3 eszk\u00f6z\u00f6n tesztel\u0151 szakembereink is bebizony\u00edtottak. B\u00e1r aSlotamba kaszin\u00f3 alkalmaz\u00e1s nem t\u00f6lthet\u0151 le, a szerencsej\u00e1t\u00e9kosok l\u00e9trehozhatnak egy parancsikont a kaszin\u00f3 oldal\u00e1ra, ami nagyon k\u00e9nyelmes.<\/p>\n\n\n\n<h2 data-anchor=\"Fizet\u00e9si-m\u00f3dok-\u2696\ufe0f\" id=\"Fizet\u00e9si-m\u00f3dok-\u2696\ufe0f\" >Slotamba &#8211; ellen\u0151rz\u00f6tt fizet\u00e9si m\u00f3dok<\/h2>\n\n\n\n<p>Sz\u00edvesen elk\u00e9sz\u00edtheti aSlotamba kaszin\u00f3 az \u00f6sszes biztons\u00e1gos \u00e9s n\u00e9pszer\u0171 fizet\u00e9si rendszerrel. ASlotamba kaszin\u00f3visszavonulni folyamat ugyanazon a m\u00f3dszeren megy kereszt\u00fcl, mint alet\u00e9t, \u00e9s ami a legfontosabb, nem fizet jutal\u00e9kot. A nyerem\u00e9nyek kifizet\u00e9s\u00e9nek \u00e1tlagos ideje legfeljebb 2 nap, de \u00e1ltal\u00e1ban avisszavon\u00e1s ak\u00e1r 24 \u00f3r\u00e1t is ig\u00e9nybe vesz, \u00e9s kutat\u00e1sunk sor\u00e1n azt szoktukk\u00e9szp\u00e9nzben 1-3 \u00f3r\u00e1n bel\u00fcl.<\/p>\n\n\n\n<figure class=\"wp-block-table is-style-stripes\"><table><tbody><tr><td><strong>Befizet\u00e9si m\u00f3dok<\/strong><\/td><td>Visa, Maestro, MasterCard, Paysafe Card, Rapid Transfer, Skrill, Banki \u00e1tutal\u00e1s, Bitcoin, Bitcoin Cash, Dogecoin, Litecoin, Tether, Ethereum, Ripple, Neteller, CashtoCode, Jeton, AstroPay k\u00e1rtya, MiFinity, eZeeWallet,, Binance, Interac Payz, Jeton.<\/td><\/tr><tr><td><strong>Kivon\u00e1si m\u00f3dok<\/strong><\/td><td>Visa, Maestro, MasterCard, Skrill, Neteller, Banki \u00e1tutal\u00e1s, Gyors \u00e1tutal\u00e1s, MiFinity, eZeeWallet, Bitcoin, Bitcoin Cash, Dogecoin, Litecoin, Ethereum, Tether, Ripple, Interac, Payz.<\/td><\/tr><tr><td><strong>Minim\u00e1lis befizet\u00e9s<\/strong><\/td><td>10 \u20ac<\/td><\/tr><tr><td><strong>Kivon\u00e1si korl\u00e1tok<\/strong><\/td><td>5000 \u20ac hetente<\/td><\/tr><tr><td><strong>Bet\u00e9ti d\u00edjak<\/strong><\/td><td>Nem<\/td><\/tr><tr><td><strong>P\u00e9nznemek<\/strong><\/td><td>USD, EUR, GBP, CAD, CHF, JPY, BRL, HUF, NOK<\/td><\/tr><\/tbody><\/table><\/figure>\n\n\n\n<h2 data-anchor=\"\u00dcgyf\u00e9lszolg\u00e1lat-\ud83d\udcde\" id=\"\u00dcgyf\u00e9lszolg\u00e1lat-\ud83d\udcde\" >Milyen az \u00fcgyf\u00e9lszolg\u00e1lat a Slotamb\u00e1?<\/h2>\n\n\n\n<p>A Slotamba weboldal\u00e1nak l\u00e1bl\u00e9c\u00e9ben egy kib\u0151v\u00edtett szakasz tal\u00e1lhat\u00f3 szab\u00e1lyokkal \u00e9s felt\u00e9telekkel, ahol a j\u00e1t\u00e9kosok sok hasznos r\u00e9szletet megtudhatnak a fizet\u00e9si rendszerekr\u0151l, b\u00f3nuszokr\u00f3l \u00e9s versenyszab\u00e1lyokr\u00f3l. Van egy GYIK r\u00e9sz is, ahol minden sz\u00fcks\u00e9ges v\u00e1laszt megtal\u00e1l a k\u00e9rd\u00e9sre. A k\u00f6vetkez\u0151 m\u00f3dszerekkel l\u00e9phet kapcsolatba a kaszin\u00f3technik\u00e1valt\u00e1mogat\u00e1s:<\/p>\n\n\n\n<ul>\n<li>Online chat 24\/7<\/li>\n\n\n\n<li>Email:<a href=\"mailto:support@slotamba.com\">support@slotamba.com<\/a>&nbsp;<\/li>\n<\/ul>\n\n\n\n            <div class='contains-btn js-containsBtn mobile text-center'>Tartalomjegyz\u00e9k<\/div>\n            <div id='contains' class='flex-wrap js-contains'>\n            <ul>\n        <li><a href=\"#El\u0151ny\u00f6k-\u00e9s-h\u00e1tr\u00e1nyok-\u2795\u2796\">El\u0151ny\u00f6k \u00e9s h\u00e1tr\u00e1nyok \u2795\u2796<\/a><\/li><li><a href=\"#Regisztr\u00e1ci\u00f3-\ud83d\udcbb\">Regisztr\u00e1ci\u00f3 \ud83d\udcbb<\/a><\/li><li><a href=\"#B\u00f3nuszok-\ud83c\udf81\">B\u00f3nuszok \ud83c\udf81<\/a><\/li><li><a href=\"#Enged\u00e9lyek-\ud83e\udeaa\">Enged\u00e9lyek \ud83e\udeaa<\/a><\/li><li><a href=\"#J\u00e1t\u00e9kok-\ud83c\udfb2\">J\u00e1t\u00e9kok \ud83c\udfb2<\/a><\/li><li><a href=\"#Szoftver-\u2699\ufe0f\">Szoftver \u2699\ufe0f<\/a><\/li><li><a href=\"#Mobil-Slotamba-\ud83d\udcf2\">Mobil Slotamba \ud83d\udcf2<\/a><\/li><li><a href=\"#Fizet\u00e9si-m\u00f3dok-\u2696\ufe0f\">Fizet\u00e9si m\u00f3dok \u2696\ufe0f<\/a><\/li><li><a href=\"#\u00dcgyf\u00e9lszolg\u00e1lat-\ud83d\udcde\">\u00dcgyf\u00e9lszolg\u00e1lat \ud83d\udcde<\/a><\/li><li><a href=\"#FAQ-\u2753\">FAQ \u2753<\/a><\/li><\/ul>              \n            <\/div><div class='containsMore text-center desktop'>\n                <img src='https:\/\/onlinecasinoprofy.com\/hu\/wp-content\/themes\/casinoprofy\/static\/images\/up_arrow.svg' class='js-containsMore up' alt='arrow icon' width='22' height='22'>\n            <\/div>  \n","protected":false},"excerpt":{"rendered":"","protected":false},"author":20,"featured_media":400,"parent":0,"menu_order":0,"comment_status":"closed","ping_status":"closed","template":"casinos.php","meta":{"footnotes":""},"categories":[],"tags":[],"acf":[],"yoast_head":"<!-- This site is optimized with the Yoast SEO Premium plugin v20.8 (Yoast SEO v21.6) - https:\/\/yoast.com\/wordpress\/plugins\/seo\/ -->\n<title>Slotamba Casino teszt \u00e9s \u00e1ttekint\u00e9s: ak\u00e1r 1000 \u20ac regisztr\u00e1ci\u00f3hoz \ud83c\udf1f<\/title>\n<meta name=\"description\" content=\"Az OnlineCasinoProfy szak\u00e9rt\u0151i tesztelik a Slotamba Casinot: kisiklott \u00e9rt\u00e9kel\u00e9s, ak\u00e1r 1000 \u20ac-ig terjed\u0151 legjobb b\u00f3nuszok \u00e9s fogad\u00e1si felt\u00e9telek! \ud83d\udc8e\" \/>\n<meta name=\"robots\" content=\"index, follow, max-snippet:-1, max-image-preview:large, max-video-preview:-1\" \/>\n<link rel=\"canonical\" href=\"https:\/\/onlinecasinoprofy.com\/hu\/wp-json\/wp\/v2\/pages\/399\/\" \/>\n<meta property=\"og:locale\" content=\"hu_HU\" \/>\n<meta property=\"og:type\" content=\"article\" \/>\n<meta property=\"og:title\" content=\"Slotamba Casino\" \/>\n<meta property=\"og:description\" content=\"Az OnlineCasinoProfy szak\u00e9rt\u0151i tesztelik a Slotamba Casinot: kisiklott \u00e9rt\u00e9kel\u00e9s, ak\u00e1r 1000 \u20ac-ig terjed\u0151 legjobb b\u00f3nuszok \u00e9s fogad\u00e1si felt\u00e9telek! \ud83d\udc8e\" \/>\n<meta property=\"og:url\" content=\"https:\/\/onlinecasinoprofy.com\/hu\/slotamba-casino\/\" \/>\n<meta property=\"og:site_name\" content=\"CasinoProfy HU\" \/>\n<meta property=\"article:modified_time\" content=\"2023-11-30T10:47:32+00:00\" \/>\n<meta property=\"og:image\" content=\"https:\/\/onlinecasinoprofy.com\/hu\/wp-content\/uploads\/sites\/17\/2023\/11\/slotamba-casino-logo-1.png\" \/>\n\t<meta property=\"og:image:width\" content=\"400\" \/>\n\t<meta property=\"og:image:height\" content=\"400\" \/>\n\t<meta property=\"og:image:type\" content=\"image\/png\" \/>\n<meta name=\"twitter:card\" content=\"summary_large_image\" \/>\n<meta name=\"twitter:label1\" content=\"Becs\u00fclt olvas\u00e1si id\u0151\" \/>\n\t<meta name=\"twitter:data1\" content=\"5 perc\" \/>\n<!-- \/ Yoast SEO Premium plugin. -->","yoast_head_json":{"title":"Slotamba Casino teszt \u00e9s \u00e1ttekint\u00e9s: ak\u00e1r 1000 \u20ac regisztr\u00e1ci\u00f3hoz \ud83c\udf1f","description":"Az OnlineCasinoProfy szak\u00e9rt\u0151i tesztelik a Slotamba Casinot: kisiklott \u00e9rt\u00e9kel\u00e9s, ak\u00e1r 1000 \u20ac-ig terjed\u0151 legjobb b\u00f3nuszok \u00e9s fogad\u00e1si felt\u00e9telek! \ud83d\udc8e","robots":{"index":"index","follow":"follow","max-snippet":"max-snippet:-1","max-image-preview":"max-image-preview:large","max-video-preview":"max-video-preview:-1"},"canonical":"https:\/\/onlinecasinoprofy.com\/hu\/wp-json\/wp\/v2\/pages\/399\/","og_locale":"hu_HU","og_type":"article","og_title":"Slotamba Casino","og_description":"Az OnlineCasinoProfy szak\u00e9rt\u0151i tesztelik a Slotamba Casinot: kisiklott \u00e9rt\u00e9kel\u00e9s, ak\u00e1r 1000 \u20ac-ig terjed\u0151 legjobb b\u00f3nuszok \u00e9s fogad\u00e1si felt\u00e9telek! \ud83d\udc8e","og_url":"https:\/\/onlinecasinoprofy.com\/hu\/slotamba-casino\/","og_site_name":"CasinoProfy HU","article_modified_time":"2023-11-30T10:47:32+00:00","og_image":[{"width":400,"height":400,"url":"https:\/\/onlinecasinoprofy.com\/hu\/wp-content\/uploads\/sites\/17\/2023\/11\/slotamba-casino-logo-1.png","type":"image\/png"}],"twitter_card":"summary_large_image","twitter_misc":{"Becs\u00fclt olvas\u00e1si id\u0151":"5 perc"},"schema":{"@context":"https:\/\/schema.org","@graph":[{"@type":"WebPage","@id":"https:\/\/onlinecasinoprofy.com\/hu\/slotamba-casino\/","url":"https:\/\/onlinecasinoprofy.com\/hu\/slotamba-casino\/","name":"Slotamba Casino teszt \u00e9s \u00e1ttekint\u00e9s: ak\u00e1r 1000 \u20ac regisztr\u00e1ci\u00f3hoz \ud83c\udf1f","isPartOf":{"@id":"https:\/\/onlinecasinoprofy.com\/hu\/#website"},"datePublished":"2023-11-21T10:34:42+00:00","dateModified":"2023-11-30T10:47:32+00:00","description":"Az OnlineCasinoProfy szak\u00e9rt\u0151i tesztelik a Slotamba Casinot: kisiklott \u00e9rt\u00e9kel\u00e9s, ak\u00e1r 1000 \u20ac-ig terjed\u0151 legjobb b\u00f3nuszok \u00e9s fogad\u00e1si felt\u00e9telek! \ud83d\udc8e","inLanguage":"hu","potentialAction":[{"@type":"ReadAction","target":["https:\/\/onlinecasinoprofy.com\/hu\/slotamba-casino\/"]}]},{"@type":"WebSite","@id":"https:\/\/onlinecasinoprofy.com\/hu\/#website","url":"https:\/\/onlinecasinoprofy.com\/hu\/","name":"CasinoProfy HU","description":"\u041f\u0440\u043e\u0441\u0442\u043e \u0449\u0435 \u043e\u0434\u0438\u043d CasinoProfy Sites \u0441\u0430\u0439\u0442","inLanguage":"hu"}]}},"_links":{"self":[{"href":"https:\/\/onlinecasinoprofy.com\/hu\/wp-json\/wp\/v2\/pages\/399"}],"collection":[{"href":"https:\/\/onlinecasinoprofy.com\/hu\/wp-json\/wp\/v2\/pages"}],"about":[{"href":"https:\/\/onlinecasinoprofy.com\/hu\/wp-json\/wp\/v2\/types\/page"}],"author":[{"embeddable":true,"href":"https:\/\/onlinecasinoprofy.com\/hu\/wp-json\/wp\/v2\/users\/20"}],"replies":[{"embeddable":true,"href":"https:\/\/onlinecasinoprofy.com\/hu\/wp-json\/wp\/v2\/comments?post=399"}],"version-history":[{"count":0,"href":"https:\/\/onlinecasinoprofy.com\/hu\/wp-json\/wp\/v2\/pages\/399\/revisions"}],"wp:featuredmedia":[{"embeddable":true,"href":"https:\/\/onlinecasinoprofy.com\/hu\/wp-json\/wp\/v2\/media\/400"}],"wp:attachment":[{"href":"https:\/\/onlinecasinoprofy.com\/hu\/wp-json\/wp\/v2\/media?parent=399"}],"wp:term":[{"taxonomy":"category","embeddable":true,"href":"https:\/\/onlinecasinoprofy.com\/hu\/wp-json\/wp\/v2\/categories?post=399"},{"taxonomy":"post_tag","embeddable":true,"href":"https:\/\/onlinecasinoprofy.com\/hu\/wp-json\/wp\/v2\/tags?post=399"}],"curies":[{"name":"wp","href":"https:\/\/api.w.org\/{rel}","templated":true}]}}