{"id":115,"date":"2023-01-18T16:50:05","date_gmt":"2023-01-18T14:50:05","guid":{"rendered":"https:\/\/onlinecasinoprofy.com\/lv\/?post_type=casinos&#038;p=115"},"modified":"2023-02-13T16:10:09","modified_gmt":"2023-02-13T14:10:09","slug":"cosmicslot-casino","status":"publish","type":"page","link":"https:\/\/onlinecasinoprofy.com\/lv\/cosmicslot-casino\/","title":{"rendered":"CosmicSlot Casino"},"content":{"rendered":"\n<p>Cosmic Slot p\u0101rvalda Altacore N.V. Casino pied\u0101v\u0101 tikai lab\u0101k\u0101s pieejam\u0101s tie\u0161saistes sp\u0113les. Sp\u0113l\u0113t\u0101ji var ieg\u016bt neaizmirstamu azartsp\u0113\u013cu pieredzi Live Casino. Cosmic Slot ir vair\u0101k nek\u0101 3100 tie\u0161saistes sp\u0113\u013cu, tostarp sp\u0113\u013cu autom\u0101ti, rulete, n\u016bju un citas. Kazino atbalsta t\u0113rz\u0113\u0161ana tie\u0161raid\u0113 ir vienm\u0113r pieejama, laipna un profesion\u0101la. Sp\u0113l\u0113t\u0101jiem ir vair\u0101kas iesp\u0113jas sa\u0146emt pal\u012bdz\u012bbu un konsult\u0101cijas. Kazino ir nor\u0101d\u012bts t\u0101lru\u0146a numurs un da\u017eas e-pasta adreses. Cosmic Slot \u013cauj sp\u0113l\u0113t\u0101jiem izmantot Bitcoin, Ethereum, Tether, Litecoin, Dogecoin un da\u017eus citus. Cosmic Slot saviem sp\u0113l\u0113t\u0101jiem pied\u0101v\u0101 lielu sp\u0113\u013cu katalogu, lielu valodu kl\u0101stu un da\u017e\u0101das maks\u0101jumu metodes.<\/p>\n\n\n\n<h2 class=\"wp-block-heading\" id=\"h-priek-roc-bas-un-tr-kumi\"><strong>Priek\u0161roc\u012bbas un tr\u016bkumi<\/strong><\/h2>\n\n\n\n<figure class=\"wp-block-table is-style-stripes\"><table><thead><tr><th class=\"has-text-align-center\" data-align=\"center\"><strong>Priek\u0161roc\u012bbas<\/strong><\/th><th class=\"has-text-align-center\" data-align=\"center\"><strong>Tr\u016bkumi<\/strong><\/th><\/tr><\/thead><tbody><tr><td class=\"has-text-align-center\" data-align=\"center\">Lietot\u0101jam draudz\u012bga t\u012bmek\u013ca vietne;<\/td><td class=\"has-text-align-center\" data-align=\"center\">Ne visiem \u0123eogr\u0101fiskajiem apgabaliem ir at\u013cauts sp\u0113l\u0113t.<\/td><\/tr><tr><td class=\"has-text-align-center\" data-align=\"center\">D\u0101sns tr\u012bsda\u013c\u012bgs sagaid\u012b\u0161anas bonuss;<\/td><td class=\"has-text-align-center\" data-align=\"center\"><\/td><\/tr><tr><td class=\"has-text-align-center\" data-align=\"center\">Milz\u012bga sp\u0113\u013cu kolekcija;<\/td><td class=\"has-text-align-center\" data-align=\"center\"><\/td><\/tr><tr><td class=\"has-text-align-center\" data-align=\"center\">Mobilaj\u0101m ier\u012bc\u0113m draudz\u012bgas sp\u0113les;<\/td><td class=\"has-text-align-center\" data-align=\"center\"><\/td><\/tr><\/tbody><\/table><\/figure>\n\n\n\n<h2 data-anchor=\"Re\u0123istr\u0101cija-\ud83d\udd8c\" id=\"Re\u0123istr\u0101cija-\ud83d\udd8c\"><strong>Re\u0123istr\u0101cija Cosmic Slot Casino<\/strong><\/h2>\n\n\n\n<p><strong>Re\u0123istr\u0101cija Cosmic Slot kazino:<\/strong><\/p>\n\n\n\n<div class=\"wp-block-columns is-layout-flex wp-container-core-columns-is-layout-1 wp-block-columns-is-layout-flex\">\n<div class=\"wp-block-column is-layout-flow wp-block-column-is-layout-flow\">\n<ul>\n<li>Aug\u0161\u0113j\u0101 labaj\u0101 st\u016br\u012b noklik\u0161\u0137iniet uz apak\u0161\u0113j\u0101 Re\u0123istr\u0101cija.<\/li>\n<\/ul>\n<\/div>\n\n\n\n<div class=\"wp-block-column is-layout-flow wp-block-column-is-layout-flow\">\n<ul>\n<li>Levadiet savu e-pasta adresi un paroli, izv\u0113lieties valsti un val\u016btas.&nbsp;<\/li>\n<\/ul>\n<\/div>\n\n\n\n<div class=\"wp-block-column is-layout-flow wp-block-column-is-layout-flow\">\n<ul>\n<li>P\u0113c tam varat izv\u0113l\u0113ties iemaksas metodi un ievad\u012bt iemaksas summu.<\/li>\n<\/ul>\n<\/div>\n<\/div>\n\n\n<div class=\"wp-block-image\">\n<figure class=\"alignright size-full is-resized\"><img loading=\"lazy\" decoding=\"async\" src=\"https:\/\/onlinecasinoprofy.com\/lv\/wp-content\/uploads\/sites\/18\/2022\/12\/bonus-2.png\" alt=\"bonus\" class=\"wp-image-23\" width=\"390\" height=\"366\" srcset=\"https:\/\/onlinecasinoprofy.com\/lv\/wp-content\/uploads\/sites\/18\/2022\/12\/bonus-2.png 426w, https:\/\/onlinecasinoprofy.com\/lv\/wp-content\/uploads\/sites\/18\/2022\/12\/bonus-2-29x27.png 29w, https:\/\/onlinecasinoprofy.com\/lv\/wp-content\/uploads\/sites\/18\/2022\/12\/bonus-2-60x56.png 60w, https:\/\/onlinecasinoprofy.com\/lv\/wp-content\/uploads\/sites\/18\/2022\/12\/bonus-2-40x38.png 40w, https:\/\/onlinecasinoprofy.com\/lv\/wp-content\/uploads\/sites\/18\/2022\/12\/bonus-2-300x282.png 300w\" sizes=\"(max-width: 390px) 100vw, 390px\" \/><\/figure><\/div>\n\n\n<h2 data-anchor=\"Bonusi-\ud83c\udf81\" id=\"Bonusi-\ud83c\udf81\"><strong>Bonusi un akcijas<\/strong><\/h2>\n\n\n\n<p><strong>Atzin\u012bbas bonuss<\/strong>:<\/p>\n\n\n\n<ul>\n<li><strong>1. <strong>depoz\u012bts<\/strong> <\/strong>no 20 EUR &#8211; 100% l\u012bdz 500 EUR + 100 FS.<\/li>\n\n\n\n<li><strong>2. depoz\u012bts <\/strong>no 20 EUR &#8211; 50% l\u012bdz 1000 EUR + 50 FS.<\/li>\n\n\n\n<li><strong>3. depoz\u012bts <\/strong>no 20 EUR &#8211; 25 % l\u012bdz 1500 EUR + 25 FS.<\/li>\n\n\n\n<li><strong>4. depoz\u012bts <\/strong>no 20 EUR &#8211; 77 % l\u012bdz 500 EUR + 25 FS.<\/li>\n<\/ul>\n\n\n\n<p><strong>Ikned\u0113\u013cas naudas atmaksa:<\/strong> 10% l\u012bdz 300 \u20ac.<br><strong>Papildin\u0101\u0161anas bonuss:<\/strong> 50 FS par minim\u0101lo tre\u0161dienas iemaksu \u20ac25.<br><strong>Ned\u0113\u013cas nogales bonuss:<\/strong> 50% l\u012bdz \u20ac100 + 50 bezmaksas griezieni katru piektdienu.<br><strong>Lojalit\u0101tes programma:<\/strong> 7% Cosmic Coins par katru iemaksu<\/p>\n\n\n\n<h2 data-anchor=\"Licences-\u2696\ufe0f\" id=\"Licences-\u2696\ufe0f\"><strong>Licence un dro\u0161\u012bba<\/strong><\/h2>\n\n\n\n<p>Licence ir viens no galvenajiem laba kazino faktoriem. \u0160is kazino ir licenc\u0113ts ar Kirasao licenci Nr. 8048\/JAZ.<\/p>\n\n\n\n<h2 data-anchor=\"Sp\u0113les-\ud83c\udfb0\" id=\"Sp\u0113les-\ud83c\udfb0\"><strong>Kazino sp\u0113les<\/strong><\/h2>\n\n\n\n<p>Cosmic Slot ir vair\u0101k nek\u0101 3100 sp\u0113\u013cu. Kazino pied\u0101v\u0101 sp\u0113\u013cu autom\u0101tus, galda sp\u0113les un dz\u012bv\u0101s kazino. Pa\u0161laik kazino str\u0101d\u0101 ar lab\u0101kajiem pakalpojumu sniedz\u0113jiem. Sp\u0113l\u0113t\u0101ji var sp\u0113l\u0113t t\u0101das karstas sp\u0113les k\u0101 Money Train 2, Temple Tumble, Deadwood, Bompers, Knight&#8217;s Life, Respin Circus, Primal Hunt, Book of Aztec, Sweet Crush, Black Mummy, Total Overdrive, Mystic Hive, Quest to the West, Take the Bank, Wolf Moon Rising, Gemmed, Viking Voyage, ChilliPop un t\u016bksto\u0161iem citu. Live kazino sada\u013c\u0101 sp\u0113l\u0113t\u0101ji var izv\u0113l\u0113ties starp Dream Catcher, Blackjack, Roulette, Double Ball, Baccarat, Megaball, Deal-or-No-deal un cit\u0101m sp\u0113l\u0113m.<\/p>\n\n\n\n            <div class=\"casinoGames d-flex align-items-start\">\n                <div class=\"casinoGames-big grayBgBlock text-center\">3100+ <p>Sp\u0113les<\/p><\/div>\n                <ul class=\"casinoGames-other d-flex flex-wrap\"><li class=\"d-flex align-items-center justify-content-between\"><span class=\"text\">Sp\u0113\u013cu autom\u0101ti<\/span><span class=\"grayBgBlock\">2500+<\/span><\/li><li class=\"d-flex align-items-center justify-content-between\"><span class=\"text\">Video Pokers<\/span><span class=\"grayBgBlock\">2<\/span><\/li><li class=\"d-flex align-items-center justify-content-between\"><span class=\"text\">Bakara<\/span><span class=\"grayBgBlock\">25<\/span><\/li><li class=\"d-flex align-items-center justify-content-between\"><span class=\"text\">Rulete<\/span><span class=\"grayBgBlock\">25<\/span><\/li><li class=\"d-flex align-items-center justify-content-between\"><span class=\"text\">Blekd\u017eeks<\/span><span class=\"grayBgBlock\">25<\/span><\/li><li class=\"d-flex align-items-center justify-content-between\"><span class=\"text\">Pokers<\/span><span class=\"grayBgBlock\">25<\/span><\/li><li class=\"d-flex align-items-center justify-content-between\"><span class=\"text\">Bingo<\/span><span class=\"grayBgBlock\">25<\/span><\/li><li class=\"d-flex align-items-center justify-content-between\"><span class=\"text\">Live kazino sp\u0113le<\/span><span class=\"grayBgBlock\">280<\/span><\/li><\/ul>\n            <\/div>\n        \n\n\n<div class=\"wp-block-image\">\n<figure class=\"alignright size-full is-resized\"><img loading=\"lazy\" decoding=\"async\" src=\"https:\/\/onlinecasinoprofy.com\/lv\/wp-content\/uploads\/sites\/18\/2022\/12\/support-2.png\" alt=\"support\" class=\"wp-image-63\" width=\"455\" height=\"301\" srcset=\"https:\/\/onlinecasinoprofy.com\/lv\/wp-content\/uploads\/sites\/18\/2022\/12\/support-2.png 605w, https:\/\/onlinecasinoprofy.com\/lv\/wp-content\/uploads\/sites\/18\/2022\/12\/support-2-41x27.png 41w, https:\/\/onlinecasinoprofy.com\/lv\/wp-content\/uploads\/sites\/18\/2022\/12\/support-2-60x40.png 60w, https:\/\/onlinecasinoprofy.com\/lv\/wp-content\/uploads\/sites\/18\/2022\/12\/support-2-40x26.png 40w, https:\/\/onlinecasinoprofy.com\/lv\/wp-content\/uploads\/sites\/18\/2022\/12\/support-2-300x198.png 300w\" sizes=\"(max-width: 455px) 100vw, 455px\" \/><\/figure><\/div>\n\n\n<h2 class=\"wp-block-heading\" data-anchor=\"Programmat\u016bra-\u2699\ufe0f\" id=\"Programmat\u016bra-\u2699\ufe0f\"><strong>Sp\u0113\u013cu nodro\u0161in\u0101t\u0101ji<\/strong><\/h2>\n\n\n\n<p>Yggdrasil, OrientalGame, AsiaGaming, SAgaming, PragmaticPlay, Push Gaming, Relax, Netent, ELK, QuickSpin, Evolution, Ezugi, 1&#215;2 Gaming, iSoftBet, EGT, RedTiger, BetSoft, PariPlay, BluePrint Gaming, NoLimit City, GameArt, Booming Game, Wazdan, Edict, TomHorn, Habanero, VivoGaming, RedRake Gaming, Platipus, Playson, Boongo, BetSoft, ThunderKick, DLV, ReelNRG , SpinoMenal, TrueLab, Casino Technology, BGaming, RevolverGaming, Triple Cherry, OneTouch, Ganapati, XPG, EvoPlay, LottoInstantWin, NetGame, Mascote, Endorphina, Play n Go.<\/p>\n\n\n\n<h2 class=\"wp-block-heading\" id=\"h-cosmic-slot-casino-mobile\"><strong>Cosmic Slot Casino Mobile<\/strong><\/h2>\n\n\n\n<p>Ir pieejama mobil\u0101 lietotne. T\u0101tad j\u016bs varat viegli sp\u0113l\u0113t jebkur\u0101 \u0113rt\u0101 viet\u0101.<\/p>\n\n\n\n<h2 data-anchor=\"Maks\u0101jumu-Metodes-\ud83d\udcb8\" id=\"Maks\u0101jumu-Metodes-\ud83d\udcb8\"><strong>Cosmic Slot kazino &#8211; maks\u0101jumu metode<\/strong><\/h2>\n\n\n\n<div class=\"wp-block-columns is-layout-flex wp-container-core-columns-is-layout-2 wp-block-columns-is-layout-flex\">\n<div class=\"wp-block-column is-layout-flow wp-block-column-is-layout-flow\">\n<figure class=\"wp-block-image size-full\"><img loading=\"lazy\" decoding=\"async\" width=\"419\" height=\"400\" src=\"https:\/\/onlinecasinoprofy.com\/lv\/wp-content\/uploads\/sites\/18\/2022\/12\/payment-2.png\" alt=\"payment\" class=\"wp-image-51\" srcset=\"https:\/\/onlinecasinoprofy.com\/lv\/wp-content\/uploads\/sites\/18\/2022\/12\/payment-2.png 419w, https:\/\/onlinecasinoprofy.com\/lv\/wp-content\/uploads\/sites\/18\/2022\/12\/payment-2-28x27.png 28w, https:\/\/onlinecasinoprofy.com\/lv\/wp-content\/uploads\/sites\/18\/2022\/12\/payment-2-60x57.png 60w, https:\/\/onlinecasinoprofy.com\/lv\/wp-content\/uploads\/sites\/18\/2022\/12\/payment-2-40x38.png 40w, https:\/\/onlinecasinoprofy.com\/lv\/wp-content\/uploads\/sites\/18\/2022\/12\/payment-2-300x286.png 300w, https:\/\/onlinecasinoprofy.com\/lv\/wp-content\/uploads\/sites\/18\/2022\/12\/payment-2-32x32.png 32w\" sizes=\"(max-width: 419px) 100vw, 419px\" \/><\/figure>\n<\/div>\n\n\n\n<div class=\"wp-block-column is-layout-flow wp-block-column-is-layout-flow\">\n<p>eZeeWallet, Visa, Mastercard, NeoSurf, Bank Transfer, EcoPayz, CashtoCode, Stickpay, Interac, Jeton, Skrill, Neteller, PaySafeCard, Zimpler, Rapid Transfer, BTC, ETC, LTH, sofort.&nbsp;<\/p>\n\n\n\n<p>Minim\u0101lais iemaksu slieksnis ir tikai 20 EUR, bet maksim\u0101lais &#8211; 10 000 EUR. <\/p>\n\n\n\n<p>Visa iemaks\u0101t\u0101s summas tiek ieskait\u012btas kont\u0101 uzreiz, da\u017eu sekun\u017eu laik\u0101.<\/p>\n\n\n\n<p>Lai iz\u0146emtu naudu, e-maks\u0101jumu un banku iek\u0161\u0113jo kredit\u0113\u0161anas proced\u016bru d\u0113\u013c tas pras\u012bs ilg\u0101ku laiku. <\/p>\n\n\n\n<p>Bankas kart\u0113m naudas sa\u0146em\u0161ana aiz\u0146ems no 1 l\u012bdz 3 dien\u0101m, savuk\u0101rt e-maks\u0101m &#8211; no 1 l\u012bdz 2 dien\u0101m. Minim\u0101lais izmaksas limits ir 20 EUR; liel\u0101kais limits ir 400 EUR dien\u0101 un 10 000 EUR m\u0113nes\u012b.<\/p>\n<\/div>\n<\/div>\n\n\n\n<h2 data-anchor=\"Klientu-apkalpo\u0161ana-\ud83d\udcde\" id=\"Klientu-apkalpo\u0161ana-\ud83d\udcde\"><strong>K\u0101ds ir klientu apkalpo\u0161anas l\u012bmenis Cosmic Slot kazino?<\/strong><\/h2>\n\n\n\n<p>Cosmic Slot ir vair\u0101kas iesp\u0113jas sa\u0146emt pal\u012bdz\u012bbu. Sp\u0113l\u0113t\u0101ji var izmantot t\u0113rz\u0113\u0161anu, kas darbojas 24 stundas diennakt\u012b. T\u0101pat vi\u0146i var s\u016bt\u012bt piepras\u012bjumus pa e-pastu. Kazino darbojas vair\u0101k\u0101s valod\u0101s (ang\u013cu, v\u0101cu, krievu). Live a\u0123enti ir piekl\u0101j\u012bgi, profesion\u0101li un \u0101tri atbild.&nbsp;<\/p>\n\n\n<div class=\"row casinoContacts\">\n                <div class=\"col-lg-4 casinoContacts-item\">\n                    <div class=\"smallCards\">\n                        <p class=\"smallCards-title text d-flex justify-content-between\">\n                            <span>E-mail<\/span>\n                            <img loading=\"lazy\" decoding=\"async\" src=\"https:\/\/onlinecasinoprofy.com\/lv\/wp-content\/themes\/casinoprofy\/static\/images\/message_icon.svg\" width=\"29\" height=\"25\" alt=\"E-mail icon\">\n                        <\/p>\n                        <span class=\"grayBgBlock\">\n                            support@cosmicslot.com                      \n                        <\/span>\n                    <\/div>\n                <\/div>\n            \n                <div class=\"col-lg-4 casinoContacts-item\">\n                    <div class=\"smallCards\">\n                        <p class=\"smallCards-title text d-flex justify-content-between\">\n                            <span>Live chat<\/span>\n                            <img loading=\"lazy\" decoding=\"async\" src=\"https:\/\/onlinecasinoprofy.com\/lv\/wp-content\/themes\/casinoprofy\/static\/images\/chat_icon.svg\" width=\"29\" height=\"25\" alt=\"Live chat icon\">\n                        <\/p>\n                        <span class=\"grayBgBlock\">\n                            \u2705                      \n                        <\/span>\n                    <\/div>\n                <\/div>\n            \n                <div class=\"col-lg-4 casinoContacts-item\">\n                    <div class=\"smallCards\">\n                        <p class=\"smallCards-title text d-flex justify-content-between\">\n                            <span>T\u0101lrunis<\/span>\n                            <img loading=\"lazy\" decoding=\"async\" src=\"https:\/\/onlinecasinoprofy.com\/lv\/wp-content\/themes\/casinoprofy\/static\/images\/calling_icon.svg\" width=\"29\" height=\"25\" alt=\"T\u0101lrunis icon\">\n                        <\/p>\n                        <span class=\"grayBgBlock\">\n                            +35725654149                      \n                        <\/span>\n                    <\/div>\n                <\/div>\n            <\/div>\n","protected":false},"excerpt":{"rendered":"","protected":false},"author":5,"featured_media":116,"parent":0,"menu_order":0,"comment_status":"closed","ping_status":"closed","template":"casinos.php","meta":{"footnotes":""},"categories":[],"tags":[],"acf":[],"yoast_head":"<!-- This site is optimized with the Yoast SEO Premium plugin v20.8 (Yoast SEO v21.6) - https:\/\/yoast.com\/wordpress\/plugins\/seo\/ -->\n<title>Cosmic Slot Casino \ud83d\ude80 | S\u0101c savu kosmosa piedz\u012bvojumu!<\/title>\n<meta name=\"description\" content=\"Lasiet m\u016bsu atsauksmes \ud83d\udc49 sa\u0146emiet savu bonusu un izbaudiet vair\u0101k nek\u0101 3100 sp\u0113les, kas J\u016bs gaida Cosmic Slot Casino \ud83c\udfb0\" \/>\n<meta name=\"robots\" content=\"index, follow, max-snippet:-1, max-image-preview:large, max-video-preview:-1\" \/>\n<link rel=\"canonical\" href=\"https:\/\/onlinecasinoprofy.com\/lv\/wp-json\/wp\/v2\/pages\/115\/\" \/>\n<meta property=\"og:locale\" content=\"lv_LV\" \/>\n<meta property=\"og:type\" content=\"article\" \/>\n<meta property=\"og:title\" content=\"CosmicSlot Casino\" \/>\n<meta property=\"og:description\" content=\"Lasiet m\u016bsu atsauksmes \ud83d\udc49 sa\u0146emiet savu bonusu un izbaudiet vair\u0101k nek\u0101 3100 sp\u0113les, kas J\u016bs gaida Cosmic Slot Casino \ud83c\udfb0\" \/>\n<meta property=\"og:url\" content=\"https:\/\/onlinecasinoprofy.com\/lv\/cosmicslot-casino\/\" \/>\n<meta property=\"og:site_name\" content=\"CasinoProfy LV\" \/>\n<meta property=\"article:modified_time\" content=\"2023-02-13T14:10:09+00:00\" \/>\n<meta property=\"og:image\" content=\"https:\/\/onlinecasinoprofy.com\/lv\/wp-content\/uploads\/sites\/18\/2023\/01\/cosmicslot-logo.png\" \/>\n\t<meta property=\"og:image:width\" content=\"412\" \/>\n\t<meta property=\"og:image:height\" content=\"412\" \/>\n\t<meta property=\"og:image:type\" content=\"image\/png\" \/>\n<meta name=\"twitter:card\" content=\"summary_large_image\" \/>\n<meta name=\"twitter:label1\" content=\"Est. reading time\" \/>\n\t<meta name=\"twitter:data1\" content=\"4 min\u016btes\" \/>\n<!-- \/ Yoast SEO Premium plugin. -->","yoast_head_json":{"title":"Cosmic Slot Casino \ud83d\ude80 | S\u0101c savu kosmosa piedz\u012bvojumu!","description":"Lasiet m\u016bsu atsauksmes \ud83d\udc49 sa\u0146emiet savu bonusu un izbaudiet vair\u0101k nek\u0101 3100 sp\u0113les, kas J\u016bs gaida Cosmic Slot Casino \ud83c\udfb0","robots":{"index":"index","follow":"follow","max-snippet":"max-snippet:-1","max-image-preview":"max-image-preview:large","max-video-preview":"max-video-preview:-1"},"canonical":"https:\/\/onlinecasinoprofy.com\/lv\/wp-json\/wp\/v2\/pages\/115\/","og_locale":"lv_LV","og_type":"article","og_title":"CosmicSlot Casino","og_description":"Lasiet m\u016bsu atsauksmes \ud83d\udc49 sa\u0146emiet savu bonusu un izbaudiet vair\u0101k nek\u0101 3100 sp\u0113les, kas J\u016bs gaida Cosmic Slot Casino \ud83c\udfb0","og_url":"https:\/\/onlinecasinoprofy.com\/lv\/cosmicslot-casino\/","og_site_name":"CasinoProfy LV","article_modified_time":"2023-02-13T14:10:09+00:00","og_image":[{"width":412,"height":412,"url":"https:\/\/onlinecasinoprofy.com\/lv\/wp-content\/uploads\/sites\/18\/2023\/01\/cosmicslot-logo.png","type":"image\/png"}],"twitter_card":"summary_large_image","twitter_misc":{"Est. reading time":"4 min\u016btes"},"schema":{"@context":"https:\/\/schema.org","@graph":[{"@type":"WebPage","@id":"https:\/\/onlinecasinoprofy.com\/lv\/cosmicslot-casino\/","url":"https:\/\/onlinecasinoprofy.com\/lv\/cosmicslot-casino\/","name":"Cosmic Slot Casino \ud83d\ude80 | S\u0101c savu kosmosa piedz\u012bvojumu!","isPartOf":{"@id":"https:\/\/onlinecasinoprofy.com\/lv\/#website"},"datePublished":"2023-01-18T14:50:05+00:00","dateModified":"2023-02-13T14:10:09+00:00","description":"Lasiet m\u016bsu atsauksmes \ud83d\udc49 sa\u0146emiet savu bonusu un izbaudiet vair\u0101k nek\u0101 3100 sp\u0113les, kas J\u016bs gaida Cosmic Slot Casino \ud83c\udfb0","inLanguage":"lv-LV","potentialAction":[{"@type":"ReadAction","target":["https:\/\/onlinecasinoprofy.com\/lv\/cosmicslot-casino\/"]}]},{"@type":"WebSite","@id":"https:\/\/onlinecasinoprofy.com\/lv\/#website","url":"https:\/\/onlinecasinoprofy.com\/lv\/","name":"CasinoProfy LV","description":"\u041f\u0440\u043e\u0441\u0442\u043e \u0449\u0435 \u043e\u0434\u0438\u043d CasinoProfy Sites \u0441\u0430\u0439\u0442","inLanguage":"lv-LV"}]}},"_links":{"self":[{"href":"https:\/\/onlinecasinoprofy.com\/lv\/wp-json\/wp\/v2\/pages\/115"}],"collection":[{"href":"https:\/\/onlinecasinoprofy.com\/lv\/wp-json\/wp\/v2\/pages"}],"about":[{"href":"https:\/\/onlinecasinoprofy.com\/lv\/wp-json\/wp\/v2\/types\/page"}],"author":[{"embeddable":true,"href":"https:\/\/onlinecasinoprofy.com\/lv\/wp-json\/wp\/v2\/users\/5"}],"replies":[{"embeddable":true,"href":"https:\/\/onlinecasinoprofy.com\/lv\/wp-json\/wp\/v2\/comments?post=115"}],"version-history":[{"count":0,"href":"https:\/\/onlinecasinoprofy.com\/lv\/wp-json\/wp\/v2\/pages\/115\/revisions"}],"wp:featuredmedia":[{"embeddable":true,"href":"https:\/\/onlinecasinoprofy.com\/lv\/wp-json\/wp\/v2\/media\/116"}],"wp:attachment":[{"href":"https:\/\/onlinecasinoprofy.com\/lv\/wp-json\/wp\/v2\/media?parent=115"}],"wp:term":[{"taxonomy":"category","embeddable":true,"href":"https:\/\/onlinecasinoprofy.com\/lv\/wp-json\/wp\/v2\/categories?post=115"},{"taxonomy":"post_tag","embeddable":true,"href":"https:\/\/onlinecasinoprofy.com\/lv\/wp-json\/wp\/v2\/tags?post=115"}],"curies":[{"name":"wp","href":"https:\/\/api.w.org\/{rel}","templated":true}]}}