{"id":117,"date":"2023-01-19T14:39:00","date_gmt":"2023-01-19T12:39:00","guid":{"rendered":"https:\/\/onlinecasinoprofy.com\/lv\/?post_type=casinos&#038;p=117"},"modified":"2024-01-22T20:44:02","modified_gmt":"2024-01-22T18:44:02","slug":"ice-casino","status":"publish","type":"page","link":"https:\/\/onlinecasinoprofy.com\/lv\/ice-casino\/","title":{"rendered":"Ice Casino"},"content":{"rendered":"\n<p>Ja kazino ir tik auksts nosaukums, tas nenoz\u012bm\u0113, ka t\u0101 sp\u0113les neb\u016bs karstas. Iesp\u0113jams, \u0161is kazino nav auksts, bet v\u0113ss, vai ne? Tie\u0161i to m\u0113s varam teikt par IceCasino, kas ir jauns, bet \u013coti daudzsolo\u0161s. \u0160is tie\u0161saistes operators tika izveidots 2021. Gad\u0101 un pieder Brivio Limited, kas ir re\u0123istr\u0113ts Kipr\u0101 (re\u0123istr\u0101cijas numurs HE315596). Kirasao licence (8048\/JAZ2012-009) liecina, ka kazino ir regul\u0113ts un likum\u012bgs. Un tagad j\u016bs varat piek\u013c\u016bt god\u012bga Ice kazino p\u0101rskatam no m\u016bsu komandas, lai iepaz\u012btos ar pieg\u0101d\u0101t\u0101jiem, sp\u0113l\u0113m, bonusiem un cit\u0101m priek\u0161roc\u012bb\u0101m sp\u0113l\u0113t\u0101jiem! \u0160aj\u0101s Ice Casino atsauksmes m\u0113s apskat\u012bsim visas svar\u012bg\u0101s lietas!<\/p>\n\n\n\n<h2 class=\"wp-block-heading\" id=\"h-priek-roc-bas-tr-kumi\">Priek\u0161roc\u012bbas\/tr\u016bkumi<\/h2>\n\n\n\n<figure class=\"wp-block-table is-style-stripes\"><table><thead><tr><th class=\"has-text-align-center\" data-align=\"center\"><strong>Priek\u0161roc\u012bbas \ud83d\udc4d<\/strong><\/th><th class=\"has-text-align-center\" data-align=\"center\"><strong>Tr\u016bkumi \ud83d\udc4e<\/strong><\/th><\/tr><\/thead><tbody><tr><td class=\"has-text-align-center\" data-align=\"center\">\u20ac 1,500 + 270 bezmaksas griezieni re\u0123istr\u0101cijai<\/td><td class=\"has-text-align-center\" data-align=\"center\">Tikai Kirasao licence<\/td><\/tr><tr><td class=\"has-text-align-center\" data-align=\"center\">Regul\u0101ri turn\u012bri + Kritieni un uzvaras<\/td><td class=\"has-text-align-center\" data-align=\"center\">Person\u012bg\u0101s pr\u0113mijas p\u0113c piepras\u012bjuma<\/td><\/tr><tr><td class=\"has-text-align-center\" data-align=\"center\">Visu veidu sp\u0113les<\/td><td class=\"has-text-align-center\" data-align=\"center\"><\/td><\/tr><tr><td class=\"has-text-align-center\" data-align=\"center\">Lojalit\u0101tes programma ar \u012bpa\u0161iem papildin\u0101\u0161anas bonusiem<\/td><td class=\"has-text-align-center\" data-align=\"center\"><\/td><\/tr><\/tbody><\/table><\/figure>\n\n\n\n<h2 class=\"wp-block-heading\" data-anchor=\"Re\u0123istr\u0101cija-\ud83d\udd8c\" id=\"Re\u0123istr\u0101cija-\ud83d\udd8c\">Re\u0123istr\u0101cija Ice Casino<\/h2>\n\n\n<div class=\"wp-block-image\">\n<figure class=\"alignright size-full is-resized\"><img loading=\"lazy\" decoding=\"async\" src=\"https:\/\/onlinecasinoprofy.com\/lv\/wp-content\/uploads\/sites\/18\/2022\/12\/casino-3.png\" alt=\"casino\" class=\"wp-image-32\" width=\"363\" height=\"285\" srcset=\"https:\/\/onlinecasinoprofy.com\/lv\/wp-content\/uploads\/sites\/18\/2022\/12\/casino-3.png 510w, https:\/\/onlinecasinoprofy.com\/lv\/wp-content\/uploads\/sites\/18\/2022\/12\/casino-3-34x27.png 34w, https:\/\/onlinecasinoprofy.com\/lv\/wp-content\/uploads\/sites\/18\/2022\/12\/casino-3-60x47.png 60w, https:\/\/onlinecasinoprofy.com\/lv\/wp-content\/uploads\/sites\/18\/2022\/12\/casino-3-40x31.png 40w, https:\/\/onlinecasinoprofy.com\/lv\/wp-content\/uploads\/sites\/18\/2022\/12\/casino-3-300x235.png 300w\" sizes=\"(max-width: 363px) 100vw, 363px\" \/><\/figure><\/div>\n\n\n<p>Operatora priek\u0161roc\u012bbas atkl\u0101jas, kad izveidojat kontu un redzat visas \u0161\u012bs funkcijas k\u0101 klients. Ice Casino LV re\u0123istr\u0101cija aiz\u0146em l\u012bdz da\u017e\u0101m min\u016bt\u0113m, un p\u0113c tam, kad esat izveidojis savu lietot\u0101jv\u0101rdu, ir iesp\u0113jams izm\u0113\u0123in\u0101t visas funkcijas, tostarp iemaksu veik\u0161anu, bonusu sa\u0146em\u0161anu, sp\u0113\u013cu sp\u0113l\u0113\u0161anu uz naudu un daudz ko citu. Kad esat gatavs izveidot kontu, \u0161eit ir nor\u0101d\u012bti so\u013ci, kas jums j\u0101veic:<\/p>\n\n\n\n<ol>\n<li>Kad ofici\u0101l\u0101 vietne ir atv\u0113rta dator\u0101 vai mobilaj\u0101 ier\u012bc\u0113, atrodiet virs t\u0101s eso\u0161o zilo pogu &#8220;Re\u0123istr\u0113ties&#8221;.<\/li>\n\n\n\n<li>P\u0113c tam tiek par\u0101d\u012bta re\u0123istr\u0101cijas veidlapas pirm\u0101 da\u013ca, kur\u0101 ir j\u0101nor\u0101da e-pasta adrese, parole un val\u016bta (EUR, USD un v\u0113l 20). \u0160eit ar\u012b apstipriniet, ka esat vec\u0101ks par 18 gadiem, ka visi noteikumi ir skaidri un ka v\u0113laties abon\u0113t akcijas (p\u0113c izv\u0113les). Ja jums ir Ice Casino akcijas kods, atz\u012bm\u0113jiet attiec\u012bgo laukumu un ievadiet to.<\/li>\n\n\n\n<li>Kad veidlapa ir aizpild\u012bta, apstipriniet savu e-pastu.<\/li>\n\n\n\n<li>Turkl\u0101t ir v\u0113rts apmekl\u0113t konta iestat\u012bjumus un pievienot personisko inform\u0101ciju, lai to p\u0101rbaud\u012btu.<\/li>\n<\/ol>\n\n\n\n<p>V\u0113l \u0113rt\u0101ks veids, k\u0101 izveidot kontu, ir izv\u0113l\u0113ties k\u0101du no soci\u0101lo mediju lap\u0101m, ja jums ir atbilsto\u0161s konts (Google, Twitter, Facebook).<\/p>\n\n\n<div class=\"wp-block-image\">\n<figure class=\"alignright size-full is-resized\"><img loading=\"lazy\" decoding=\"async\" src=\"https:\/\/onlinecasinoprofy.com\/lv\/wp-content\/uploads\/sites\/18\/2022\/12\/games-2.png\" alt=\"games\" class=\"wp-image-39\" width=\"340\" height=\"339\" srcset=\"https:\/\/onlinecasinoprofy.com\/lv\/wp-content\/uploads\/sites\/18\/2022\/12\/games-2.png 401w, https:\/\/onlinecasinoprofy.com\/lv\/wp-content\/uploads\/sites\/18\/2022\/12\/games-2-100x100.png 100w, https:\/\/onlinecasinoprofy.com\/lv\/wp-content\/uploads\/sites\/18\/2022\/12\/games-2-27x27.png 27w, https:\/\/onlinecasinoprofy.com\/lv\/wp-content\/uploads\/sites\/18\/2022\/12\/games-2-85x85.png 85w, https:\/\/onlinecasinoprofy.com\/lv\/wp-content\/uploads\/sites\/18\/2022\/12\/games-2-60x60.png 60w, https:\/\/onlinecasinoprofy.com\/lv\/wp-content\/uploads\/sites\/18\/2022\/12\/games-2-40x40.png 40w, https:\/\/onlinecasinoprofy.com\/lv\/wp-content\/uploads\/sites\/18\/2022\/12\/games-2-44x44.png 44w, https:\/\/onlinecasinoprofy.com\/lv\/wp-content\/uploads\/sites\/18\/2022\/12\/games-2-150x150.png 150w, https:\/\/onlinecasinoprofy.com\/lv\/wp-content\/uploads\/sites\/18\/2022\/12\/games-2-300x300.png 300w, https:\/\/onlinecasinoprofy.com\/lv\/wp-content\/uploads\/sites\/18\/2022\/12\/games-2-32x32.png 32w\" sizes=\"(max-width: 340px) 100vw, 340px\" \/><\/figure><\/div>\n\n\n<h2 class=\"wp-block-heading\" data-anchor=\"Licences-\u2696\ufe0f\" id=\"Licences-\u2696\ufe0f\">Licences un dro\u0161\u012bba<\/h2>\n\n\n\n<p>Lab\u0101kais kazino ir tas, kuram varat uztic\u0113ties, kad runa ir par personas datu snieg\u0161anu, naudas pievieno\u0161anu kontam, sp\u0113\u013cu sp\u0113l\u0113\u0161anu par re\u0101liem l\u012bdzek\u013ciem un t\u0101 t\u0101l\u0101k. Un Ice Casino var izpild\u012bt \u0161\u012bs pras\u012bbas, pateicoties t\u0101 licenc\u0113m un priv\u0101tuma politikai, kas nodro\u0161ina apmekl\u0113t\u0101jiem, ka visi vi\u0146u dati un nauda ir dro\u0161\u012bb\u0101, kam\u0113r vi\u0146i sp\u0113l\u0113 internet\u0101. Brivio Limited, kam pieder kazino, ir god\u012bgs uz\u0146\u0113mums ar p\u0101rredzamu reput\u0101ciju. Ar\u012b 8048\/JAZ2012-009 Kirasao licence, k\u0101 ar\u012b SSL \u0161ifr\u0113\u0161ana apliecina god\u012bgumu. Un, izlasot noteikumus, j\u016bs redz\u0113siet, ka nosac\u012bjumi ir skaidri un v\u0113rsti uz \u0113rtu azartsp\u0113\u013cu sp\u0113l\u0113\u0161anu visiem klientiem.<\/p>\n\n\n\n<h2 class=\"wp-block-heading\" data-anchor=\"Sp\u0113les-\ud83c\udfb0\" id=\"Sp\u0113les-\ud83c\udfb0\">Sp\u0113les Ice Casino<\/h2>\n\n\n\n<p>Starp da\u017e\u0101diem Ice Casino viedok\u013ciem jums noteikti vajadz\u0113tu piev\u0113rst uzman\u012bbu tiem, kas saist\u012bti ar pieejamaj\u0101m sp\u0113l\u0113m. Par laimi, \u0161aj\u0101 kazino ir vair\u0101k nek\u0101 3700 aizraujo\u0161u sp\u0113\u013cu, tostarp sp\u0113\u013cu autom\u0101ti (3500+), video pokers (12), pokers (24), baccarat (15), rulete (22), n\u016bju (30), bingo (3), skre\u010di (32), keno (13) un craps (1).<\/p>\n\n\n\n<p>J\u016bs varat sp\u0113l\u0113t visus popul\u0101r\u0101kos sp\u0113\u013cu veidus, tostarp t\u0101dus p\u0101rsteidzo\u0161us sp\u0113\u013cu autom\u0101tus k\u0101 Sweet Bonanza, klasisk\u0101s galda sp\u0113les, dz\u012bv\u0101s sp\u0113les u. c. \u0160eit ir apskat\u012bti da\u017ei no \u0161iem nosaukumiem:<\/p>\n\n\n<div class=\"wp-block-image\">\n<figure class=\"alignright size-full is-resized\"><img loading=\"lazy\" decoding=\"async\" src=\"https:\/\/onlinecasinoprofy.com\/lv\/wp-content\/uploads\/sites\/18\/2022\/12\/auto-4.png\" alt=\"auto\" class=\"wp-image-22\" width=\"409\" height=\"267\" srcset=\"https:\/\/onlinecasinoprofy.com\/lv\/wp-content\/uploads\/sites\/18\/2022\/12\/auto-4.png 623w, https:\/\/onlinecasinoprofy.com\/lv\/wp-content\/uploads\/sites\/18\/2022\/12\/auto-4-41x27.png 41w, https:\/\/onlinecasinoprofy.com\/lv\/wp-content\/uploads\/sites\/18\/2022\/12\/auto-4-60x39.png 60w, https:\/\/onlinecasinoprofy.com\/lv\/wp-content\/uploads\/sites\/18\/2022\/12\/auto-4-40x26.png 40w, https:\/\/onlinecasinoprofy.com\/lv\/wp-content\/uploads\/sites\/18\/2022\/12\/auto-4-300x196.png 300w\" sizes=\"(max-width: 409px) 100vw, 409px\" \/><\/figure><\/div>\n\n\n<ul>\n<li><strong>Book of Demi Gods IV<br><\/strong>\u0160is autom\u0101ts tika izdots 2022. gad\u0101, un tas ir jauna Spinomenal slaven\u0101s mitolo\u0123isk\u0101s sp\u0113les versija. \u0160eit j\u016bs varat r\u0113\u0137in\u0101ties ar laimestiem l\u012bdz pat 5000x un t\u0101d\u0101m funkcij\u0101m k\u0101 bezmaksas griezieni un Bonus Buy.<\/li>\n\n\n\n<li><strong>88 Frenzy Fortune<br><\/strong>Ar\u012b \u0161\u012b Betsoft sp\u0113le ir diezgan jauna, un t\u0101 priec\u0113 sp\u0113l\u0113t\u0101jus gan ar \u0137\u012bnie\u0161u t\u0113mu, gan ar iesp\u0113ju atk\u0101rtoti griezt.<\/li>\n\n\n\n<li><strong>Candy Dreams Sweet Planet<br><\/strong>N\u0101kamais saldais sp\u0113\u013cu autom\u0101ts no EvoPlay tiks nov\u0113rt\u0113ts par t\u0101 simboliem, kas maks\u0101 jebkur\u0101 ekr\u0101na viet\u0101, milz\u012bgo 22 000x maksim\u0101lo laimestu, 96% RTP un daudzajiem mini bonusiem, piem\u0113ram, bezmaksas griezieniem, dubultaj\u0101m iesp\u0113j\u0101m un daudz ko citu.<\/li>\n\n\n\n<li><strong>Seven Books Unlimited<br><\/strong>Ja jums pat\u012bk da\u017e\u0101das vari\u0101cijas par klasisk\u0101m t\u0113m\u0101m, \u0161\u012b sp\u0113le ir dom\u0101ta tie\u0161i jums. Uz ru\u013c\u013ciem ir da\u017e\u0101di gar\u0161\u012bgi aug\u013ci, bet bonusa simboli nodro\u0161ina 10 bezmaksas sp\u0113les.<\/li>\n<\/ul>\n\n\n\n            <div class=\"casinoGames d-flex align-items-start\">\n                <div class=\"casinoGames-big grayBgBlock text-center\">3700+ <p>Sp\u0113les<\/p><\/div>\n                <ul class=\"casinoGames-other d-flex flex-wrap\"><li class=\"d-flex align-items-center justify-content-between\"><span class=\"text\">Sp\u0113\u013cu autom\u0101ti<\/span><span class=\"grayBgBlock\">3500+<\/span><\/li><li class=\"d-flex align-items-center justify-content-between\"><span class=\"text\">Video Pokers<\/span><span class=\"grayBgBlock\">12<\/span><\/li><li class=\"d-flex align-items-center justify-content-between\"><span class=\"text\">Bakara<\/span><span class=\"grayBgBlock\">15<\/span><\/li><li class=\"d-flex align-items-center justify-content-between\"><span class=\"text\">Rulete<\/span><span class=\"grayBgBlock\">22<\/span><\/li><li class=\"d-flex align-items-center justify-content-between\"><span class=\"text\">Blekd\u017eeks<\/span><span class=\"grayBgBlock\">30<\/span><\/li><li class=\"d-flex align-items-center justify-content-between\"><span class=\"text\">Pokers<\/span><span class=\"grayBgBlock\">24<\/span><\/li><li class=\"d-flex align-items-center justify-content-between\"><span class=\"text\">Bingo<\/span><span class=\"grayBgBlock\">3<\/span><\/li><li class=\"d-flex align-items-center justify-content-between\"><span class=\"text\">Live kazino sp\u0113le<\/span><span class=\"grayBgBlock\">144<\/span><\/li><\/ul>\n            <\/div>\n        \n\n\n\n<h3 class=\"wp-block-heading\" id=\"h-tie-raides-sp-les\">Tie\u0161raides sp\u0113les<\/h3>\n\n\n\n<p>At\u0161\u0137ir\u012bb\u0101 no uz RNG balst\u012bt\u0101m sp\u0113l\u0113m \u012bstu d\u012bleru sp\u0113les vada d\u012bleri, kuri str\u0101d\u0101 \u012bst\u0101s studij\u0101s un izklaid\u0113 sp\u0113l\u0113t\u0101jus gan pie klasiskajiem galdiem, gan tie\u0161raides \u0161ovos. Ice Casino ir \u012bpa\u0161a kategorija dz\u012bvaj\u0101m sp\u0113l\u0113m, t\u0101p\u0113c t\u0101s ir viegli atrast. \u0160\u012bs sada\u013cas galvenie pieg\u0101d\u0101t\u0101ji ir Evolution, Pragmatic Play un LuckyStreak. Lai iek\u013c\u016btu \u0161aj\u0101s sp\u0113l\u0113s, jums ir nepiecie\u0161ams Ice Casino pieteik\u0161an\u0101s v\u0101rds, jo t\u0101s ir par re\u0101lu naudu. Piem\u0113ram, apskatiet XXXtreme Lightning Roulette (Evolution), Sweet Bonanza CandyLand (Pragmatic Play) un VIP Blackjack (LuckyStreak).<\/p>\n\n\n\n<h2 class=\"wp-block-heading\" data-anchor=\"Programmat\u016bra-\u2699\ufe0f\" id=\"Programmat\u016bra-\u2699\ufe0f\">Kazino programmat\u016bra<\/h2>\n\n\n<div class=\"wp-block-image\">\n<figure class=\"alignleft size-full is-resized\"><img loading=\"lazy\" decoding=\"async\" src=\"https:\/\/onlinecasinoprofy.com\/lv\/wp-content\/uploads\/sites\/18\/2022\/12\/games-4.png\" alt=\"games\" class=\"wp-image-41\" width=\"424\" height=\"321\" srcset=\"https:\/\/onlinecasinoprofy.com\/lv\/wp-content\/uploads\/sites\/18\/2022\/12\/games-4.png 528w, https:\/\/onlinecasinoprofy.com\/lv\/wp-content\/uploads\/sites\/18\/2022\/12\/games-4-36x27.png 36w, https:\/\/onlinecasinoprofy.com\/lv\/wp-content\/uploads\/sites\/18\/2022\/12\/games-4-60x45.png 60w, https:\/\/onlinecasinoprofy.com\/lv\/wp-content\/uploads\/sites\/18\/2022\/12\/games-4-40x30.png 40w, https:\/\/onlinecasinoprofy.com\/lv\/wp-content\/uploads\/sites\/18\/2022\/12\/games-4-300x227.png 300w\" sizes=\"(max-width: 424px) 100vw, 424px\" \/><\/figure><\/div>\n\n\n<p>\u0160eit Ice Casino Online ir pieejamas sp\u0113les no desmitiem prasm\u012bgu pakalpojumu sniedz\u0113ju. To saraksts ir pieejams \u0161eit: Amatic Industries, Amusnet Interactive, Arcadem, Betsoft, Blueprint Gaming, Booming Games, CT Interactive, Amusnet Interactive (agr\u0101k EGT Interactive), Endorphina, Evolution, Evoplay, GameArt, Gamomat, Givme Games, Habanero, Igrosoft, Ezugi, iSoftBet, Kalamba Games, Mobilots, NetEnt, Nucleus, Oryx Gaming, PG Soft, PlayPearls, Pragmatic Play, Push Gaming, Slotmill, Spinomenal, Swintt, Thunderkick, Tom Horn Gaming un Play&#8217;n GO.<\/p>\n\n\n\n<p>Ir pieejams filtrs p\u0113c pakalpojumu sniedz\u0113jiem gan vis\u0101m sp\u0113l\u0113m, gan konkr\u0113tai j\u016bsu izv\u0113l\u0113tajai kategorijai. Sp\u0113les ir optimiz\u0113tas mobilaj\u0101m ier\u012bc\u0113m un ir sader\u012bgas ar desmitiem val\u016btu, tostarp ASV dol\u0101ru, eiro un pat kriptoval\u016btu.<\/p>\n\n\n\n<p>Jums patiks Pragmatic Play ar t\u0101s lieliskajiem sp\u0113\u013cu autom\u0101tiem, piem\u0113ram, Sweet Bonanza, un t\u0101diem dz\u012bvajiem \u0161oviem k\u0101 Sweet Bonanza CandyLand. NetEnt ir zviedru uz\u0146\u0113mums, kas kop\u0161 1996. gada ra\u017eo lieliskus sp\u0113\u013cu autom\u0101tus un galdus. Betsoft j\u016bs p\u0101rsteigs ar saviem milz\u012bgajiem progres\u012bvajiem d\u017eekpotiem.<\/p>\n\n\n\n<h2 class=\"wp-block-heading\" data-anchor=\"Mobile-\ud83d\udcf1\" id=\"Mobile-\ud83d\udcf1\">Mobile Ice Casino<\/h2>\n\n\n\n<p>Lai sp\u0113l\u0113tu portat\u012bvaj\u0101s ier\u012bc\u0113s, Casino Ice lejupl\u0101d\u0113\u0161anas lietotne nav nepiecie\u0161ama, jo operators pied\u0101v\u0101 perfektu, mobilaj\u0101m ier\u012bc\u0113m optimiz\u0113tu vietni, kurai var piek\u013c\u016bt p\u0101rl\u016bkprogramm\u0101s. Vietne ir piem\u0113rota da\u017e\u0101d\u0101m Android ier\u012bc\u0113m, tostarp mobilajiem t\u0101lru\u0146iem un plan\u0161etdatoriem, k\u0101 ar\u012b Apple ier\u012bc\u0113m, kas var b\u016bt j\u016bsu iPhone vai iPad. Papildus vietnes optimiz\u0101cijai un Ice Casino lietotnes lejupiel\u0101des neesam\u012bbai ir v\u0113rts uzsv\u0113rt to pakalpojumu sniedz\u0113ju centienus, kas savas sp\u0113les padara HTML5-iesp\u0113jamas, lai var\u0113tu sp\u0113l\u0113t sp\u0113\u013cu autom\u0101tus, galdus un citas sp\u0113les, atrodoties kust\u012bb\u0101.<\/p>\n\n\n\n<h2 class=\"wp-block-heading\" data-anchor=\"Maks\u0101jumu-Metodes-\ud83d\udcb8\" id=\"Maks\u0101jumu-Metodes-\ud83d\udcb8\">Ice Casino &#8211; p\u0101rbaud\u012btas maks\u0101jumu metodes<\/h2>\n\n\n\n<p>Lai veiktu maks\u0101jumus Ice Casino, sp\u0113l\u0113t\u0101jiem ir pieejams pla\u0161s \u0113rtu iesp\u0113ju kl\u0101sts, kas ir gan dro\u0161as, gan \u0113rtas, lai veiktu iemaksu dar\u012bjumus un iz\u0146emtu naudu.<\/p>\n\n\n\n<p>Ir noteikti Ice Casino izmaksu nosac\u012bjumi, kas nosaka gan limitus, gan KYC (p\u0101rbaudes) nosac\u012bjumus. Depoz\u012bta apgroz\u012bjumam j\u0101b\u016bt 2 reizes liel\u0101kam, pret\u0113j\u0101 gad\u012bjum\u0101 izmaksas maksa b\u016bs 20%. Turkl\u0101t izmaksas apstr\u0101des laiks ir atkar\u012bgs no izmaks\u0101jam\u0101s summas. Tas ir pieejams, kad esat pabeidzis KYC proced\u016bru. Ja izmaksas summa ir 20x liel\u0101ka par noguld\u012bjuma summu, maksim\u0101lais izmaks\u0101jamais apjoms ir 5000 EUR.<\/p>\n\n\n\n<p>Veicot iemaksu, j\u016bs varat izmantot akcijas kodu, lai sa\u0146emtu bonusu no Ice.<\/p>\n\n\n\n<figure class=\"wp-block-table is-style-stripes\"><table><tbody><tr><td class=\"has-text-align-center\" data-align=\"center\"><strong>Pieejamie maks\u0101jumu veidi<\/strong><\/td><td class=\"has-text-align-center\" data-align=\"center\">Visa, MasterCard, Maestro, Sofort, Trustly, Rapid Transfer, Neosurf, Paysafe Card, Pix, EcoPayz, MuchBetter, MiFinity, GiroPay, Skrill, Neteller, Interac, iDebit, Piastrix, Pay4Fun, SticPay, EPS<\/td><\/tr><tr><td class=\"has-text-align-center\" data-align=\"center\"><strong>Iz\u0146em\u0161anas ierobe\u017eojumi<\/strong><\/td><td class=\"has-text-align-center\" data-align=\"center\">L\u012bdz 500 EUR &#8211; no 5 min\u016bt\u0113m l\u012bdz 12 stund\u0101m&nbsp;&nbsp;L\u012bdz 5000 EUR &#8211; no 5 min\u016bt\u0113m l\u012bdz 48 stund\u0101mL\u012bdz 30 000 EUR &#8211; no 5 min\u016bt\u0113m l\u012bdz 96 stund\u0101m<\/td><\/tr><tr><td class=\"has-text-align-center\" data-align=\"center\"><strong>Minim\u0101lais depoz\u012bts<\/strong><\/td><td class=\"has-text-align-center\" data-align=\"center\">10 EUR<\/td><\/tr><\/tbody><\/table><\/figure>\n\n\n\n<h2 class=\"wp-block-heading\" data-anchor=\"Klientu-apkalpo\u0161ana-\ud83d\udcde\" id=\"Klientu-apkalpo\u0161ana-\ud83d\udcde\">K\u0101da ir Ice Casino klientu apkalpo\u0161ana?<\/h2>\n\n\n\n<p>Ice Casino atbalsta komanda ir gan izpal\u012bdz\u012bga, gan profesion\u0101la. Starp veidiem, k\u0101 ar vi\u0146iem sazin\u0101ties, ir \u0161\u0101di:<\/p>\n\n\n<div class=\"row casinoContacts\">\n                <div class=\"col-lg-4 casinoContacts-item\">\n                    <div class=\"smallCards\">\n                        <p class=\"smallCards-title text d-flex justify-content-between\">\n                            <span>E-mail<\/span>\n                            <img loading=\"lazy\" decoding=\"async\" src=\"https:\/\/onlinecasinoprofy.com\/lv\/wp-content\/themes\/casinoprofy\/static\/images\/message_icon.svg\" width=\"29\" height=\"25\" alt=\"E-mail icon\">\n                        <\/p>\n                        <span class=\"grayBgBlock\">\n                            support@icecasino.com                      \n                        <\/span>\n                    <\/div>\n                <\/div>\n            \n                <div class=\"col-lg-4 casinoContacts-item\">\n                    <div class=\"smallCards\">\n                        <p class=\"smallCards-title text d-flex justify-content-between\">\n                            <span>Live chat<\/span>\n                            <img loading=\"lazy\" decoding=\"async\" src=\"https:\/\/onlinecasinoprofy.com\/lv\/wp-content\/themes\/casinoprofy\/static\/images\/chat_icon.svg\" width=\"29\" height=\"25\" alt=\"Live chat icon\">\n                        <\/p>\n                        <span class=\"grayBgBlock\">\n                            \u2705                      \n                        <\/span>\n                    <\/div>\n                <\/div>\n            \n                <div class=\"col-lg-4 casinoContacts-item\">\n                    <div class=\"smallCards\">\n                        <p class=\"smallCards-title text d-flex justify-content-between\">\n                            <span>T\u0101lrunis<\/span>\n                            <img loading=\"lazy\" decoding=\"async\" src=\"https:\/\/onlinecasinoprofy.com\/lv\/wp-content\/themes\/casinoprofy\/static\/images\/calling_icon.svg\" width=\"29\" height=\"25\" alt=\"T\u0101lrunis icon\">\n                        <\/p>\n                        <span class=\"grayBgBlock\">\n                            +35725654267                      \n                        <\/span>\n                    <\/div>\n                <\/div>\n            <\/div>\n\n\n\n<p>Sazinoties ar mened\u017eeri, varat l\u016bgt akcijas kodu Ice Casino, atrisin\u0101t maks\u0101jumu jaut\u0101jumus vai ko citu.<\/p>\n","protected":false},"excerpt":{"rendered":"","protected":false},"author":5,"featured_media":118,"parent":0,"menu_order":0,"comment_status":"closed","ping_status":"closed","template":"casinos.php","meta":{"footnotes":""},"categories":[],"tags":[],"acf":[],"yoast_head":"<!-- This site is optimized with the Yoast SEO Premium plugin v20.8 (Yoast SEO v21.6) - https:\/\/yoast.com\/wordpress\/plugins\/seo\/ -->\n<title>Ice Casino Online \ud83e\uddca | Pilns un god\u012bgs p\u0101rskats : las\u012bt \u0161eit un sp\u0113l\u0113t!!!<\/title>\n<meta name=\"description\" content=\"\u0160eit J\u016bs varat izlas\u012bt objekt\u012bvu p\u0101rskatu par Ice Casino \u2744\ufe0f, kur\u0101 ir iek\u013cauta visa inform\u0101cija, tostarp sagaid\u012b\u0161anas pakete!\" \/>\n<meta name=\"robots\" content=\"index, follow, max-snippet:-1, max-image-preview:large, max-video-preview:-1\" \/>\n<link rel=\"canonical\" href=\"https:\/\/onlinecasinoprofy.com\/lv\/wp-json\/wp\/v2\/pages\/117\/\" \/>\n<meta property=\"og:locale\" content=\"lv_LV\" \/>\n<meta property=\"og:type\" content=\"article\" \/>\n<meta property=\"og:title\" content=\"Ice Casino\" \/>\n<meta property=\"og:description\" content=\"\u0160eit J\u016bs varat izlas\u012bt objekt\u012bvu p\u0101rskatu par Ice Casino \u2744\ufe0f, kur\u0101 ir iek\u013cauta visa inform\u0101cija, tostarp sagaid\u012b\u0161anas pakete!\" \/>\n<meta property=\"og:url\" content=\"https:\/\/onlinecasinoprofy.com\/lv\/ice-casino\/\" \/>\n<meta property=\"og:site_name\" content=\"CasinoProfy LV\" \/>\n<meta property=\"article:modified_time\" content=\"2024-01-22T18:44:02+00:00\" \/>\n<meta property=\"og:image\" content=\"https:\/\/onlinecasinoprofy.com\/lv\/wp-content\/uploads\/sites\/18\/2023\/01\/ice-casino.png\" \/>\n\t<meta property=\"og:image:width\" content=\"512\" \/>\n\t<meta property=\"og:image:height\" content=\"512\" \/>\n\t<meta property=\"og:image:type\" content=\"image\/png\" \/>\n<meta name=\"twitter:card\" content=\"summary_large_image\" \/>\n<meta name=\"twitter:label1\" content=\"Est. reading time\" \/>\n\t<meta name=\"twitter:data1\" content=\"7 min\u016btes\" \/>\n<!-- \/ Yoast SEO Premium plugin. -->","yoast_head_json":{"title":"Ice Casino Online \ud83e\uddca | Pilns un god\u012bgs p\u0101rskats : las\u012bt \u0161eit un sp\u0113l\u0113t!!!","description":"\u0160eit J\u016bs varat izlas\u012bt objekt\u012bvu p\u0101rskatu par Ice Casino \u2744\ufe0f, kur\u0101 ir iek\u013cauta visa inform\u0101cija, tostarp sagaid\u012b\u0161anas pakete!","robots":{"index":"index","follow":"follow","max-snippet":"max-snippet:-1","max-image-preview":"max-image-preview:large","max-video-preview":"max-video-preview:-1"},"canonical":"https:\/\/onlinecasinoprofy.com\/lv\/wp-json\/wp\/v2\/pages\/117\/","og_locale":"lv_LV","og_type":"article","og_title":"Ice Casino","og_description":"\u0160eit J\u016bs varat izlas\u012bt objekt\u012bvu p\u0101rskatu par Ice Casino \u2744\ufe0f, kur\u0101 ir iek\u013cauta visa inform\u0101cija, tostarp sagaid\u012b\u0161anas pakete!","og_url":"https:\/\/onlinecasinoprofy.com\/lv\/ice-casino\/","og_site_name":"CasinoProfy LV","article_modified_time":"2024-01-22T18:44:02+00:00","og_image":[{"width":512,"height":512,"url":"https:\/\/onlinecasinoprofy.com\/lv\/wp-content\/uploads\/sites\/18\/2023\/01\/ice-casino.png","type":"image\/png"}],"twitter_card":"summary_large_image","twitter_misc":{"Est. reading time":"7 min\u016btes"},"schema":{"@context":"https:\/\/schema.org","@graph":[{"@type":"WebPage","@id":"https:\/\/onlinecasinoprofy.com\/lv\/ice-casino\/","url":"https:\/\/onlinecasinoprofy.com\/lv\/ice-casino\/","name":"Ice Casino Online \ud83e\uddca | Pilns un god\u012bgs p\u0101rskats : las\u012bt \u0161eit un sp\u0113l\u0113t!!!","isPartOf":{"@id":"https:\/\/onlinecasinoprofy.com\/lv\/#website"},"datePublished":"2023-01-19T12:39:00+00:00","dateModified":"2024-01-22T18:44:02+00:00","description":"\u0160eit J\u016bs varat izlas\u012bt objekt\u012bvu p\u0101rskatu par Ice Casino \u2744\ufe0f, kur\u0101 ir iek\u013cauta visa inform\u0101cija, tostarp sagaid\u012b\u0161anas pakete!","inLanguage":"lv-LV","potentialAction":[{"@type":"ReadAction","target":["https:\/\/onlinecasinoprofy.com\/lv\/ice-casino\/"]}]},{"@type":"WebSite","@id":"https:\/\/onlinecasinoprofy.com\/lv\/#website","url":"https:\/\/onlinecasinoprofy.com\/lv\/","name":"CasinoProfy LV","description":"\u041f\u0440\u043e\u0441\u0442\u043e \u0449\u0435 \u043e\u0434\u0438\u043d CasinoProfy Sites \u0441\u0430\u0439\u0442","inLanguage":"lv-LV"}]}},"_links":{"self":[{"href":"https:\/\/onlinecasinoprofy.com\/lv\/wp-json\/wp\/v2\/pages\/117"}],"collection":[{"href":"https:\/\/onlinecasinoprofy.com\/lv\/wp-json\/wp\/v2\/pages"}],"about":[{"href":"https:\/\/onlinecasinoprofy.com\/lv\/wp-json\/wp\/v2\/types\/page"}],"author":[{"embeddable":true,"href":"https:\/\/onlinecasinoprofy.com\/lv\/wp-json\/wp\/v2\/users\/5"}],"replies":[{"embeddable":true,"href":"https:\/\/onlinecasinoprofy.com\/lv\/wp-json\/wp\/v2\/comments?post=117"}],"version-history":[{"count":0,"href":"https:\/\/onlinecasinoprofy.com\/lv\/wp-json\/wp\/v2\/pages\/117\/revisions"}],"wp:featuredmedia":[{"embeddable":true,"href":"https:\/\/onlinecasinoprofy.com\/lv\/wp-json\/wp\/v2\/media\/118"}],"wp:attachment":[{"href":"https:\/\/onlinecasinoprofy.com\/lv\/wp-json\/wp\/v2\/media?parent=117"}],"wp:term":[{"taxonomy":"category","embeddable":true,"href":"https:\/\/onlinecasinoprofy.com\/lv\/wp-json\/wp\/v2\/categories?post=117"},{"taxonomy":"post_tag","embeddable":true,"href":"https:\/\/onlinecasinoprofy.com\/lv\/wp-json\/wp\/v2\/tags?post=117"}],"curies":[{"name":"wp","href":"https:\/\/api.w.org\/{rel}","templated":true}]}}