{"id":121,"date":"2023-01-30T15:56:48","date_gmt":"2023-01-30T13:56:48","guid":{"rendered":"https:\/\/onlinecasinoprofy.com\/lv\/?post_type=casinos&#038;p=121"},"modified":"2024-01-22T20:43:47","modified_gmt":"2024-01-22T18:43:47","slug":"iwild-casino","status":"publish","type":"page","link":"https:\/\/onlinecasinoprofy.com\/lv\/iwild-casino\/","title":{"rendered":"iWild Casino Apskats"},"content":{"rendered":"\n<p>Atbilsto\u0161i savam nosaukumam iWild Casino m\u0113r\u0137is ir atdz\u012bvin\u0101t sp\u0113l\u0113t\u0101ju azartsp\u0113\u013cu pieredzi, pied\u0101v\u0101jot pla\u0161u izklaid\u0113jo\u0161u tie\u0161saistes sp\u0113\u013cu autom\u0101tu, galda sp\u0113\u013cu un dz\u012bv\u0101 kazino kl\u0101stu.<\/p>\n\n\n\n<p>iWildCasino cen\u0161as iGaming nozarei pie\u0161\u0137irt ener\u0123isku piesk\u0101rienu, pied\u0101v\u0101jot sp\u0113l\u0113t\u0101jiem ugun\u012bgus turn\u012brus, aizraujo\u0161as akcijas un efekt\u012bvu klientu atbalstu.<\/p>\n\n\n\n<p>iWildCasino ir re\u0123istr\u0113ts saska\u0146\u0101 ar Kirasao licenc\u0113m.<\/p>\n\n\n<div class=\"wp-block-image\">\n<figure class=\"alignright size-full is-resized\"><img loading=\"lazy\" decoding=\"async\" src=\"https:\/\/onlinecasinoprofy.com\/lv\/wp-content\/uploads\/sites\/18\/2022\/12\/fishki-3.png\" alt=\"fishki\" class=\"wp-image-36\" style=\"width:306px;height:357px\" width=\"306\" height=\"357\" srcset=\"https:\/\/onlinecasinoprofy.com\/lv\/wp-content\/uploads\/sites\/18\/2022\/12\/fishki-3.png 343w, https:\/\/onlinecasinoprofy.com\/lv\/wp-content\/uploads\/sites\/18\/2022\/12\/fishki-3-23x27.png 23w, https:\/\/onlinecasinoprofy.com\/lv\/wp-content\/uploads\/sites\/18\/2022\/12\/fishki-3-60x70.png 60w, https:\/\/onlinecasinoprofy.com\/lv\/wp-content\/uploads\/sites\/18\/2022\/12\/fishki-3-40x47.png 40w, https:\/\/onlinecasinoprofy.com\/lv\/wp-content\/uploads\/sites\/18\/2022\/12\/fishki-3-257x300.png 257w\" sizes=\"(max-width: 306px) 100vw, 306px\" \/><\/figure><\/div>\n\n\n<h2 class=\"wp-block-heading\" data-anchor=\"Re\u0123istr\u0101cija-\ud83d\udd8c\" id=\"Re\u0123istr\u0101cija-\ud83d\udd8c\"><strong>Re\u0123istr\u0101cija iWild Casino<\/strong><\/h2>\n\n\n\n<p>Tie\u0161saistes kazino re\u0123istr\u0101cijas procesi ir paz\u012bstami k\u0101 apgr\u016btino\u0161i, ta\u010du re\u0123istr\u0101cija iWildCasino nav nekas cits. Sp\u0113l\u0113t\u0101jiem ir nepiecie\u0161ams tikai:<\/p>\n\n\n\n<ol>\n<li>Ievadiet savus datus.<\/li>\n\n\n\n<li>Apstipriniet savu re\u0123istr\u0101ciju, nos\u016btot e-pastu.<\/li>\n<\/ol>\n\n\n\n<p>Tas ir viss, kas sp\u0113l\u0113t\u0101jam nepiecie\u0161ams, lai s\u0101ktu savu piedz\u012bvojumu iWildCasino.<\/p>\n\n\n\n<p>Kad sp\u0113l\u0113t\u0101ji v\u0113las veikt iemaksu un s\u0101kt savu ienes\u012bgo ce\u013cojumu tie\u0161saistes kazino, vi\u0146iem ir j\u0101iziet \u0101trs KYC p\u0101rbaudes process. Lai kazino var\u0113tu p\u0101rliecin\u0101ties, ka nenotiek nelikum\u012bgi ieg\u016btu l\u012bdzek\u013cu legaliz\u0113\u0161ana, sp\u0113l\u0113t\u0101jiem ir j\u0101iesniedz da\u017ei papildu dokumenti.<\/p>\n\n\n\n<h2 class=\"wp-block-heading\" data-anchor=\"Bonusi-\ud83c\udf81\" id=\"Bonusi-\ud83c\udf81\"><strong>iWildCasino &#8211; Bonusi un akcijas<\/strong><\/h2>\n\n\n\n<p>Ar d\u0101sniem sagaid\u012b\u0161anas pied\u0101v\u0101jumiem, bie\u017eiem turn\u012briem un sezon\u0101l\u0101m akcij\u0101m iWildCasino sp\u0113l\u0113t\u0101ji var b\u016bt dro\u0161i, ka nekad nepaliks bez baudas.<\/p>\n\n\n\n<p>Ko j\u016bs varat atrast kazino?<\/p>\n\n\n<div class=\"wp-block-image\">\n<figure class=\"alignright size-full is-resized\"><img loading=\"lazy\" decoding=\"async\" src=\"https:\/\/onlinecasinoprofy.com\/lv\/wp-content\/uploads\/sites\/18\/2022\/12\/bonus-2.png\" alt=\"bonus\" class=\"wp-image-23\" style=\"width:329px;height:309px\" width=\"329\" height=\"309\" srcset=\"https:\/\/onlinecasinoprofy.com\/lv\/wp-content\/uploads\/sites\/18\/2022\/12\/bonus-2.png 426w, https:\/\/onlinecasinoprofy.com\/lv\/wp-content\/uploads\/sites\/18\/2022\/12\/bonus-2-29x27.png 29w, https:\/\/onlinecasinoprofy.com\/lv\/wp-content\/uploads\/sites\/18\/2022\/12\/bonus-2-60x56.png 60w, https:\/\/onlinecasinoprofy.com\/lv\/wp-content\/uploads\/sites\/18\/2022\/12\/bonus-2-40x38.png 40w, https:\/\/onlinecasinoprofy.com\/lv\/wp-content\/uploads\/sites\/18\/2022\/12\/bonus-2-300x282.png 300w\" sizes=\"(max-width: 329px) 100vw, 329px\" \/><\/figure><\/div>\n\n\n<p>Uz\u0146em\u0161anas bonuss ir sadal\u012bts 4 depoz\u012btos:<\/p>\n\n\n\n<ul>\n<li><strong>Pirm\u0101 iemaksa <\/strong>100% l\u012bdz 500 \u20ac + 100 bezmaksas griezieni,<\/li>\n\n\n\n<li><strong>Otrais depoz\u012bts <\/strong>50% l\u012bdz \u20ac 1000 + 80 bezmaksas griezieni,<\/li>\n\n\n\n<li><strong>Tre\u0161ais depoz\u012bts <\/strong>30% l\u012bdz \u20ac 1000 + 60 bezmaksas griezieni,<\/li>\n\n\n\n<li><strong>Ceturtais depoz\u012bts <\/strong>\u20ac 80 l\u012bdz \u20ac 1000 + 30 bezmaksas griezieni.<\/li>\n<\/ul>\n\n\n\n<p>Kazino ar\u012b pied\u0101v\u0101 saviem sp\u0113l\u0113t\u0101jiem:<\/p>\n\n\n\n<ul>\n<li><strong>Weekend Reload Bonus<\/strong>: 50% bonuss l\u012bdz 500 \u20ac + 50 bezmaksas griezieni.<\/li>\n\n\n\n<li><strong>Ikned\u0113\u013cas naudas atmaksa <\/strong>10-15% l\u012bdz 500 \u20ac!<\/li>\n\n\n\n<li><strong>Wild depoz\u012bta bonuss tre\u0161dien<\/strong>: 50% bonuss l\u012bdz 300 \u20ac + 50 bezmaksas griezieni!<\/li>\n\n\n\n<li><strong>Lojalit\u0101tes programma<\/strong>: 5% lojalit\u0101tes punktu par katru iemaksu!<\/li>\n<\/ul>\n\n\n\n<h2 class=\"wp-block-heading\" data-anchor=\"Licences-\u2696\ufe0f\" id=\"Licences-\u2696\ufe0f\"><strong>Licences un dro\u0161\u012bba<\/strong><\/h2>\n\n\n\n<p>Altacore N.V. ir iWildCasino \u012bpa\u0161nieks, un tas ir re\u0123istr\u0113ts saska\u0146\u0101 ar likumiem. Tai ir kazino licence sp\u0113l\u0113t\u0101jiem no Kirasao.<\/p>\n\n\n\n<h2 class=\"wp-block-heading\" data-anchor=\"Sp\u0113les-\ud83c\udfb0\" id=\"Sp\u0113les-\ud83c\udfb0\"><strong>Kazino sp\u0113les iWildCasino<\/strong><\/h2>\n\n\n\n<p>Ir skaidrs, ka, veidojot \u0161\u012b kazino sp\u0113\u013cu kolekciju, ir \u0146emtas v\u0113r\u0101 da\u017e\u0101das sp\u0113l\u0113t\u0101ju gaumes.<\/p>\n\n\n\n<p>iWildCasino saviem sp\u0113l\u0113t\u0101jiem pied\u0101v\u0101 tikai lab\u0101k\u0101s pieejam\u0101s tie\u0161saistes sp\u0113les un neaizmirstamu azartsp\u0113\u013cu pieredzi kl\u0101tienes kazino, t\u0101p\u0113c jums garant\u0113 izklaidi.<\/p>\n\n\n\n<p>Mums ir vair\u0101k nek\u0101 6000 tie\u0161saistes sp\u0113\u013cu, tostarp sp\u0113\u013cu autom\u0101ti, rulete, n\u016bju un daudz kas cits. Katra no m\u016bsu sp\u0113l\u0113m ir ofici\u0101li p\u0101rbaud\u012bta, apstiprin\u0101ta un sertific\u0113ta, lai nodro\u0161in\u0101tu, ka m\u0113s esam god\u012bgi pret katru sp\u0113l\u0113t\u0101ju.<\/p>\n\n\n\n            <div class=\"casinoGames d-flex align-items-start\">\n                <div class=\"casinoGames-big grayBgBlock text-center\">6000+ <p>Sp\u0113les<\/p><\/div>\n                <ul class=\"casinoGames-other d-flex flex-wrap\"><li class=\"d-flex align-items-center justify-content-between\"><span class=\"text\">Sp\u0113\u013cu autom\u0101ti<\/span><span class=\"grayBgBlock\">5500+<\/span><\/li><li class=\"d-flex align-items-center justify-content-between\"><span class=\"text\">Video Pokers<\/span><span class=\"grayBgBlock\">3<\/span><\/li><li class=\"d-flex align-items-center justify-content-between\"><span class=\"text\">Bakara<\/span><span class=\"grayBgBlock\">25<\/span><\/li><li class=\"d-flex align-items-center justify-content-between\"><span class=\"text\">Rulete<\/span><span class=\"grayBgBlock\">25<\/span><\/li><li class=\"d-flex align-items-center justify-content-between\"><span class=\"text\">Blekd\u017eeks<\/span><span class=\"grayBgBlock\">32<\/span><\/li><li class=\"d-flex align-items-center justify-content-between\"><span class=\"text\">Pokers<\/span><span class=\"grayBgBlock\">25<\/span><\/li><li class=\"d-flex align-items-center justify-content-between\"><span class=\"text\">Bingo<\/span><span class=\"grayBgBlock\">25<\/span><\/li><li class=\"d-flex align-items-center justify-content-between\"><span class=\"text\">Live kazino sp\u0113le<\/span><span class=\"grayBgBlock\">280<\/span><\/li><\/ul>\n            <\/div>\n        \n\n\n\n<p>Pied\u0101v\u0101tos sp\u0113\u013cu autom\u0101tus ir izstr\u0101d\u0101ju\u0161i t\u0101di paz\u012bstami pakalpojumu sniedz\u0113ji k\u0101 Play&#8217;n GO, Microgaming, Red Tiger, Pragmatic Play, Big Time Gaming, Gamomat, Oryx, Hacksaw Gaming, Thunderkick, Kalamba, High 5, Synot, Booming Games, NetEnt, Wazdan un daudzi citi.<\/p>\n\n\n\n<p><strong>\u012astu d\u012bleru sp\u0113les <\/strong>ir neat\u0146emama iWildCasino sp\u0113\u013cu pied\u0101v\u0101juma sast\u0101vda\u013ca &#8211; pokera, n\u016bju, ruletes, baccarat, craps un tie\u0161rai\u017eu \u0161ovu veidi. Pieg\u0101d\u0101t\u0101ji LiveG24, Quik, Pragmatic Live, BetGames un Evolution nodro\u0161ina dz\u012bv\u0101s sp\u0113les izv\u0113li \u0161aj\u0101 kazino.<\/p>\n\n\n\n<p>Sp\u0113l\u0113t\u0101ji, kuri sav\u0101 slavas un slavas mekl\u0113jumos v\u0113las iesaist\u012bt ar\u012b kl\u0101tienes d\u012blerus, vislab\u0101k var izv\u0113l\u0113ties pokeru un ruleti kl\u0101tien\u0113.<\/p>\n\n\n\n<p>Ruletes sp\u0113lei kl\u0101tien\u0113 piem\u012bt aizraujo\u0161a dimensija. Divi no popul\u0101r\u0101kajiem variantiem ir Eiropas rulete un amerik\u0101\u0146u rulete, turkl\u0101t amerik\u0101\u0146u ruletes variant\u0101 uz rata un galda ir papildu skaitlis, sal\u012bdzinot ar amerik\u0101\u0146u ruleti.<\/p>\n\n\n\n<h2 class=\"wp-block-heading\" data-anchor=\"Programmat\u016bra-\u2699\ufe0f\" id=\"Programmat\u016bra-\u2699\ufe0f\"><strong>Kazino programmat\u016bra<\/strong><\/h2>\n\n\n\n<p>Lab\u0101kie sp\u0113\u013cu pakalpojumu sniedz\u0113ji noz\u012bm\u0113 ar\u012b lab\u0101k\u0101s sp\u0113les. iWildCasino ir pilns ar sp\u0113l\u0113m, ko r\u016bp\u012bgi izstr\u0101d\u0101ju\u0161i da\u017ei no paz\u012bstam\u0101kajiem iGaming nozares pakalpojumu sniedz\u0113jiem. Zem\u0101k ir visaptvero\u0161s saraksts ar visiem iWildCasino p\u0101rst\u0101v\u0113tajiem pakalpojumu sniedz\u0113jiem.<\/p>\n\n\n\n<div class=\"wp-block-columns is-layout-flex wp-container-core-columns-is-layout-1 wp-block-columns-is-layout-flex\">\n<div class=\"wp-block-column is-layout-flow wp-block-column-is-layout-flow\">\n<ul>\n<li>Belatra,&nbsp;<\/li>\n\n\n\n<li>TPG,&nbsp;<\/li>\n\n\n\n<li>Hogaming,&nbsp;<\/li>\n\n\n\n<li>High Games,<\/li>\n\n\n\n<li>Vela Gaming,&nbsp;<\/li>\n\n\n\n<li>ReelPlay,&nbsp;<\/li>\n\n\n\n<li>Relax,&nbsp;<\/li>\n\n\n\n<li>BigTime,&nbsp;<\/li>\n\n\n\n<li>ELKStudios,&nbsp;<\/li>\n\n\n\n<li>RedTigerGaming,&nbsp;<\/li>\n\n\n\n<li>NoLimitCity,&nbsp;<\/li>\n\n\n\n<li>Wazdan,&nbsp;<\/li>\n\n\n\n<li>PlaynGO,&nbsp;<\/li>\n\n\n\n<li>Ezugi,&nbsp;<\/li>\n\n\n\n<li>NetEnt,<\/li>\n<\/ul>\n<\/div>\n\n\n\n<div class=\"wp-block-column is-layout-flow wp-block-column-is-layout-flow\">\n<ul>\n<li>Evolution Gaming,&nbsp;<\/li>\n\n\n\n<li>Quickspin,&nbsp;<\/li>\n\n\n\n<li>1X2 Gaming,&nbsp;<\/li>\n\n\n\n<li>Apollo Games,&nbsp;<\/li>\n\n\n\n<li>BF Games,&nbsp;<\/li>\n\n\n\n<li>Bet games,&nbsp;<\/li>\n\n\n\n<li>BetSoft,&nbsp;<\/li>\n\n\n\n<li>Booming Games,&nbsp;<\/li>\n\n\n\n<li>Edict,&nbsp;<\/li>\n\n\n\n<li>EGT,&nbsp;<\/li>\n\n\n\n<li>Blueprint Gaming,&nbsp;<\/li>\n\n\n\n<li>EvoPlay,&nbsp;<\/li>\n\n\n\n<li>Habanero<\/li>\n\n\n\n<li>Tom horn,&nbsp;<\/li>\n\n\n\n<li>Spribe, <\/li>\n<\/ul>\n<\/div>\n\n\n\n<div class=\"wp-block-column is-layout-flow wp-block-column-is-layout-flow\">\n<ul>\n<li>Spinomenai,&nbsp;<\/li>\n\n\n\n<li>Spinmatic,&nbsp;<\/li>\n\n\n\n<li>Playtech,<\/li>\n\n\n\n<li>Platipus,<\/li>\n\n\n\n<li>Pragmatic Play,<\/li>\n\n\n\n<li>Nolimit,&nbsp;<\/li>\n\n\n\n<li>Push Gaming,&nbsp;<\/li>\n\n\n\n<li>Microgaming,&nbsp;<\/li>\n\n\n\n<li>Playson,&nbsp;<\/li>\n\n\n\n<li>Softbet,<\/li>\n\n\n\n<li>Thunderkick,<\/li>\n\n\n\n<li>Bongo,&nbsp;<\/li>\n\n\n\n<li>BTG,&nbsp;<\/li>\n\n\n\n<li>YGGDRASIL,&nbsp;<\/li>\n\n\n\n<li>XProgaming<\/li>\n<\/ul>\n<\/div>\n<\/div>\n\n\n\n<p>\u0160ie pakalpojumu sniedz\u0113ji, k\u0101 ar\u012b daudzi citi, ir pal\u012bdz\u0113ju\u0161i izveidot iWildCasino p\u0101rsteidzo\u0161u vair\u0101k nek\u0101 3000 sp\u0113\u013cu autom\u0101tu un gandr\u012bz 250 dz\u012bv\u0101 kazino sp\u0113\u013cu portfeli.<\/p>\n\n\n<div class=\"wp-block-image\">\n<figure class=\"alignright size-full is-resized\"><img loading=\"lazy\" decoding=\"async\" src=\"https:\/\/onlinecasinoprofy.com\/lv\/wp-content\/uploads\/sites\/18\/2022\/12\/mob-4.png\" alt=\"mob\" class=\"wp-image-45\" style=\"width:346px;height:341px\" width=\"346\" height=\"341\" srcset=\"https:\/\/onlinecasinoprofy.com\/lv\/wp-content\/uploads\/sites\/18\/2022\/12\/mob-4.png 405w, https:\/\/onlinecasinoprofy.com\/lv\/wp-content\/uploads\/sites\/18\/2022\/12\/mob-4-100x100.png 100w, https:\/\/onlinecasinoprofy.com\/lv\/wp-content\/uploads\/sites\/18\/2022\/12\/mob-4-27x27.png 27w, https:\/\/onlinecasinoprofy.com\/lv\/wp-content\/uploads\/sites\/18\/2022\/12\/mob-4-85x85.png 85w, https:\/\/onlinecasinoprofy.com\/lv\/wp-content\/uploads\/sites\/18\/2022\/12\/mob-4-60x59.png 60w, https:\/\/onlinecasinoprofy.com\/lv\/wp-content\/uploads\/sites\/18\/2022\/12\/mob-4-40x40.png 40w, https:\/\/onlinecasinoprofy.com\/lv\/wp-content\/uploads\/sites\/18\/2022\/12\/mob-4-44x44.png 44w, https:\/\/onlinecasinoprofy.com\/lv\/wp-content\/uploads\/sites\/18\/2022\/12\/mob-4-300x296.png 300w, https:\/\/onlinecasinoprofy.com\/lv\/wp-content\/uploads\/sites\/18\/2022\/12\/mob-4-32x32.png 32w\" sizes=\"(max-width: 346px) 100vw, 346px\" \/><\/figure><\/div>\n\n\n<h2 class=\"wp-block-heading\" id=\"h-mobilais-iwildcasino\"><strong>Mobilais iWildCasino<\/strong><\/h2>\n\n\n\n<p>iGaming diez vai b\u016btu tik popul\u0101rs k\u0101 \u0161odien, ja sp\u0113l\u0113t\u0101jiem b\u016btu j\u0101lejupiel\u0101d\u0113 katra sp\u0113le, kas vi\u0146iem pat\u012bk. Paties\u012bb\u0101 tie\u0161i neierobe\u017eota pieejam\u012bba ir t\u0101, kas ir pac\u0113lusi kazino pieredzi l\u012bdz tik iespaid\u012bg\u0101m virsotn\u0113m, jo sp\u0113l\u0113t\u0101jiem ir t\u016bl\u012bt\u0113ja piek\u013cuve saviem iecien\u012bt\u0101kajiem kazino ar vienu pirksta piesk\u0101rienu.<\/p>\n\n\n\n<p>Lai gan iWildCasino v\u0113l nepied\u0101v\u0101 lietotni savam kazino, tas nevainojami darbojas mobilaj\u0101s p\u0101rl\u016bkprogramm\u0101s. \u0160aj\u0101 platform\u0101 ir iesp\u0113jams veikt ar\u012b iemaksas un izmaksas, t\u0101p\u0113c nekas netrauc\u0113 izveidot jaunu sp\u0113\u013cu autom\u0101tu.<\/p>\n\n\n\n<p>iWildCasino ir pieejams Windows, Android un iOS ier\u012bc\u0113s.<\/p>\n\n\n\n<h2 class=\"wp-block-heading\" data-anchor=\"Maks\u0101jumu-Metodes-\ud83d\udcb8\" id=\"Maks\u0101jumu-Metodes-\ud83d\udcb8\"><strong>iWildCasino &#8211; P\u0101rbaud\u012btas maks\u0101jumu metodes<\/strong><\/h2>\n\n\n\n<p>iWildCasino ir integr\u0113jusi da\u017e\u0101dus veidus, k\u0101 padar\u012bt savu tie\u0161saistes kazino pieredzi.<\/p>\n\n\n\n<p><strong>Starp kazino pied\u0101v\u0101taj\u0101m maks\u0101jumu metod\u0113m var atrast:<\/strong> Astropay, AstroPayCard, Bank Transfer, Bitcoin, Dogecoin, Ecopayz, ethereum, eZeewallet, Interac, Jeton, Klarna, LiteCoin, Mastercard, Mifinity, MuchBetter, Neteller, Paycos, Paysefecard, Rapid Transfer, Skrill, Sofort, Sticpay, Tether, Tron, Utorg, Visa, Zimpler.<\/p>\n\n\n\n<p>iWildCasino ir noteikts 400 EUR iz\u0146em\u0161anas limits 1 reizi, 1200 EUR dien\u0101 un 20 000 EUR m\u0113nes\u012b, ta\u010du tas liel\u0101 m\u0113r\u0101 ir atkar\u012bgs no sp\u0113l\u0113t\u0101ja izv\u0113l\u0113t\u0101 maks\u0101jumu pakalpojumu sniedz\u0113ja. Sp\u0113l\u0113t\u0101ji var noteikt sev ierobe\u017eojumus &#8211; gan laika, gan finan\u0161u -, lai regul\u0113tu savas likmes. Tas atbilst atbild\u012bgas sp\u0113l\u0113\u0161anas koncepcijai, ko iev\u0113ro visi dro\u0161ie tie\u0161saistes kazino.<\/p>\n\n\n\n<h2 class=\"wp-block-heading\" data-anchor=\"Klientu-apkalpo\u0161ana-\ud83d\udcde\" id=\"Klientu-apkalpo\u0161ana-\ud83d\udcde\"><strong>K\u0101ds ir iWildCasino klientu apkalpo\u0161anas l\u012bmenis?<\/strong><\/h2>\n\n\n\n<p>Tie\u0161saistes kazino klientu apkalpo\u0161ana parasti daudz pasaka par pa\u0161u kazino. Sprie\u017eot p\u0113c neskait\u0101maj\u0101m pozit\u012bvaj\u0101m atsauksm\u0113m, iWildCasino klientu apkalpo\u0161anas dienests izce\u013cas ar to, ka pied\u0101v\u0101 sp\u0113l\u0113t\u0101jiem lielisku pal\u012bdz\u012bbu, risinot jebk\u0101das probl\u0113mas, kas var rasties.<\/p>\n\n\n<div class=\"row casinoContacts\">\n                <div class=\"col-lg-4 casinoContacts-item\">\n                    <div class=\"smallCards\">\n                        <p class=\"smallCards-title text d-flex justify-content-between\">\n                            <span>E-mail<\/span>\n                            <img loading=\"lazy\" decoding=\"async\" src=\"https:\/\/onlinecasinoprofy.com\/lv\/wp-content\/themes\/casinoprofy\/static\/images\/message_icon.svg\" width=\"29\" height=\"25\" alt=\"E-mail icon\">\n                        <\/p>\n                        <span class=\"grayBgBlock\">\n                            support@iwildcasino.com                      \n                        <\/span>\n                    <\/div>\n                <\/div>\n            \n                <div class=\"col-lg-4 casinoContacts-item\">\n                    <div class=\"smallCards\">\n                        <p class=\"smallCards-title text d-flex justify-content-between\">\n                            <span>Live chat<\/span>\n                            <img loading=\"lazy\" decoding=\"async\" src=\"https:\/\/onlinecasinoprofy.com\/lv\/wp-content\/themes\/casinoprofy\/static\/images\/chat_icon.svg\" width=\"29\" height=\"25\" alt=\"Live chat icon\">\n                        <\/p>\n                        <span class=\"grayBgBlock\">\n                            \u2705                      \n                        <\/span>\n                    <\/div>\n                <\/div>\n            \n                <div class=\"col-lg-4 casinoContacts-item\">\n                    <div class=\"smallCards\">\n                        <p class=\"smallCards-title text d-flex justify-content-between\">\n                            <span>T\u0101lrunis<\/span>\n                            <img loading=\"lazy\" decoding=\"async\" src=\"https:\/\/onlinecasinoprofy.com\/lv\/wp-content\/themes\/casinoprofy\/static\/images\/calling_icon.svg\" width=\"29\" height=\"25\" alt=\"T\u0101lrunis icon\">\n                        <\/p>\n                        <span class=\"grayBgBlock\">\n                            +35-627-781-412                      \n                        <\/span>\n                    <\/div>\n                <\/div>\n            <\/div>\n\n\n\n<p>Sazin\u0101ties ar klientu atbalsta dienestu ir viegli un to var izdar\u012bt, izmantojot daudzas metodes. Ja apmekl\u0113 iWildCasino t\u012bmek\u013ca vietni, aug\u0161pus\u0113 nospiediet uz \u010detr\u0101m horizont\u0101l\u0101m l\u012bnij\u0101m un p\u0113c tam noklik\u0161\u0137iniet uz Support, jums b\u016bs pieejami tr\u012bs visvienk\u0101r\u0161\u0101kie veidi, k\u0101 sa\u0146emt nepiecie\u0161amo pal\u012bdz\u012bbu.<\/p>\n","protected":false},"excerpt":{"rendered":"","protected":false},"author":5,"featured_media":122,"parent":0,"menu_order":0,"comment_status":"closed","ping_status":"closed","template":"casinos.php","meta":{"footnotes":""},"categories":[],"tags":[],"acf":[],"yoast_head":"<!-- This site is optimized with the Yoast SEO Premium plugin v20.8 (Yoast SEO v21.6) - https:\/\/yoast.com\/wordpress\/plugins\/seo\/ -->\n<title>iWildCasino \ud83c\udfb0 | 260% l\u012bdz \u20ac3500 bonuss + 270 bezmaksas griezieni\u00a0<\/title>\n<meta name=\"description\" content=\"M\u016bsu testa zi\u0146ojum\u0101 J\u016bs uzzin\u0101siet, k\u0101das sp\u0113les \ud83c\udfaf, pr\u0113mijas un \u012bpa\u0161os pied\u0101v\u0101jumus \ud83c\udf81 iWildCasino Jums ir sagatavojis \u2705.\" \/>\n<meta name=\"robots\" content=\"index, follow, max-snippet:-1, max-image-preview:large, max-video-preview:-1\" \/>\n<link rel=\"canonical\" href=\"https:\/\/onlinecasinoprofy.com\/lv\/wp-json\/wp\/v2\/pages\/121\/\" \/>\n<meta property=\"og:locale\" content=\"lv_LV\" \/>\n<meta property=\"og:type\" content=\"article\" \/>\n<meta property=\"og:title\" content=\"iWild Casino Apskats\" \/>\n<meta property=\"og:description\" content=\"M\u016bsu testa zi\u0146ojum\u0101 J\u016bs uzzin\u0101siet, k\u0101das sp\u0113les \ud83c\udfaf, pr\u0113mijas un \u012bpa\u0161os pied\u0101v\u0101jumus \ud83c\udf81 iWildCasino Jums ir sagatavojis \u2705.\" \/>\n<meta property=\"og:url\" content=\"https:\/\/onlinecasinoprofy.com\/lv\/iwild-casino\/\" \/>\n<meta property=\"og:site_name\" content=\"CasinoProfy LV\" \/>\n<meta property=\"article:modified_time\" content=\"2024-01-22T18:43:47+00:00\" \/>\n<meta property=\"og:image\" content=\"https:\/\/onlinecasinoprofy.com\/lv\/wp-content\/uploads\/sites\/18\/2023\/01\/iwildcasino-casino-logo.png\" \/>\n\t<meta property=\"og:image:width\" content=\"400\" \/>\n\t<meta property=\"og:image:height\" content=\"400\" \/>\n\t<meta property=\"og:image:type\" content=\"image\/png\" \/>\n<meta name=\"twitter:card\" content=\"summary_large_image\" \/>\n<meta name=\"twitter:label1\" content=\"Est. reading time\" \/>\n\t<meta name=\"twitter:data1\" content=\"6 min\u016btes\" \/>\n<!-- \/ Yoast SEO Premium plugin. -->","yoast_head_json":{"title":"iWildCasino \ud83c\udfb0 | 260% l\u012bdz \u20ac3500 bonuss + 270 bezmaksas griezieni\u00a0","description":"M\u016bsu testa zi\u0146ojum\u0101 J\u016bs uzzin\u0101siet, k\u0101das sp\u0113les \ud83c\udfaf, pr\u0113mijas un \u012bpa\u0161os pied\u0101v\u0101jumus \ud83c\udf81 iWildCasino Jums ir sagatavojis \u2705.","robots":{"index":"index","follow":"follow","max-snippet":"max-snippet:-1","max-image-preview":"max-image-preview:large","max-video-preview":"max-video-preview:-1"},"canonical":"https:\/\/onlinecasinoprofy.com\/lv\/wp-json\/wp\/v2\/pages\/121\/","og_locale":"lv_LV","og_type":"article","og_title":"iWild Casino Apskats","og_description":"M\u016bsu testa zi\u0146ojum\u0101 J\u016bs uzzin\u0101siet, k\u0101das sp\u0113les \ud83c\udfaf, pr\u0113mijas un \u012bpa\u0161os pied\u0101v\u0101jumus \ud83c\udf81 iWildCasino Jums ir sagatavojis \u2705.","og_url":"https:\/\/onlinecasinoprofy.com\/lv\/iwild-casino\/","og_site_name":"CasinoProfy LV","article_modified_time":"2024-01-22T18:43:47+00:00","og_image":[{"width":400,"height":400,"url":"https:\/\/onlinecasinoprofy.com\/lv\/wp-content\/uploads\/sites\/18\/2023\/01\/iwildcasino-casino-logo.png","type":"image\/png"}],"twitter_card":"summary_large_image","twitter_misc":{"Est. reading time":"6 min\u016btes"},"schema":{"@context":"https:\/\/schema.org","@graph":[{"@type":"WebPage","@id":"https:\/\/onlinecasinoprofy.com\/lv\/iwild-casino\/","url":"https:\/\/onlinecasinoprofy.com\/lv\/iwild-casino\/","name":"iWildCasino \ud83c\udfb0 | 260% l\u012bdz \u20ac3500 bonuss + 270 bezmaksas griezieni\u00a0","isPartOf":{"@id":"https:\/\/onlinecasinoprofy.com\/lv\/#website"},"datePublished":"2023-01-30T13:56:48+00:00","dateModified":"2024-01-22T18:43:47+00:00","description":"M\u016bsu testa zi\u0146ojum\u0101 J\u016bs uzzin\u0101siet, k\u0101das sp\u0113les \ud83c\udfaf, pr\u0113mijas un \u012bpa\u0161os pied\u0101v\u0101jumus \ud83c\udf81 iWildCasino Jums ir sagatavojis \u2705.","inLanguage":"lv-LV","potentialAction":[{"@type":"ReadAction","target":["https:\/\/onlinecasinoprofy.com\/lv\/iwild-casino\/"]}]},{"@type":"WebSite","@id":"https:\/\/onlinecasinoprofy.com\/lv\/#website","url":"https:\/\/onlinecasinoprofy.com\/lv\/","name":"CasinoProfy LV","description":"\u041f\u0440\u043e\u0441\u0442\u043e \u0449\u0435 \u043e\u0434\u0438\u043d CasinoProfy Sites \u0441\u0430\u0439\u0442","inLanguage":"lv-LV"}]}},"_links":{"self":[{"href":"https:\/\/onlinecasinoprofy.com\/lv\/wp-json\/wp\/v2\/pages\/121"}],"collection":[{"href":"https:\/\/onlinecasinoprofy.com\/lv\/wp-json\/wp\/v2\/pages"}],"about":[{"href":"https:\/\/onlinecasinoprofy.com\/lv\/wp-json\/wp\/v2\/types\/page"}],"author":[{"embeddable":true,"href":"https:\/\/onlinecasinoprofy.com\/lv\/wp-json\/wp\/v2\/users\/5"}],"replies":[{"embeddable":true,"href":"https:\/\/onlinecasinoprofy.com\/lv\/wp-json\/wp\/v2\/comments?post=121"}],"version-history":[{"count":0,"href":"https:\/\/onlinecasinoprofy.com\/lv\/wp-json\/wp\/v2\/pages\/121\/revisions"}],"wp:featuredmedia":[{"embeddable":true,"href":"https:\/\/onlinecasinoprofy.com\/lv\/wp-json\/wp\/v2\/media\/122"}],"wp:attachment":[{"href":"https:\/\/onlinecasinoprofy.com\/lv\/wp-json\/wp\/v2\/media?parent=121"}],"wp:term":[{"taxonomy":"category","embeddable":true,"href":"https:\/\/onlinecasinoprofy.com\/lv\/wp-json\/wp\/v2\/categories?post=121"},{"taxonomy":"post_tag","embeddable":true,"href":"https:\/\/onlinecasinoprofy.com\/lv\/wp-json\/wp\/v2\/tags?post=121"}],"curies":[{"name":"wp","href":"https:\/\/api.w.org\/{rel}","templated":true}]}}