{"id":395,"date":"2023-08-18T01:29:44","date_gmt":"2023-08-17T22:29:44","guid":{"rendered":"https:\/\/onlinecasinoprofy.com\/lv\/ice-casino\/login\/"},"modified":"2023-08-18T01:42:10","modified_gmt":"2023-08-17T22:42:10","slug":"login","status":"publish","type":"page","link":"https:\/\/onlinecasinoprofy.com\/lv\/ice-casino\/login\/","title":{"rendered":"Ice Casino Login"},"content":{"rendered":"<p><span style=\"font-weight: 400;\">Laipni l\u016bgti m\u016bsu rokasgr\u0101mat\u0101 par to, k\u0101 piek\u013c\u016bt savam sp\u0113l\u0113t\u0101ja kontam Ice Casino. Neatkar\u012bgi no t\u0101, vai esat jauns sp\u0113l\u0113t\u0101js vai jau esat re\u0123istr\u0113jies, m\u0113s v\u0113lamies sniegt jums skaidrus nor\u0101d\u012bjumus, k\u0101 nodro\u0161in\u0101t Ice Casino pieteik\u0161anos, un iepaz\u012bstin\u0101t j\u016bs ar aizraujo\u0161o kazino pasauli. Uzziniet, k\u0101 piek\u013c\u016bt savam kontam, baud\u012bt iecien\u012bt\u0101k\u0101s sp\u0113les, izmantot bonusus un efekt\u012bvi p\u0101rvald\u012bt savu kontu. Iegremd\u0113simies IceCasino vienk\u0101r\u0161aj\u0101 un \u0113rtaj\u0101 pieteik\u0161an\u0101s proced\u016br\u0101 un izbaud\u012bsim p\u0101rsteidzo\u0161u sp\u0113\u013cu pieredzi.\u00a0<\/span><\/p>\n<h2><span style=\"font-weight: 400;\">Ice Casino Login &#8211; Instrukcijas<\/span><\/h2>\n<p><span style=\"font-weight: 400; float: right;\"><img decoding=\"async\" loading=\"lazy\" class=\"size-medium wp-image-32\" src=\"https:\/\/onlinecasinoprofy.com\/lv\/wp-content\/uploads\/sites\/18\/2022\/12\/casino-3-300x235.png\" alt=\"casino\" width=\"300\" height=\"235\" srcset=\"https:\/\/onlinecasinoprofy.com\/lv\/wp-content\/uploads\/sites\/18\/2022\/12\/casino-3-300x235.png 300w, https:\/\/onlinecasinoprofy.com\/lv\/wp-content\/uploads\/sites\/18\/2022\/12\/casino-3.png 510w\" sizes=\"(max-width: 300px) 100vw, 300px\" \/><\/span><\/p>\n<ul>\n<li style=\"font-weight: 400;\" aria-level=\"1\"><span style=\"font-weight: 400;\">Atveriet ofici\u0101lo kazino vietni, ievadot t\u0101s adresi sav\u0101 p\u0101rl\u016bkprogramm\u0101 dator\u0101 vai mobilaj\u0101 ier\u012bc\u0113. Lapa piel\u0101gosies j\u016bsu ekr\u0101na izm\u0113ram.<\/span><\/li>\n<li style=\"font-weight: 400;\" aria-level=\"1\"><span style=\"font-weight: 400;\">Lapas aug\u0161pus\u0113 noklik\u0161\u0137iniet uz &#8220;Ice Casino login&#8221;.<\/span><\/li>\n<li style=\"font-weight: 400;\" aria-level=\"1\"><span style=\"font-weight: 400;\">Ievadiet re\u0123istr\u0101cijas laik\u0101 izmantoto e-pasta adresi un paroli.<\/span><\/li>\n<li style=\"font-weight: 400;\" aria-level=\"1\"><span style=\"font-weight: 400;\">Noklik\u0161\u0137iniet uz &#8220;Ice Casino login&#8221;.<\/span><\/li>\n<\/ul>\n<p><span style=\"font-weight: 400;\">Mobilajiem lietot\u0101jiem nav nepiecie\u0161ams instal\u0113t papildu lietojumprogrammas. Vietnes mobil\u0101 versija ir saska\u0146ota ar dro\u0161\u012bbas standartiem un priv\u0101tuma politiku.<\/span><\/p>\n<p><span style=\"font-weight: 400;\">Ja esat aizmirsis <\/span><span style=\"font-weight: 400;\">IceCasino pieteik\u0161an\u0101s <\/span><span style=\"font-weight: 400;\">datus, neveidojiet jaunu kontu. Vienk\u0101r\u0161i noklik\u0161\u0137iniet uz &#8220;Aizmirs\u0101t paroli&#8221; un izpildiet nor\u0101d\u012bjumus, lai atg\u016btu piek\u013cuvi.<\/span><\/p>\n<p><span style=\"font-weight: 400;\">Ja rodas gr\u016bt\u012bbas, sazinieties ar klientu apkalpo\u0161anas dienestu. \u0160\u012b komanda ir pieejama visu diennakti un ar prieku pal\u012bdz\u0113s jums veikt pieteik\u0161an\u0101s procesu.<\/span><\/p>\n<h2><span style=\"font-weight: 400;\">Priek\u0161roc\u012bbas, izmantojot Ice Casino\u00a0<\/span><\/h2>\n<p><span style=\"font-weight: 400;\">Kad esat re\u0123istr\u0113jies un pieteicies Ice Casino, lietot\u0101ji var izmantot visas vietnes funkcijas. Vi\u0146i var sp\u0113l\u0113t sp\u0113les, veikt re\u0101las naudas likmes, sa\u0146emt laimestus un iz\u0146emt l\u012bdzek\u013cus sav\u0101 kont\u0101.<\/span><\/p>\n<p><span style=\"font-weight: 400;\">Lai izmantotu \u012bpa\u0161os pied\u0101v\u0101jumus, turn\u012brus un loterijas, ir nepiecie\u0161ams pieteikties. <\/span><span style=\"font-weight: 400;\">Ledus kazino pieteik\u0161an\u0101s <\/span><span style=\"font-weight: 400;\">\u013cauj ar\u012b veikt finan\u0161u dar\u012bjumus, p\u0101rraudz\u012bt savu dar\u012bjumu v\u0113sturi un iz\u0146emt l\u012bdzek\u013cus.<\/span><\/p>\n<h2><span style=\"font-weight: 400;\">Bie\u017e\u0101k sastopam\u0101s probl\u0113mas, piesl\u0113dzoties Ice Casino\u00a0<\/span><\/h2>\n<p><span style=\"font-weight: 400;\">Ja, <\/span><span style=\"font-weight: 400;\">piesl\u0113dzoties IceCasino, <\/span><span style=\"font-weight: 400;\">sastopaties ar gr\u016bt\u012bb\u0101m, \u0161eit ir aprakst\u012btas da\u017eas bie\u017ei sastopamas probl\u0113mas un to risin\u0101jumi:\u00a0<\/span><\/p>\n<p><span style=\"font-weight: 400; float: right;\"><img decoding=\"async\" loading=\"lazy\" class=\"size-medium wp-image-38\" src=\"https:\/\/onlinecasinoprofy.com\/lv\/wp-content\/uploads\/sites\/18\/2022\/12\/games-1-300x221.png\" alt=\"games\" width=\"300\" height=\"221\" srcset=\"https:\/\/onlinecasinoprofy.com\/lv\/wp-content\/uploads\/sites\/18\/2022\/12\/games-1-300x221.png 300w, https:\/\/onlinecasinoprofy.com\/lv\/wp-content\/uploads\/sites\/18\/2022\/12\/games-1.png 543w\" sizes=\"(max-width: 300px) 100vw, 300px\" \/><\/span><\/p>\n<ul>\n<li style=\"font-weight: 400;\" aria-level=\"1\"><span style=\"font-weight: 400;\"><strong>Aizmirsta parole<\/strong>: ja esat aizmirsis savu paroli, nekas nav zaud\u0113ts! Vienk\u0101r\u0161i noklik\u0161\u0137iniet uz saites &#8220;Aizmirs\u0101t paroli?&#8221;. Izpildiet nor\u0101d\u012bjumus, lai atjaunotu paroli. Ja paroles atiestat\u012b\u0161anas proces\u0101 jums nepiecie\u0161ama papildu pal\u012bdz\u012bba, m\u016bsu klientu apkalpo\u0161anas komanda ir gatava jums pal\u012bdz\u0113t.\u00a0<\/span><\/li>\n<li style=\"font-weight: 400;\" aria-level=\"1\"><span style=\"font-weight: 400;\"><strong>Konta nav<\/strong>: Ja esat Ice Casino jaunpien\u0101c\u0113js un jums v\u0113l nav konta, vienk\u0101r\u0161i noklik\u0161\u0137iniet uz oran\u017e\u0101s pogas &#8220;Re\u0123istr\u0113ties&#8221;. Aizpildiet visu pras\u012bto inform\u0101ciju, un p\u0113c tam, kad viss b\u016bs pabeigts, j\u016bs var\u0113siet piek\u013c\u016bt Ice Casino pieteik\u0161an\u0101s vietnei, izmantojot savu jaunizveidoto kontu.<\/span><\/li>\n<\/ul>\n","protected":false},"excerpt":{"rendered":"","protected":false},"author":5,"featured_media":0,"parent":117,"menu_order":0,"comment_status":"closed","ping_status":"closed","template":"casinos.php","meta":{"footnotes":""},"categories":[],"tags":[],"acf":[],"yoast_head":"<!-- This site is optimized with the Yoast SEO Premium plugin v20.8 (Yoast SEO v21.6) - https:\/\/yoast.com\/wordpress\/plugins\/seo\/ -->\n<title>Ice Casino Login \ud83e\udd73 | Rokasgr\u0101mata no OnlineCasinoProfy<\/title>\n<meta name=\"description\" content=\"\u0160aj\u0101 rakst\u0101 m\u0113s par\u0101d\u012bsim, k\u0101 izskat\u0101s Ice Casino pieteik\u0161an\u0101s \ud83c\udf1f! K\u0101 \u0101tri pieteikties, k\u0101das probl\u0113mas var rasties un k\u0101 t\u0101s risin\u0101t!\" \/>\n<meta name=\"robots\" content=\"index, follow, max-snippet:-1, max-image-preview:large, max-video-preview:-1\" \/>\n<link rel=\"canonical\" href=\"https:\/\/onlinecasinoprofy.com\/lv\/wp-json\/wp\/v2\/pages\/395\/\" \/>\n<meta property=\"og:locale\" content=\"lv_LV\" \/>\n<meta property=\"og:type\" content=\"article\" \/>\n<meta property=\"og:title\" content=\"Ice Casino Login\" \/>\n<meta property=\"og:description\" content=\"\u0160aj\u0101 rakst\u0101 m\u0113s par\u0101d\u012bsim, k\u0101 izskat\u0101s Ice Casino pieteik\u0161an\u0101s \ud83c\udf1f! K\u0101 \u0101tri pieteikties, k\u0101das probl\u0113mas var rasties un k\u0101 t\u0101s risin\u0101t!\" \/>\n<meta property=\"og:url\" content=\"https:\/\/onlinecasinoprofy.com\/lv\/ice-casino\/login\/\" \/>\n<meta property=\"og:site_name\" content=\"CasinoProfy LV\" \/>\n<meta property=\"article:modified_time\" content=\"2023-08-17T22:42:10+00:00\" \/>\n<meta property=\"og:image\" content=\"https:\/\/onlinecasinoprofy.com\/lv\/wp-content\/uploads\/sites\/18\/2022\/12\/casino-3-300x235.png\" \/>\n<meta name=\"twitter:card\" content=\"summary_large_image\" \/>\n<meta name=\"twitter:label1\" content=\"Est. reading time\" \/>\n\t<meta name=\"twitter:data1\" content=\"2 min\u016btes\" \/>\n<!-- \/ Yoast SEO Premium plugin. -->","yoast_head_json":{"title":"Ice Casino Login \ud83e\udd73 | Rokasgr\u0101mata no OnlineCasinoProfy","description":"\u0160aj\u0101 rakst\u0101 m\u0113s par\u0101d\u012bsim, k\u0101 izskat\u0101s Ice Casino pieteik\u0161an\u0101s \ud83c\udf1f! K\u0101 \u0101tri pieteikties, k\u0101das probl\u0113mas var rasties un k\u0101 t\u0101s risin\u0101t!","robots":{"index":"index","follow":"follow","max-snippet":"max-snippet:-1","max-image-preview":"max-image-preview:large","max-video-preview":"max-video-preview:-1"},"canonical":"https:\/\/onlinecasinoprofy.com\/lv\/wp-json\/wp\/v2\/pages\/395\/","og_locale":"lv_LV","og_type":"article","og_title":"Ice Casino Login","og_description":"\u0160aj\u0101 rakst\u0101 m\u0113s par\u0101d\u012bsim, k\u0101 izskat\u0101s Ice Casino pieteik\u0161an\u0101s \ud83c\udf1f! K\u0101 \u0101tri pieteikties, k\u0101das probl\u0113mas var rasties un k\u0101 t\u0101s risin\u0101t!","og_url":"https:\/\/onlinecasinoprofy.com\/lv\/ice-casino\/login\/","og_site_name":"CasinoProfy LV","article_modified_time":"2023-08-17T22:42:10+00:00","og_image":[{"url":"https:\/\/onlinecasinoprofy.com\/lv\/wp-content\/uploads\/sites\/18\/2022\/12\/casino-3-300x235.png"}],"twitter_card":"summary_large_image","twitter_misc":{"Est. reading time":"2 min\u016btes"},"schema":{"@context":"https:\/\/schema.org","@graph":[{"@type":"WebPage","@id":"https:\/\/onlinecasinoprofy.com\/lv\/ice-casino\/login\/","url":"https:\/\/onlinecasinoprofy.com\/lv\/ice-casino\/login\/","name":"Ice Casino Login \ud83e\udd73 | Rokasgr\u0101mata no OnlineCasinoProfy","isPartOf":{"@id":"https:\/\/onlinecasinoprofy.com\/lv\/#website"},"datePublished":"2023-08-17T22:29:44+00:00","dateModified":"2023-08-17T22:42:10+00:00","description":"\u0160aj\u0101 rakst\u0101 m\u0113s par\u0101d\u012bsim, k\u0101 izskat\u0101s Ice Casino pieteik\u0161an\u0101s \ud83c\udf1f! K\u0101 \u0101tri pieteikties, k\u0101das probl\u0113mas var rasties un k\u0101 t\u0101s risin\u0101t!","breadcrumb":{"@id":"https:\/\/onlinecasinoprofy.com\/lv\/ice-casino\/login\/#breadcrumb"},"inLanguage":"lv-LV","potentialAction":[{"@type":"ReadAction","target":["https:\/\/onlinecasinoprofy.com\/lv\/ice-casino\/login\/"]}]},{"@type":"BreadcrumbList","@id":"https:\/\/onlinecasinoprofy.com\/lv\/ice-casino\/login\/#breadcrumb","itemListElement":[{"@type":"ListItem","position":1,"name":"Ice Casino","item":"https:\/\/onlinecasinoprofy.com\/lv\/ice-casino\/"},{"@type":"ListItem","position":2,"name":"Ice Casino Login"}]},{"@type":"WebSite","@id":"https:\/\/onlinecasinoprofy.com\/lv\/#website","url":"https:\/\/onlinecasinoprofy.com\/lv\/","name":"CasinoProfy LV","description":"\u041f\u0440\u043e\u0441\u0442\u043e \u0449\u0435 \u043e\u0434\u0438\u043d CasinoProfy Sites \u0441\u0430\u0439\u0442","inLanguage":"lv-LV"}]}},"_links":{"self":[{"href":"https:\/\/onlinecasinoprofy.com\/lv\/wp-json\/wp\/v2\/pages\/395"}],"collection":[{"href":"https:\/\/onlinecasinoprofy.com\/lv\/wp-json\/wp\/v2\/pages"}],"about":[{"href":"https:\/\/onlinecasinoprofy.com\/lv\/wp-json\/wp\/v2\/types\/page"}],"author":[{"embeddable":true,"href":"https:\/\/onlinecasinoprofy.com\/lv\/wp-json\/wp\/v2\/users\/5"}],"replies":[{"embeddable":true,"href":"https:\/\/onlinecasinoprofy.com\/lv\/wp-json\/wp\/v2\/comments?post=395"}],"version-history":[{"count":0,"href":"https:\/\/onlinecasinoprofy.com\/lv\/wp-json\/wp\/v2\/pages\/395\/revisions"}],"up":[{"embeddable":true,"href":"https:\/\/onlinecasinoprofy.com\/lv\/wp-json\/wp\/v2\/pages\/117"}],"wp:attachment":[{"href":"https:\/\/onlinecasinoprofy.com\/lv\/wp-json\/wp\/v2\/media?parent=395"}],"wp:term":[{"taxonomy":"category","embeddable":true,"href":"https:\/\/onlinecasinoprofy.com\/lv\/wp-json\/wp\/v2\/categories?post=395"},{"taxonomy":"post_tag","embeddable":true,"href":"https:\/\/onlinecasinoprofy.com\/lv\/wp-json\/wp\/v2\/tags?post=395"}],"curies":[{"name":"wp","href":"https:\/\/api.w.org\/{rel}","templated":true}]}}