{"id":414,"date":"2023-11-21T13:04:21","date_gmt":"2023-11-21T11:04:21","guid":{"rendered":"https:\/\/onlinecasinoprofy.com\/lv\/?page_id=414"},"modified":"2023-11-21T15:06:09","modified_gmt":"2023-11-21T13:06:09","slug":"slotamba-casino","status":"publish","type":"page","link":"https:\/\/onlinecasinoprofy.com\/lv\/slotamba-casino\/","title":{"rendered":"Slotamba Casino"},"content":{"rendered":"\n<p>Slotamba kazino tie\u0161saist\u0113 ir uzticama platforma, kas darbojas kop\u0161 2024. gada, re\u0123istr\u0113ta uz\u0146\u0113mum\u0101 NewEra B.V. \u0160aj\u0101 kazino ir sp\u0113\u013cu autom\u0101ti, galdssp\u0113les, Tie\u0161raides sp\u0113les, virtu\u0101lie sporta veidi un TV \u0161ovi. Kazino pied\u0101v\u0101 loj\u0101lus bonusa nosac\u012bjumus, \u0101tru re\u0123istr\u0101ciju un pla\u0161u maks\u0101jumu sist\u0113mu izv\u0113li. Ir v\u0113rts atz\u012bm\u0113t,Slotambakazino bez depoz\u012bta bonuss ko vari vinn\u0113t regul\u0101ros turn\u012bros vai ievadot \u012bpa\u0161u rekl\u0101mas kodu.<\/p>\n\n\n\n<h2 data-anchor=\"Par-un-pret-\u2795\u2796\" id=\"Par-un-pret-\u2795\u2796\" >Priek\u0161roc\u012bbas un tr\u016bkumi<\/h2>\n\n\n<section class=\"container plusesMinuses\">\n                    <div class=\"row\"><div class=\"col-md-6\">\n                        <div class=\"pluses plusesMinuses-item\"><ul class=\"simpleList plusesMinuses-simpleList--pluses\"><li><strong><\/strong> Vair\u0101k nek\u0101 70 pakalpojumu sniedz\u0113ju<\/li><li><strong><\/strong> Kriptoval\u016btas pieejam\u012bba<\/li><li><strong><\/strong> \u0100tras izmaksas<\/li><li><strong><\/strong> Bez komisijas maksas<\/li><\/ul>\n                <\/div>\n            <\/div><div class=\"col-md-6\">\n                        <div class=\"minuses plusesMinuses-item\"><ul class=\"simpleList plusesMinuses-simpleList--minuses\"><li><strong><\/strong> Nav bonusu tie\u0161raid\u0113<\/li><li><strong><\/strong> Nav VIP nosac\u012bjumu<\/li><li><strong><\/strong> Nav daudz regul\u0101ru bonusu<\/li><\/ul>\n                <\/div>\n            <\/div><\/div>\n            <\/section>\n\n\n\n<h2 data-anchor=\"Re\u0123istr\u0101cija-\ud83d\udcbb\" id=\"Re\u0123istr\u0101cija-\ud83d\udcbb\" >Re\u0123istr\u0101cija Slotamb\u0101<\/h2>\n\n\n\n<p>Lai k\u013c\u016btu par ofici\u0101lu klientu plkstTie\u0161saistes kazino Slotamba, sp\u0113l\u0113t\u0101jiem ir j\u0101iziet visi re\u0123istr\u0101cijas posmi. Pats process ir \u013coti \u0101trs, un t\u0101p\u0113c p\u0113c da\u017eiem klik\u0161\u0137iem sp\u0113lma\u0146i jau var izbaud\u012btazartsp\u0113les \u0161eit. \u0160eit m\u0113s ar\u012b izveidoj\u0101m kontu, un \u0161eit ir algoritms:<\/p>\n\n\n\n<ol>\n<li>AtverietSlotamba kazino pieteik\u0161an\u0101s veidlapu, izmantojot datoru vai mobilos s\u012bkr\u012bkus<\/li>\n\n\n\n<li>P\u0113c tam dodieties uz re\u0123istr\u0101cijas izv\u0113lni un aizpildiet laukus ar saviem datiem<\/li>\n\n\n\n<li>T\u0101l\u0101k izp\u0113tiet kazino noteikumus un nosac\u012bjumus un apstipriniet savas darb\u012bbas<\/li>\n\n\n\n<li>Tagad j\u016bs varat izv\u0113l\u0113ties abonuss un veikt depoz\u012btu<\/li>\n<\/ol>\n\n\n\n<h2 data-anchor=\"Bonusi-un-akcijas-\ud83c\udf81\" id=\"Bonusi-un-akcijas-\ud83c\udf81\" >Slotamba \u2014 bonusi un akcijas<\/h2>\n\n\n\n<p>Slotamba kazino bonuss pied\u0101v\u0101jumi ir pieejami p\u0113c re\u0123istr\u0113\u0161an\u0101s un iemaksas veik\u0161anas. Tas ir tas, ko m\u0113s dar\u012bj\u0101m \u0161im p\u0113t\u012bjumam. Kazino regul\u0101ri organiz\u0113 turn\u012brus no lab\u0101kajiem pakalpojumu sniedz\u0113jiem, kuros varat laim\u0113t d\u0101snu summu vai bonusus. Ir v\u0113rts atz\u012bm\u0113t p\u0101rl\u0101d\u0113\u0161anas bonusus unakcija kodi, kas bie\u017ei tiek nos\u016bt\u012bti uz e-pastu. Jo vair\u0101k j\u016bs par\u0101d\u012bsit sevi Slotamba kazino, jo regul\u0101r\u0101k j\u016bs sa\u0146emat atalgojumu. Zem\u0101k m\u0113s pievienosim visus iek\u013cautos bonusustie\u0161saistes kazino Slotamba.<\/p>\n\n\n<div class=\"wp-block-image\">\n<figure class=\"alignright size-full\"><img loading=\"lazy\" decoding=\"async\" width=\"432\" height=\"400\" src=\"https:\/\/onlinecasinoprofy.com\/lv\/wp-content\/uploads\/sites\/18\/2022\/12\/cards-3.png\" alt=\"cards\" class=\"wp-image-28\" srcset=\"https:\/\/onlinecasinoprofy.com\/lv\/wp-content\/uploads\/sites\/18\/2022\/12\/cards-3.png 432w, https:\/\/onlinecasinoprofy.com\/lv\/wp-content\/uploads\/sites\/18\/2022\/12\/cards-3-29x27.png 29w, https:\/\/onlinecasinoprofy.com\/lv\/wp-content\/uploads\/sites\/18\/2022\/12\/cards-3-60x56.png 60w, https:\/\/onlinecasinoprofy.com\/lv\/wp-content\/uploads\/sites\/18\/2022\/12\/cards-3-40x37.png 40w, https:\/\/onlinecasinoprofy.com\/lv\/wp-content\/uploads\/sites\/18\/2022\/12\/cards-3-300x278.png 300w\" sizes=\"(max-width: 432px) 100vw, 432px\" \/><\/figure><\/div>\n\n\n<h3 class=\"wp-block-heading\" id=\"h-sveiciena-komplekts\">Sveiciena komplekts<\/h3>\n\n\n\n<p>Jaunie klienti var sa\u0146emt d\u0101snuSlotamba bonuss re\u0123istr\u0101cijai; t\u0101 ir apsveikuma pakete l\u012bdz 1000 eiro apm\u0113r\u0101. Lai aktiviz\u0113tuapsveikuma bonuss, jums ir j\u0101veic depoz\u012bts virs \u20ac20 un j\u0101apsver likme 40x (bonuss + depoz\u012bts). Maksim\u0101lais laimests no bonusa ir 10x no depoz\u012bta. \u0160is bonuss ir der\u012bgs 4 iemaks\u0101m, un, lai aktiviz\u0113tu katru da\u013cu, ir j\u0101ievada abonusa kods kods:<\/p>\n\n\n\n<ol>\n<li><strong>Pirm\u0101 iemaksa<\/strong><br>100% l\u012bdz 200 eiro. Bonusa kods<strong>WEL100SLOT<\/strong>.<\/li>\n\n\n\n<li><strong>Otrais depoz\u012bts<\/strong><br>50% l\u012bdz 250 eiro. Bonusa kods<strong>WEL50SLOT<\/strong>.<\/li>\n\n\n\n<li><strong>Tre\u0161\u0101 iemaksa<\/strong><br>50% l\u012bdz 250 eiro. Bonusa kods<strong>WEL50 AMBA<\/strong>.<\/li>\n\n\n\n<li><strong>Ceturtais depoz\u012bts<\/strong><br>100% l\u012bdz 300 eiro. Bonusa kods<strong>WEL100 AMBA<\/strong>&nbsp;<\/li>\n<\/ol>\n\n\n\n<h3 class=\"wp-block-heading\" id=\"h-p-rl-d-anas-bonuss\">P\u0101rl\u0101d\u0113\u0161anas bonuss<\/h3>\n\n\n\n<p>Kazino Slotamba pied\u0101v\u0101 d\u0101snu Reload bonusu 50% apm\u0113r\u0101 l\u012bdz pat \u20ac200. \u0160o bonusu var aktiviz\u0113t reizi ned\u0113\u013c\u0101, izmantojot \u201cAMBARLD\u201d rekl\u0101mas kodu ar minim\u0101lo iemaksu 20 \u20ac vai vair\u0101k. Bonuss ir j\u0101izsp\u0113l\u0113 21 dienas laik\u0101 40x reizes (bonuss + depoz\u012bts). Maksim\u0101lais laimests no sasnieguma ir 10 reizes liel\u0101ks par depoz\u012bta summu.<\/p>\n\n\n\n<h3 class=\"wp-block-heading\" id=\"h-drops-wins\">Drops &amp; Wins<\/h3>\n\n\n\n<p>Turkl\u0101tSlotamba kazino bonusi ir regul\u0101ro turn\u012bru balvas. \u0160\u0101dus pas\u0101kumus r\u012bko labi zin\u0101mi pakalpojumu sniedz\u0113ji, piem\u0113ram, Wazdan un Pragmatic Play Live. Turn\u012bros ir liels balvu fonds, bonusi unbezmaksas griezieni. Sp\u0113l\u0113t\u0101jiem vienk\u0101r\u0161i vajagsp\u0113l\u0113t turn\u012bru slots vai dz\u012bv\u0101s sp\u0113les un sa\u0146emt punktus par laimestiem vai likm\u0113m, atkar\u012bb\u0101 no noteikumiem. Pas\u0101kuma nosl\u0113gum\u0101 tiks skait\u012bti punkti un sadal\u012btas balvas starp akt\u012bv\u0101kajiem dal\u012bbniekiem.<\/p>\n\n\n\n<h2 data-anchor=\"Licences-\ud83e\udeaa\" id=\"Licences-\ud83e\udeaa\" >Licences un dro\u0161\u012bba<\/h2>\n\n\n\n<p>Thelegit tie\u0161saistes kazino Slotamba darbojas likum\u012bgi, izmantojot Kirasaolicence 1668\/JAZ. Kazino ir re\u0123istr\u0113ts uz\u0146\u0113mumam NewEra B.V. adrese: Scharlooweg 39 U.13, Curacao. Vietne ar\u012b stingri iev\u0113ro Atbild\u012bgas azartsp\u0113les politiku, un m\u016bsu eksperti \u013coti iesaka iev\u0113rot \u0161os noteikumus, lai izvair\u012btos no azartsp\u0113\u013cu atkar\u012bbas.<\/p>\n\n\n\n<h2 data-anchor=\"Sp\u0113les-\ud83c\udfb0\" id=\"Sp\u0113les-\ud83c\udfb0\" >Slotamba kazino sp\u0113les<\/h2>\n\n\n\n<p>P\u0113c tam, kad esat sa\u0146\u0113mis savuSlotamba pieteik\u0161an\u0101s, j\u016bs piek\u013c\u016bstat pla\u0161am azartsp\u0113\u013cu izklaides kl\u0101stam. Piem\u0113ram, sp\u0113\u013cu autom\u0101ti, video pokers, d\u017eekpota sp\u0113les, rulete, blekd\u017eeks, bakara, craps, av\u0101rijas sp\u0113les, momentloterijas, loterijas, virtu\u0101lie sporta veidi, ark\u0101des un daudz kas cits. Pateicoties mekl\u0113\u0161anas filtriem un \u012bpa\u0161\u0101m sada\u013c\u0101m, sp\u0113l\u0113t\u0101ji var \u0101tri atrast savu iecien\u012bt\u0101ko saturu un sp\u0113l\u0113t pa \u012bstamnaudu.<\/p>\n\n\n<div class=\"wp-block-image\">\n<figure class=\"alignright size-full\"><img loading=\"lazy\" decoding=\"async\" width=\"504\" height=\"400\" src=\"https:\/\/onlinecasinoprofy.com\/lv\/wp-content\/uploads\/sites\/18\/2022\/12\/poker-3.png\" alt=\"poker\" class=\"wp-image-56\" srcset=\"https:\/\/onlinecasinoprofy.com\/lv\/wp-content\/uploads\/sites\/18\/2022\/12\/poker-3.png 504w, https:\/\/onlinecasinoprofy.com\/lv\/wp-content\/uploads\/sites\/18\/2022\/12\/poker-3-34x27.png 34w, https:\/\/onlinecasinoprofy.com\/lv\/wp-content\/uploads\/sites\/18\/2022\/12\/poker-3-60x48.png 60w, https:\/\/onlinecasinoprofy.com\/lv\/wp-content\/uploads\/sites\/18\/2022\/12\/poker-3-40x32.png 40w, https:\/\/onlinecasinoprofy.com\/lv\/wp-content\/uploads\/sites\/18\/2022\/12\/poker-3-300x238.png 300w\" sizes=\"(max-width: 504px) 100vw, 504px\" \/><\/figure><\/div>\n\n\n<ul>\n<li><strong>Sp\u0113\u013cu autom\u0101ti<\/strong><br>Slotamb\u0101kazino vestibil\u0101 varat sp\u0113l\u0113t neticamos sp\u0113\u013cu autom\u0101tus, kas atrodas \u0161\u0101d\u0101s sada\u013c\u0101s: Video Slots, Top, Jackpot, Book of Slots, Megaways, Casual, Popular un Providers. Visus slotus var p\u0101rbaud\u012bt demonstr\u0101cijas re\u017e\u012bm\u0101, kas ir \u013coti noder\u012bgi ies\u0101c\u0113jiem. Sada\u013c\u0101 Popul\u0101r\u0101kie ir pieejami \u0161\u0101di sp\u0113\u013cu autom\u0101ti: Izzi Art no BGaming, Roadkill no NoLimit City, 10 Lucky Sevens no GameArt, Kali Rox no BGaming un Book of Faith no Wazdan.<\/li>\n\n\n\n<li><strong>Galda sp\u0113les<\/strong><br>Galda sp\u0113\u013cu sada\u013c\u0101 klienti var sp\u0113l\u0113t pokeru, bakara, craps, bingo, ruleti un blekd\u017eeku. \u0160\u012bs un l\u012bdz\u012bgas sp\u0113les ir pieejamas viena sp\u0113l\u0113t\u0101ja re\u017e\u012bm\u0101 un t\u0101s var p\u0101rbaud\u012bt demonstr\u0101cijas re\u017e\u012bm\u0101. J\u0101, tas nav tie\u0161raides form\u0101ts, ta\u010du \u0161\u0101d\u0101s sp\u0113l\u0113s varat nesteidz\u012bgi un mier\u012bgi izbaud\u012bt sp\u0113les gaitu.<\/li>\n\n\n\n<li><strong>T\u016bl\u012bt\u0113jas uzvaras sp\u0113les<\/strong><br>Klienti var ar\u012b izm\u0113\u0123in\u0101t t\u016bl\u012bt\u0113j\u0101s sp\u0113les, kas ir \u013coti dinamiskas un \u0101tras. Jums b\u016bs piek\u013cuve av\u0101rijas sp\u0113l\u0113m, ark\u0101d\u0113m, kalnra\u010du, plinko, momentloterijas kart\u012bt\u0113m un mini slotiem. Pamatojoties uz nov\u0113rojumiem, m\u0113s paman\u0101m, ka BGaming Plinko un Spribe Aviator tagad ir sp\u0113l\u0113t\u0101ju iecien\u012bt\u0101kie.<\/li>\n<\/ul>\n\n\n\n<h3 class=\"wp-block-heading\">Tie\u0161raides sp\u0113les<\/h3>\n\n\n\n<p>Tie\u0161saistes kazino Slotamba ir lieliska tie\u0161raides sp\u0113\u013cu sada\u013ca, kur\u0101 sp\u0113l\u0113t\u0101ji var sp\u0113l\u0113t visas popul\u0101r\u0101s sp\u0113les kop\u0101 ar izplat\u012bt\u0101ju. \u0160\u0101d\u0101s sp\u0113l\u0113s klienti var sazin\u0101ties viens ar otru, izmantojot tie\u0161saistes t\u0113rz\u0113\u0161anu un uzdot jaut\u0101jumus izplat\u012bt\u0101jam. Papildus klasiskaj\u0101m galda sp\u0113l\u0113m sp\u0113lma\u0146iem b\u016bs piek\u013cuve TV p\u0101rraid\u0113m, kur\u0101s ir 3D grafika, papildu l\u012bme\u0146i video slotu veid\u0101 un papildu funkcijas. J\u016bs var\u0113tu interes\u0113t \u0161\u0101da programmat\u016bra: Evolution XXXtreme Lightning Roulette, Evolution MONOPOLY Big Baller, Evolution Craps, VivoGaming Limitless Blackjack un Pragmatic Live Live BOOM CITY.<\/p>\n\n\n\n            <div class=\"casinoGames d-flex align-items-start\">\n                <div class=\"casinoGames-big grayBgBlock text-center\">4000+ <p>Sp\u0113les<\/p><\/div>\n                <ul class=\"casinoGames-other d-flex flex-wrap\"><li class=\"d-flex align-items-center justify-content-between\"><span class=\"text\">Sp\u0113\u013cu autom\u0101ti<\/span><span class=\"grayBgBlock\">3000+<\/span><\/li><li class=\"d-flex align-items-center justify-content-between\"><span class=\"text\">Video Pokers<\/span><span class=\"grayBgBlock\">15+<\/span><\/li><li class=\"d-flex align-items-center justify-content-between\"><span class=\"text\">Bakara<\/span><span class=\"grayBgBlock\">11+<\/span><\/li><li class=\"d-flex align-items-center justify-content-between\"><span class=\"text\">Rulete<\/span><span class=\"grayBgBlock\">28+<\/span><\/li><li class=\"d-flex align-items-center justify-content-between\"><span class=\"text\">Blekd\u017eeks<\/span><span class=\"grayBgBlock\">34+<\/span><\/li><li class=\"d-flex align-items-center justify-content-between\"><span class=\"text\">Pokers<\/span><span class=\"grayBgBlock\">7+<\/span><\/li><li class=\"d-flex align-items-center justify-content-between\"><span class=\"text\">Bingo<\/span><span class=\"grayBgBlock\">2+<\/span><\/li><li class=\"d-flex align-items-center justify-content-between\"><span class=\"text\">Live kazino sp\u0113le<\/span><span class=\"grayBgBlock\">26+<\/span><\/li><\/ul>\n            <\/div>\n        \n\n\n\n<h2 data-anchor=\"Programmat\u016bra-\u2699\ufe0f\" id=\"Programmat\u016bra-\u2699\ufe0f\" >Kazino programmat\u016bra<\/h2>\n\n\n\n<p>Tie\u0161saistes kazino Slotamba pied\u0101v\u0101 pla\u0161u azartsp\u0113\u013cu izklaides izv\u0113li, kas n\u0101k no vair\u0101k nek\u0101 70 licenc\u0113tiem iGaminginternets pakalpojumu sniedz\u0113ji. Visiem uz\u0146\u0113mumiem ir neatkar\u012bgu laboratoriju licences un sertifik\u0101ti. T\u0101 rezult\u0101t\u0101 j\u016bs sa\u0146emat piek\u013cuvi ori\u0123in\u0101laj\u0101m sp\u0113l\u0113m ar optim\u0101luRTP un d\u0101snas izmaksas, pamatojoties uzlab\u0101kais sp\u0113les meh\u0101nika:<\/p>\n\n\n\n<ul>\n<li>Pragmatic Play, Red Tiger, Play&#8217;n GO, NetEnt, Gamomat, Betsoft, Endorphina, Games Global, Spinomenal, Elk Studios, Big Time Gaming, Thunderkick, Quickspin, Wazdan, BGaming, Nolimit City, Evoplay, Evolution, Booming Games, Habanero , Kalamba sp\u0113les, Givme sp\u0113les, Yggdrasil un citas.<\/li>\n<\/ul>\n\n\n\n<h2 data-anchor=\"Mobilais-Slotamba-\ud83d\udcf2\" id=\"Mobilais-Slotamba-\ud83d\udcf2\" >Mobilais Slotamba<\/h2>\n\n\n\n<p>Slotamba kazino mobilais optimiz\u0101cija \u013cauj sp\u0113l\u0113t\u0101jiem griezt ru\u013c\u013cus un sp\u0113l\u0113t k\u0101r\u0161u sp\u0113les, izmantojotiPhone unAndroid viedt\u0101lru\u0146i. Pati vietne ir labi optimiz\u0113ta vis\u0101m ier\u012bc\u0113m, gan person\u0101lajam datoram, ganmobilais s\u012bkr\u012bkus. Vietn\u0113 pied\u0101v\u0101t\u0101s sp\u0113les tika izstr\u0101d\u0101tas, izmantojot HTML5, un tas padara saturu draudz\u012bgu mobilaj\u0101m ier\u012bc\u0113m, ko ir pier\u0101d\u012bju\u0161i m\u016bsu eksperti, kas nodarbojas ar testiem vair\u0101k\u0101s p\u0101rn\u0113s\u0101jam\u0101s ier\u012bc\u0113s. Lai ganSlotamba kazino lietotne nav pieejams lejupiel\u0101dei, sp\u0113lma\u0146i var izveidot sa\u012bsni uz kazino lapu, kas ir \u013coti \u0113rti.<\/p>\n\n\n\n<h2 data-anchor=\"Maks\u0101juma-metodes-\ud83d\udcb8\" id=\"Maks\u0101juma-metodes-\ud83d\udcb8\" >Slotamba &#8211; p\u0101rbaud\u012btas maks\u0101juma metodes<\/h2>\n\n\n\n<p>Esiet laipni aicin\u0101ti izveidot aSlotamba kazino ar vis\u0101m dro\u0161aj\u0101m un popul\u0101raj\u0101m maks\u0101jumu sist\u0113m\u0101m. TheSlotamba kazinoatsaukt process notiek ar to pa\u0161u metodi k\u0101 adepoz\u012bts, un, pats galvenais, jums nav j\u0101maks\u0101 komisijas maksa. Vid\u0113jais laimestu iz\u0146em\u0161anas laiks ir l\u012bdz 2 dien\u0101m, bet parasti,izst\u0101\u0161an\u0101s aiz\u0146em l\u012bdz 24 stund\u0101m, un m\u016bsu p\u0113t\u012bjuma laik\u0101 m\u0113s to izmantoj\u0101miz\u0146emt naudu 1 l\u012bdz 3 stundu laik\u0101.<\/p>\n\n\n\n<figure class=\"wp-block-table is-style-stripes\"><table><tbody><tr><td><strong>Depoz\u012bta metodes<\/strong><\/td><td>Visa, Maestro, MasterCard, Paysafe karte, \u0101trais p\u0101rskait\u012bjums, Skrill, bankas p\u0101rskait\u012bjums, Bitcoin, Bitcoin Cash, Dogecoin, Litecoin, Tether, Ethereum, Ripple, Neteller, CashtoCode, Jeton, AstroPay karte, MiFinity, eZeeWallet, Binance, Interac Pejs, D\u017eetons.<\/td><\/tr><tr><td><strong>Iz\u0146em\u0161anas metodes<\/strong><\/td><td>Visa, Maestro, MasterCard, Skrill, Neteller, bankas p\u0101rskait\u012bjums, \u0101trais p\u0101rskait\u012bjums, MiFinity, eZeeWallet, Bitcoin, Bitcoin Cash, Dogecoin, Litecoin, Ethereum, Tether, Ripple, Interac, Payz.<\/td><\/tr><tr><td><strong>Minim\u0101lais depoz\u012bts<\/strong><\/td><td>\u20ac10<\/td><\/tr><tr><td><strong>Iz\u0146em\u0161anas ierobe\u017eojumi<\/strong><\/td><td>5000 eiro ned\u0113\u013c\u0101<\/td><\/tr><tr><td><strong>Depoz\u012bta maksas<\/strong><\/td><td>N\u0113<\/td><\/tr><tr><td><strong>Val\u016btas<\/strong><\/td><td>USD, EUR, GBP, CAD, CHF, JPY, BRL, HUF, NOK<\/td><\/tr><\/tbody><\/table><\/figure>\n\n\n\n<h2 data-anchor=\"Klientu-apkalpo\u0161ana-\ud83d\udcde\" id=\"Klientu-apkalpo\u0161ana-\ud83d\udcde\" >K\u0101da ir klientu apkalpo\u0161ana Slotamba?<\/h2>\n\n\n\n<p>Slotamba vietnes k\u0101jen\u0113 ir papla\u0161in\u0101ta sada\u013ca ar noteikumiem un nosac\u012bjumiem, kur\u0101 sp\u0113l\u0113t\u0101ji var uzzin\u0101t daudz noder\u012bgas inform\u0101cijas par maks\u0101jumu sist\u0113m\u0101m, bonusiem un turn\u012bru noteikumiem. Ir ar\u012b sada\u013ca ar FAQ, kur\u0101 ir visas nepiecie\u0161am\u0101s atbildes uz jaut\u0101jumiem. Lai sazin\u0101tos ar kazino tehniskajiem l\u012bdzek\u013ciem, varat izmantot \u0161\u0101das metodesatbalsts:<\/p>\n\n\n\n<ul>\n<li>Tie\u0161saistes t\u0113rz\u0113\u0161ana 24\/7<\/li>\n\n\n\n<li>E-pasts:<a href=\"mailto:support@slotamba.com\">support@slotamba.com<\/a>&nbsp;<\/li>\n<\/ul>\n\n\n<div class=\"row casinoContacts\">\n                <div class=\"col-lg-4 casinoContacts-item\">\n                    <div class=\"smallCards\">\n                        <p class=\"smallCards-title text d-flex justify-content-between\">\n                            <span>E-mail<\/span>\n                            <img loading=\"lazy\" decoding=\"async\" src=\"https:\/\/onlinecasinoprofy.com\/lv\/wp-content\/themes\/casinoprofy\/static\/images\/message_icon.svg\" width=\"29\" height=\"25\" alt=\"E-mail icon\">\n                        <\/p>\n                        <span class=\"grayBgBlock\">\n                            support@slotamba.com                      \n                        <\/span>\n                    <\/div>\n                <\/div>\n            \n                <div class=\"col-lg-4 casinoContacts-item\">\n                    <div class=\"smallCards\">\n                        <p class=\"smallCards-title text d-flex justify-content-between\">\n                            <span>Live chat<\/span>\n                            <img loading=\"lazy\" decoding=\"async\" src=\"https:\/\/onlinecasinoprofy.com\/lv\/wp-content\/themes\/casinoprofy\/static\/images\/chat_icon.svg\" width=\"29\" height=\"25\" alt=\"Live chat icon\">\n                        <\/p>\n                        <span class=\"grayBgBlock\">\n                            J\u0101                      \n                        <\/span>\n                    <\/div>\n                <\/div>\n            \n                <div class=\"col-lg-4 casinoContacts-item\">\n                    <div class=\"smallCards\">\n                        <p class=\"smallCards-title text d-flex justify-content-between\">\n                            <span>T\u0101lrunis<\/span>\n                            <img loading=\"lazy\" decoding=\"async\" src=\"https:\/\/onlinecasinoprofy.com\/lv\/wp-content\/themes\/casinoprofy\/static\/images\/calling_icon.svg\" width=\"29\" height=\"25\" alt=\"T\u0101lrunis icon\">\n                        <\/p>\n                        <span class=\"grayBgBlock\">\n                            N\u0113                      \n                        <\/span>\n                    <\/div>\n                <\/div>\n            <\/div>\n","protected":false},"excerpt":{"rendered":"","protected":false},"author":20,"featured_media":415,"parent":0,"menu_order":0,"comment_status":"closed","ping_status":"closed","template":"casinos.php","meta":{"footnotes":""},"categories":[],"tags":[],"acf":[],"yoast_head":"<!-- This site is optimized with the Yoast SEO Premium plugin v20.8 (Yoast SEO v21.6) - https:\/\/yoast.com\/wordpress\/plugins\/seo\/ -->\n<title>Slotamba Casino tests un apskats: l\u012bdz 1000 \u20ac, lai re\u0123istr\u0113tos \ud83c\udf1f<\/title>\n<meta name=\"description\" content=\"OnlineCasinoProfy eksperti p\u0101rbauda Slotamba Casino: izsists p\u0101rskats, lab\u0101kie bonusi l\u012bdz 1000 eiro apm\u0113r\u0101 un der\u012bbu noteikumi, sp\u0113les! \ud83d\udc8e\" \/>\n<meta name=\"robots\" content=\"index, follow, max-snippet:-1, max-image-preview:large, max-video-preview:-1\" \/>\n<link rel=\"canonical\" href=\"https:\/\/onlinecasinoprofy.com\/lv\/wp-json\/wp\/v2\/pages\/414\/\" \/>\n<meta property=\"og:locale\" content=\"lv_LV\" \/>\n<meta property=\"og:type\" content=\"article\" \/>\n<meta property=\"og:title\" content=\"Slotamba Casino\" \/>\n<meta property=\"og:description\" content=\"OnlineCasinoProfy eksperti p\u0101rbauda Slotamba Casino: izsists p\u0101rskats, lab\u0101kie bonusi l\u012bdz 1000 eiro apm\u0113r\u0101 un der\u012bbu noteikumi, sp\u0113les! \ud83d\udc8e\" \/>\n<meta property=\"og:url\" content=\"https:\/\/onlinecasinoprofy.com\/lv\/slotamba-casino\/\" \/>\n<meta property=\"og:site_name\" content=\"CasinoProfy LV\" \/>\n<meta property=\"article:modified_time\" content=\"2023-11-21T13:06:09+00:00\" \/>\n<meta property=\"og:image\" content=\"https:\/\/onlinecasinoprofy.com\/lv\/wp-content\/uploads\/sites\/18\/2023\/11\/slotamba-casino-logo-1.png\" \/>\n\t<meta property=\"og:image:width\" content=\"400\" \/>\n\t<meta property=\"og:image:height\" content=\"400\" \/>\n\t<meta property=\"og:image:type\" content=\"image\/png\" \/>\n<meta name=\"twitter:card\" content=\"summary_large_image\" \/>\n<meta name=\"twitter:label1\" content=\"Est. reading time\" \/>\n\t<meta name=\"twitter:data1\" content=\"6 min\u016btes\" \/>\n<!-- \/ Yoast SEO Premium plugin. -->","yoast_head_json":{"title":"Slotamba Casino tests un apskats: l\u012bdz 1000 \u20ac, lai re\u0123istr\u0113tos \ud83c\udf1f","description":"OnlineCasinoProfy eksperti p\u0101rbauda Slotamba Casino: izsists p\u0101rskats, lab\u0101kie bonusi l\u012bdz 1000 eiro apm\u0113r\u0101 un der\u012bbu noteikumi, sp\u0113les! \ud83d\udc8e","robots":{"index":"index","follow":"follow","max-snippet":"max-snippet:-1","max-image-preview":"max-image-preview:large","max-video-preview":"max-video-preview:-1"},"canonical":"https:\/\/onlinecasinoprofy.com\/lv\/wp-json\/wp\/v2\/pages\/414\/","og_locale":"lv_LV","og_type":"article","og_title":"Slotamba Casino","og_description":"OnlineCasinoProfy eksperti p\u0101rbauda Slotamba Casino: izsists p\u0101rskats, lab\u0101kie bonusi l\u012bdz 1000 eiro apm\u0113r\u0101 un der\u012bbu noteikumi, sp\u0113les! \ud83d\udc8e","og_url":"https:\/\/onlinecasinoprofy.com\/lv\/slotamba-casino\/","og_site_name":"CasinoProfy LV","article_modified_time":"2023-11-21T13:06:09+00:00","og_image":[{"width":400,"height":400,"url":"https:\/\/onlinecasinoprofy.com\/lv\/wp-content\/uploads\/sites\/18\/2023\/11\/slotamba-casino-logo-1.png","type":"image\/png"}],"twitter_card":"summary_large_image","twitter_misc":{"Est. reading time":"6 min\u016btes"},"schema":{"@context":"https:\/\/schema.org","@graph":[{"@type":"WebPage","@id":"https:\/\/onlinecasinoprofy.com\/lv\/slotamba-casino\/","url":"https:\/\/onlinecasinoprofy.com\/lv\/slotamba-casino\/","name":"Slotamba Casino tests un apskats: l\u012bdz 1000 \u20ac, lai re\u0123istr\u0113tos \ud83c\udf1f","isPartOf":{"@id":"https:\/\/onlinecasinoprofy.com\/lv\/#website"},"datePublished":"2023-11-21T11:04:21+00:00","dateModified":"2023-11-21T13:06:09+00:00","description":"OnlineCasinoProfy eksperti p\u0101rbauda Slotamba Casino: izsists p\u0101rskats, lab\u0101kie bonusi l\u012bdz 1000 eiro apm\u0113r\u0101 un der\u012bbu noteikumi, sp\u0113les! \ud83d\udc8e","inLanguage":"lv-LV","potentialAction":[{"@type":"ReadAction","target":["https:\/\/onlinecasinoprofy.com\/lv\/slotamba-casino\/"]}]},{"@type":"WebSite","@id":"https:\/\/onlinecasinoprofy.com\/lv\/#website","url":"https:\/\/onlinecasinoprofy.com\/lv\/","name":"CasinoProfy LV","description":"\u041f\u0440\u043e\u0441\u0442\u043e \u0449\u0435 \u043e\u0434\u0438\u043d CasinoProfy Sites \u0441\u0430\u0439\u0442","inLanguage":"lv-LV"}]}},"_links":{"self":[{"href":"https:\/\/onlinecasinoprofy.com\/lv\/wp-json\/wp\/v2\/pages\/414"}],"collection":[{"href":"https:\/\/onlinecasinoprofy.com\/lv\/wp-json\/wp\/v2\/pages"}],"about":[{"href":"https:\/\/onlinecasinoprofy.com\/lv\/wp-json\/wp\/v2\/types\/page"}],"author":[{"embeddable":true,"href":"https:\/\/onlinecasinoprofy.com\/lv\/wp-json\/wp\/v2\/users\/20"}],"replies":[{"embeddable":true,"href":"https:\/\/onlinecasinoprofy.com\/lv\/wp-json\/wp\/v2\/comments?post=414"}],"version-history":[{"count":0,"href":"https:\/\/onlinecasinoprofy.com\/lv\/wp-json\/wp\/v2\/pages\/414\/revisions"}],"wp:featuredmedia":[{"embeddable":true,"href":"https:\/\/onlinecasinoprofy.com\/lv\/wp-json\/wp\/v2\/media\/415"}],"wp:attachment":[{"href":"https:\/\/onlinecasinoprofy.com\/lv\/wp-json\/wp\/v2\/media?parent=414"}],"wp:term":[{"taxonomy":"category","embeddable":true,"href":"https:\/\/onlinecasinoprofy.com\/lv\/wp-json\/wp\/v2\/categories?post=414"},{"taxonomy":"post_tag","embeddable":true,"href":"https:\/\/onlinecasinoprofy.com\/lv\/wp-json\/wp\/v2\/tags?post=414"}],"curies":[{"name":"wp","href":"https:\/\/api.w.org\/{rel}","templated":true}]}}