{"id":70,"date":"2023-01-16T17:18:22","date_gmt":"2023-01-16T15:18:22","guid":{"rendered":"https:\/\/onlinecasinoprofy.com\/lv\/?post_type=casinos&#038;p=70"},"modified":"2024-01-22T20:44:11","modified_gmt":"2024-01-22T18:44:11","slug":"stay-casino","status":"publish","type":"page","link":"https:\/\/onlinecasinoprofy.com\/lv\/stay-casino\/","title":{"rendered":"Stay Casino"},"content":{"rendered":"\n<p>Kop\u0161 2021. gada StayCasino durvis tagad ir atv\u0113rtas visiem Lietuva sp\u0113l\u0113t\u0101jiem. StayCasino ir dibin\u0101ta Hollycorn N.V., un to regul\u0113 un licenc\u0113 Kirasao vald\u012bba.<\/p>\n\n\n\n<p>\u0160is kazino koncentr\u0113jas uz izklaidi, pied\u0101v\u0101jot pla\u0161u lielisku sp\u0113\u013cu izv\u0113li no lab\u0101kajiem pakalpojumu sniedz\u0113jiem un pievilc\u012bgus \u012bpa\u0161os pied\u0101v\u0101jumus.&nbsp;<\/p>\n\n\n\n<p>Ja v\u0113laties atkl\u0101t un izbaud\u012bt aizraujo\u0161o azartsp\u0113\u013cu pasauli kop\u0101 ar vecm\u0101mi\u0146u Stacy, StayCasino ir \u012bst\u0101 vieta.<\/p>\n\n\n\n<h2 data-anchor=\"Re\u0123istr\u0101cija-\ud83d\udd8c\" id=\"Re\u0123istr\u0101cija-\ud83d\udd8c\">StayCasino re\u0123istr\u0101cija un pieteik\u0161an\u0101s<\/h2>\n\n\n<div class=\"wp-block-image\">\n<figure class=\"alignright size-full is-resized\"><img loading=\"lazy\" decoding=\"async\" src=\"https:\/\/onlinecasinoprofy.com\/lv\/wp-content\/uploads\/sites\/18\/2022\/12\/casino-3.png\" alt=\"casino\" class=\"wp-image-32\" width=\"384\" height=\"301\" srcset=\"https:\/\/onlinecasinoprofy.com\/lv\/wp-content\/uploads\/sites\/18\/2022\/12\/casino-3.png 510w, https:\/\/onlinecasinoprofy.com\/lv\/wp-content\/uploads\/sites\/18\/2022\/12\/casino-3-34x27.png 34w, https:\/\/onlinecasinoprofy.com\/lv\/wp-content\/uploads\/sites\/18\/2022\/12\/casino-3-60x47.png 60w, https:\/\/onlinecasinoprofy.com\/lv\/wp-content\/uploads\/sites\/18\/2022\/12\/casino-3-40x31.png 40w, https:\/\/onlinecasinoprofy.com\/lv\/wp-content\/uploads\/sites\/18\/2022\/12\/casino-3-300x235.png 300w\" sizes=\"(max-width: 384px) 100vw, 384px\" \/><\/figure><\/div>\n\n\n<p>Da\u017eu min\u016b\u0161u laik\u0101 j\u016bs esat re\u0123istr\u0113ts StayCasino. Lai to paveiktu, jums ir:&nbsp;<\/p>\n\n\n\n<ul><li>uz StayCasino galveno lapu&nbsp;<\/li><li>noklik\u0161\u0137iniet uz &#8220;Re\u0123istr\u0101cija&#8221; un aizpildiet visus oblig\u0101tos laukus: E-pasts, parole, val\u016bta, vieta<\/li><li>apstiprin\u0101t, ka esat sasniedzis 18 gadu vecumu un piekr\u012btat Noteikumiem un nosac\u012bjumiem un Priv\u0101tuma politikai.&nbsp;<\/li><li>at\u013caut sa\u0146emt rekl\u0101mas materi\u0101lus (inform\u0101cija par unik\u0101liem bonusiem tiks nos\u016bt\u012bta pa e-pastu).&nbsp;<\/li><\/ul>\n\n\n\n<p>P\u0113c tam apstipriniet savu e-pasta adresi, un J\u016bs sa\u0146emsiet pilnu piek\u013cuvi vis\u0101m sp\u0113l\u0113m, bonusiem un maks\u0101jumu akcij\u0101m.&nbsp;<\/p>\n\n\n\n<h2 data-anchor=\"Bonusi-\ud83c\udf81\" id=\"Bonusi-\ud83c\udf81\">StayCasino bonusi un akcijas<\/h2>\n\n\n<div class=\"wp-block-image\">\n<figure class=\"alignright size-full is-resized\"><img loading=\"lazy\" decoding=\"async\" src=\"https:\/\/onlinecasinoprofy.com\/lv\/wp-content\/uploads\/sites\/18\/2022\/12\/bonus-2.png\" alt=\"bonus\" class=\"wp-image-23\" width=\"341\" height=\"320\" srcset=\"https:\/\/onlinecasinoprofy.com\/lv\/wp-content\/uploads\/sites\/18\/2022\/12\/bonus-2.png 426w, https:\/\/onlinecasinoprofy.com\/lv\/wp-content\/uploads\/sites\/18\/2022\/12\/bonus-2-29x27.png 29w, https:\/\/onlinecasinoprofy.com\/lv\/wp-content\/uploads\/sites\/18\/2022\/12\/bonus-2-60x56.png 60w, https:\/\/onlinecasinoprofy.com\/lv\/wp-content\/uploads\/sites\/18\/2022\/12\/bonus-2-40x38.png 40w, https:\/\/onlinecasinoprofy.com\/lv\/wp-content\/uploads\/sites\/18\/2022\/12\/bonus-2-300x282.png 300w\" sizes=\"(max-width: 341px) 100vw, 341px\" \/><\/figure><\/div>\n\n\n<p>StayCasino pied\u0101v\u0101 da\u017e\u0101dus bonusus un akcijas, kas tiek regul\u0101ri atjaunin\u0101ti, lai izklaid\u0113tu sp\u0113l\u0113t\u0101jus. StayCasino sagaid\u012b\u0161anas k\u016bka ir sadal\u012bta 6 da\u017e\u0101dos sagaid\u012b\u0161anas depoz\u012btos. Lai piedal\u012btos sp\u0113l\u0113, jums ir j\u0101iemaks\u0101 vismaz 20 EUR vai vair\u0101k. Likmju likmju pras\u012bba ir 40. Bezmaksas griezienu un bezmaksas griezienu rezult\u0101tu ilgums ir 7 dienas, bezmaksas griezienu aktiviz\u0113\u0161anas ilgums ar\u012b ir 3 dienas. \u0160\u012b k\u016bka kop\u0101 veido 1500 EUR + 300 FS.<\/p>\n\n\n\n<ul><li>100% l\u012bdz 100 EUR + 50 FS par pirmo iemaksu BGaming sp\u0113l\u0113: Savva\u013cas nauda x9990<\/li><li>50% l\u012bdz 200 EUR + 50 FS par otro iemaksu BGaming sp\u0113l\u0113: Lucky Lady Moon<\/li><li>75% l\u012bdz 200 EUR +100 FS par tre\u0161o iemaksu BGaming sp\u0113l\u0113: Lucky Lady Moon<\/li><li>50% l\u012bdz 300 EUR + 100 FS par ceturto iemaksu BGaming sp\u0113le: Aztec Magic Bonanza<\/li><li>100% l\u012bdz 400 EUR no J\u016bsu iemaksas&nbsp;<\/li><li>Sestaj\u0101 iemaks\u0101 &#8211; slepenais bonuss ir pieejams p\u0113c visiem pieciem bonusiem.<\/li><\/ul>\n\n\n\n<p>J\u016bs varat piedal\u012bties \u0161\u0101d\u0101s darb\u012bb\u0101s:&nbsp;<\/p>\n\n\n\n<ul><li><span style=\"color: initial; font-family: -apple-system, BlinkMacSystemFont, &quot;Segoe UI&quot;, Roboto, Oxygen-Sans, Ubuntu, Cantarell, &quot;Helvetica Neue&quot;, sans-serif;\"><strong>WEEKEND RELOAD BONUS<\/strong>; sa\u0146emiet 30% bonusu no iemaksas summas l\u012bdz 250 EUR no sestdienas 00:01 l\u012bdz sv\u0113tdienas 23:59.<\/span><\/li><li><strong>Dzim\u0161anas dienas BONUSS<\/strong>: sa\u0146emiet + 100% l\u012bdz 150 EUR un 20 FS dzim\u0161anas dien\u0101 un n\u0101kamaj\u0101s 3 dien\u0101s.<\/li><li><strong>HIGH ROLLER BONUS<\/strong>: sa\u0146emiet +50% l\u012bdz 2000 EUR par katru iemaksu vismaz 300 EUR apm\u0113r\u0101 ar kodu ROLL.<\/li><li><strong>TURNAMENTI UN LOTERIJAS<\/strong>: Piedalieties turn\u012bros regul\u0101ri vai vienreiz, lai katru ned\u0113\u013cu vinn\u0113tu 1500 EUR + 1500 bezmaksas griezienus, 6 500 000 EUR utt., divas reizes m\u0113nes\u012b 2 ned\u0113\u013cas sa\u0146emiet 1000 bezmaksas griezienu loterijas balvu.&nbsp;<\/li><li><strong>UNIK\u0100TS PAS\u0100KUMU KALEND\u0100RS<\/strong>: ieg\u016bstiet visus Pasaules festiv\u0101la bonusus vienuviet un papildu iesp\u0113jas laim\u0113t.&nbsp;<\/li><\/ul>\n\n\n\n<h2 data-anchor=\"Licences-\u2696\ufe0f\" id=\"Licences-\u2696\ufe0f\">Licences un dro\u0161\u012bba<\/h2>\n\n\n\n<p>StayCasino pieder un to p\u0101rvalda Hollycorn N.V.. Hollycorn N.V. ir uz\u0146\u0113mums, kas re\u0123istr\u0113ts un izveidots saska\u0146\u0101 ar Kirasao likumiem ar re\u0123istr\u0101cijas numuru 144359 un juridisko adresi Scharlooweg 39, Willemstad, Cura\u00e7ao. Uz\u0146\u0113mumu Hollycorn N.V. licenc\u0113 un regul\u0113 Antillephone N.V. (licences numurs 8048\/JAZ2019- 015).<\/p>\n\n\n\n<h2 data-anchor=\"Sp\u0113les-\ud83c\udfb0\" id=\"Sp\u0113les-\ud83c\udfb0\">StayCasino sp\u0113les<\/h2>\n\n\n<div class=\"wp-block-image\">\n<figure class=\"alignright size-full is-resized\"><img loading=\"lazy\" decoding=\"async\" src=\"https:\/\/onlinecasinoprofy.com\/lv\/wp-content\/uploads\/sites\/18\/2022\/12\/auto-4.png\" alt=\"auto\" class=\"wp-image-22\" width=\"412\" height=\"270\" srcset=\"https:\/\/onlinecasinoprofy.com\/lv\/wp-content\/uploads\/sites\/18\/2022\/12\/auto-4.png 623w, https:\/\/onlinecasinoprofy.com\/lv\/wp-content\/uploads\/sites\/18\/2022\/12\/auto-4-41x27.png 41w, https:\/\/onlinecasinoprofy.com\/lv\/wp-content\/uploads\/sites\/18\/2022\/12\/auto-4-60x39.png 60w, https:\/\/onlinecasinoprofy.com\/lv\/wp-content\/uploads\/sites\/18\/2022\/12\/auto-4-40x26.png 40w, https:\/\/onlinecasinoprofy.com\/lv\/wp-content\/uploads\/sites\/18\/2022\/12\/auto-4-300x196.png 300w\" sizes=\"(max-width: 412px) 100vw, 412px\" \/><\/figure><\/div>\n\n\n<p>StayCasino ir vair\u0101k nek\u0101 8000 sp\u0113\u013cu autom\u0101ti no Pragmatic Play, Push Gaming, BGaming, Belatra, Wazdan utt. Ikviens var atrast savu iecien\u012bt\u0101ko sp\u0113li vai ko jaunu un aizraujo\u0161u. StayCasino pied\u0101v\u0101 sp\u0113les da\u017e\u0101d\u0101s kategorij\u0101s, piem\u0113ram,:<\/p>\n\n\n\n<ul><li><strong>Jaunums<\/strong> (Elvis Frog TRUEWAYS no BGaming, Sticky Piggy no Booongo)<\/li><li><strong>Slots<\/strong> (Joker Stacy, ko BGaming, Mega Lucky Diamonds, ko 1spin4win)<\/li><li><strong>Popul\u0101rs<\/strong> (Sun of Egypt 3, ko Booongo, Halloween Bonanza, ko BGaming)<\/li><li><strong>Bonusa ieg\u0101de<\/strong> (Wild Fishin&#8217; Wild Ways no Yggdrasil, Aloha King Elvis no BGaming&nbsp;<\/li><li><strong>Mini sp\u0113les<\/strong> (Turbo Plinko, ko pied\u0101v\u0101 Turbogames, Plinko XY, ko pied\u0101v\u0101 BGaming).<\/li><li><strong>Live kazino.<\/strong>&nbsp;<\/li><\/ul>\n\n\n\n            <div class=\"casinoGames d-flex align-items-start\">\n                <div class=\"casinoGames-big grayBgBlock text-center\">8000+ <p>Sp\u0113les<\/p><\/div>\n                <ul class=\"casinoGames-other d-flex flex-wrap\"><li class=\"d-flex align-items-center justify-content-between\"><span class=\"text\">Sp\u0113\u013cu autom\u0101ti<\/span><span class=\"grayBgBlock\">6800+<\/span><\/li><li class=\"d-flex align-items-center justify-content-between\"><span class=\"text\">Video Pokers<\/span><span class=\"grayBgBlock\">12+<\/span><\/li><li class=\"d-flex align-items-center justify-content-between\"><span class=\"text\">Bakara<\/span><span class=\"grayBgBlock\">88<\/span><\/li><li class=\"d-flex align-items-center justify-content-between\"><span class=\"text\">Rulete<\/span><span class=\"grayBgBlock\">84<\/span><\/li><li class=\"d-flex align-items-center justify-content-between\"><span class=\"text\">Blekd\u017eeks<\/span><span class=\"grayBgBlock\">305<\/span><\/li><li class=\"d-flex align-items-center justify-content-between\"><span class=\"text\">Pokers<\/span><span class=\"grayBgBlock\">19<\/span><\/li><li class=\"d-flex align-items-center justify-content-between\"><span class=\"text\">Bingo<\/span><span class=\"grayBgBlock\">12<\/span><\/li><li class=\"d-flex align-items-center justify-content-between\"><span class=\"text\">Live kazino sp\u0113le<\/span><span class=\"grayBgBlock\">613<\/span><\/li><\/ul>\n            <\/div>\n        \n\n\n\n<p>Da\u017ereiz ir p\u0101r\u0101k sare\u017e\u0123\u012bti izlemt par sp\u0113li. T\u0101p\u0113c StayCasino komanda ir izveidojusi sarakstus, kuros visi sp\u0113\u013cu autom\u0101ti ir sak\u0101rtoti p\u0113c nosaukuma, popularit\u0101tes un aktualit\u0101tes. Popul\u0101r\u0101kie sp\u0113\u013cu autom\u0101ti Lietuva ir Big Bass Splash, Big Bamboo, Aztec Magic Bonanza, Big Wild Buffalo un Magic Spins.&nbsp;<\/p>\n\n\n\n<p>Vis\u0101m sp\u0113l\u0113m ir lieliska grafika un t\u0101s darbojas lieliski, t\u0101p\u0113c jums atliek tikai izv\u0113l\u0113ties atbilsto\u0161i sp\u0113les si\u017eetam. Popul\u0101r\u0101k\u0101s tie\u0161raides sp\u0113les ir Sweet Bonanza CandyLand no Pragmatic Play, Football Studio no Evolution, Blackjack 17 &#8211; Azure 2 no Pragmatic Play Live, Blackjack VIP no Lucky Streak, Monopoly Big Baller no Evolution.<\/p>\n\n\n\n<p>Sp\u0113l\u0113t\u0101ji var izm\u0113\u0123in\u0101t ar\u012b katras sp\u0113les demo versiju. \u0160\u012b ir lieliska iesp\u0113ja nepieredz\u0113ju\u0161iem sp\u0113l\u0113t\u0101jiem.&nbsp;<\/p>\n\n\n\n<h2 data-anchor=\"Programmat\u016bra-\u2699\ufe0f\" id=\"Programmat\u016bra-\u2699\ufe0f\">Kazino programmat\u016bra<\/h2>\n\n\n\n<p>StayCasino j\u016bs atrad\u012bsiet sp\u0113les no labi zin\u0101miem sp\u0113\u013cu izstr\u0101d\u0101t\u0101jiem, piem\u0113ram, Pragmatic Play, Push Gaming, BGaming, Belatra, Wazdan un daudziem citiem. Vis\u0101m \u0161o izstr\u0101d\u0101t\u0101ju sp\u0113l\u0113m ir lieliska grafika un t\u0101s darbojas lieliski. Iedvesmojo\u0161i dizaini, ilustr\u0101cijas un grafiskie elementi no pasaules lab\u0101kajiem dizaineriem. <strong>Sp\u0113\u013cu pakalpojumu sniedz\u0113ju saraksts v\u0101cu valod\u0101 ir \u0161eit:&nbsp;<\/strong>1Spin4Win, 1x2Gaming, Absolute Live Gaming, Bgames, Belatra, Bet2tech, Betsoft Gaming, BGaming, Boomerangstudips, Booming, Booongo, Casino Technology un citi.<\/p>\n\n\n\n<p><strong>Tie\u0161raide<\/strong>: Vivogaming, Lucky Streak, Ezugi, Tom Horm Gaming, Absolute Live Gaming.<\/p>\n\n\n\n<h2 data-anchor=\"Maks\u0101jumu-Metodes-\ud83d\udcb8\" id=\"Maks\u0101jumu-Metodes-\ud83d\udcb8\">StayCasino &#8211; p\u0101rbaud\u012btas maks\u0101jumu metodes<\/h2>\n\n\n\n<p>StayCasino ir v\u0113rsta uz Lietuva sp\u0113l\u0113t\u0101jiem, jo vi\u0146i var iemaks\u0101t un iz\u0146emt EUR un n\u0101kamo kriptoval\u016btu BTC, BCH, ETH, LTC, DOG, USDT.<\/p>\n\n\n\n<div class=\"wp-block-columns is-layout-flex wp-container-core-columns-is-layout-1 wp-block-columns-is-layout-flex\">\n<div class=\"wp-block-column is-layout-flow wp-block-column-is-layout-flow\">\n<figure class=\"wp-block-image size-full is-resized\"><img loading=\"lazy\" decoding=\"async\" src=\"https:\/\/onlinecasinoprofy.com\/lv\/wp-content\/uploads\/sites\/18\/2022\/12\/payment-2.png\" alt=\"payment\" class=\"wp-image-51\" width=\"399\" height=\"381\" srcset=\"https:\/\/onlinecasinoprofy.com\/lv\/wp-content\/uploads\/sites\/18\/2022\/12\/payment-2.png 419w, https:\/\/onlinecasinoprofy.com\/lv\/wp-content\/uploads\/sites\/18\/2022\/12\/payment-2-28x27.png 28w, https:\/\/onlinecasinoprofy.com\/lv\/wp-content\/uploads\/sites\/18\/2022\/12\/payment-2-60x57.png 60w, https:\/\/onlinecasinoprofy.com\/lv\/wp-content\/uploads\/sites\/18\/2022\/12\/payment-2-40x38.png 40w, https:\/\/onlinecasinoprofy.com\/lv\/wp-content\/uploads\/sites\/18\/2022\/12\/payment-2-300x286.png 300w, https:\/\/onlinecasinoprofy.com\/lv\/wp-content\/uploads\/sites\/18\/2022\/12\/payment-2-32x32.png 32w\" sizes=\"(max-width: 399px) 100vw, 399px\" \/><\/figure>\n<\/div>\n\n\n\n<div class=\"wp-block-column is-layout-flow wp-block-column-is-layout-flow\">\n<p><strong>Noguld\u012bjumu metodes:<\/strong><\/p>\n\n\n\n<ul><li>Klarna Sofort (Min: 20 &#8211; Maks: 4000)<\/li><li>Kred\u012btkarte (Min: 10 &#8211; Maks: 4000)<\/li><li>MiFinity (Min: 20 &#8211; Maks: 1 000)<\/li><li>nodaPay (Min: 20 &#8211; Maks: 4000)<\/li><li>Jeton (Min: 20 &#8211; Maks: 4000<\/li><li>eZeeWallet (Min: 20 &#8211; Maks: 2500)<\/li><li>Coinspaid (vismaz \u03bc100 m10)<\/li><\/ul>\n\n\n\n<p>Ja v\u0113laties veikt iemaksu, jums j\u0101aizpilda nepiecie\u0161am\u0101 inform\u0101cija: Kred\u012btkartes numurs, der\u012bguma termi\u0146\u0161, kartes \u012bpa\u0161nieks, CVV un ievadiet vai atlasiet summu. Minim\u0101lais depoz\u012bts StayCasino vietn\u0113 ir EUR 20.<\/p>\n<\/div>\n<\/div>\n\n\n\n<p><strong>Iz\u0146em\u0161anas metodes:<\/strong><\/p>\n\n\n\n<div class=\"wp-block-columns is-layout-flex wp-container-core-columns-is-layout-2 wp-block-columns-is-layout-flex\">\n<div class=\"wp-block-column is-layout-flow wp-block-column-is-layout-flow\">\n<ul><li>MiFinity (Min: 10 &#8211; Maks: 1 000)<\/li><li>Bankas p\u0101rskait\u012bjums (Min: 200 &#8211; Max: 4000)<\/li><\/ul>\n<\/div>\n\n\n\n<div class=\"wp-block-column is-layout-flow wp-block-column-is-layout-flow\">\n<ul><li>nodaPay (Min: 20 &#8211; Maks: 4000)<\/li><li>Coinspaid (Minim\u0101lais: 10 &#8211; Maksim\u0101lais: 4000)<\/li><\/ul>\n<\/div>\n<\/div>\n\n\n\n<p>Vi\u0146iem ir j\u0101p\u0101rbauda savs konts un person\u012bba, lai veiktu izmaksas. Naudas iz\u0146em\u0161anas gaid\u012b\u0161anas laiks: Bitcoin maks &#8211; 0-24 darba stundas, kred\u012btkartes &#8211; 1-3 darba dienas. Maksim\u0101l\u0101 izmaksa ir 20 EUR, vienreiz 4000 EUR, ned\u0113\u013c\u0101 &#8211; 7500 EUR, m\u0113nes\u012b &#8211; 15000 EUR.<\/p>\n\n\n\n<h2 data-anchor=\"Klientu-apkalpo\u0161ana-\ud83d\udcde\" id=\"Klientu-apkalpo\u0161ana-\ud83d\udcde\">K\u0101da ir StayCasino klientu apkalpo\u0161ana?<\/h2>\n\n\n\n<p>Uzticam\u0101 atbalsta komanda ir pieejama katru min\u016bti un vienm\u0113r ir gatava jums pal\u012bdz\u0113t. Sazinieties ar vi\u0146iem, izmantojot \u0161\u0101dus pla\u0161sazi\u0146as l\u012bdzek\u013cus:<\/p>\n\n\n<div class=\"row casinoContacts\">\n                <div class=\"col-lg-4 casinoContacts-item\">\n                    <div class=\"smallCards\">\n                        <p class=\"smallCards-title text d-flex justify-content-between\">\n                            <span>E-mail<\/span>\n                            <img loading=\"lazy\" decoding=\"async\" src=\"https:\/\/onlinecasinoprofy.com\/lv\/wp-content\/themes\/casinoprofy\/static\/images\/message_icon.svg\" width=\"29\" height=\"25\" alt=\"E-mail icon\">\n                        <\/p>\n                        <span class=\"grayBgBlock\">\n                            support@staycasino.com                      \n                        <\/span>\n                    <\/div>\n                <\/div>\n            \n                <div class=\"col-lg-4 casinoContacts-item\">\n                    <div class=\"smallCards\">\n                        <p class=\"smallCards-title text d-flex justify-content-between\">\n                            <span>Live chat<\/span>\n                            <img loading=\"lazy\" decoding=\"async\" src=\"https:\/\/onlinecasinoprofy.com\/lv\/wp-content\/themes\/casinoprofy\/static\/images\/chat_icon.svg\" width=\"29\" height=\"25\" alt=\"Live chat icon\">\n                        <\/p>\n                        <span class=\"grayBgBlock\">\n                            \u2705                      \n                        <\/span>\n                    <\/div>\n                <\/div>\n            \n                <div class=\"col-lg-4 casinoContacts-item\">\n                    <div class=\"smallCards\">\n                        <p class=\"smallCards-title text d-flex justify-content-between\">\n                            <span>T\u0101lrunis<\/span>\n                            <img loading=\"lazy\" decoding=\"async\" src=\"https:\/\/onlinecasinoprofy.com\/lv\/wp-content\/themes\/casinoprofy\/static\/images\/calling_icon.svg\" width=\"29\" height=\"25\" alt=\"T\u0101lrunis icon\">\n                        <\/p>\n                        <span class=\"grayBgBlock\">\n                            \u274c                      \n                        <\/span>\n                    <\/div>\n                <\/div>\n            <\/div>\n\n\n\n<p>Visiem apkalpojo\u0161\u0101 person\u0101lam ir vair\u0101k nek\u0101 3 gadu pieredze azartsp\u0113\u013cu nozar\u0113, vi\u0146i lieliski run\u0101 angliski un ir pieejami visu diennakti.&nbsp;<\/p>\n\n\n\n<p>Turkl\u0101t StayCasino ir FAQ lapa, kur\u0101 j\u016bs varat atrast visas detaliz\u0113tas atbildes par savu kontu, iemaks\u0101m un izmaksu, bonusiem, dro\u0161\u012bbu un atbild\u012bgu sp\u0113l\u0113\u0161anu.&nbsp;<\/p>\n","protected":false},"excerpt":{"rendered":"","protected":false},"author":5,"featured_media":112,"parent":0,"menu_order":0,"comment_status":"closed","ping_status":"closed","template":"casinos.php","meta":{"footnotes":""},"categories":[],"tags":[],"acf":[],"yoast_head":"<!-- This site is optimized with the Yoast SEO Premium plugin v20.8 (Yoast SEO v21.6) - https:\/\/yoast.com\/wordpress\/plugins\/seo\/ -->\n<title>StayCasino \ud83e\udd29 | Re\u0101l\u0101 kazino p\u0101rskats: sp\u0113les, pr\u0113mijas, balvas<\/title>\n<meta name=\"description\" content=\"StayCasino Online pat\u012bk pied\u0101v\u0101t bonusus saviem sp\u0113l\u0113t\u0101jiem \ud83c\udf81 Lasiet p\u0101rskatu un uzziniet, ko j\u016bs varat sa\u0146emt! \u2705\" \/>\n<meta name=\"robots\" content=\"index, follow, max-snippet:-1, max-image-preview:large, max-video-preview:-1\" \/>\n<link rel=\"canonical\" href=\"https:\/\/onlinecasinoprofy.com\/lv\/wp-json\/wp\/v2\/pages\/70\/\" \/>\n<meta property=\"og:locale\" content=\"lv_LV\" \/>\n<meta property=\"og:type\" content=\"article\" \/>\n<meta property=\"og:title\" content=\"Stay Casino\" \/>\n<meta property=\"og:description\" content=\"StayCasino Online pat\u012bk pied\u0101v\u0101t bonusus saviem sp\u0113l\u0113t\u0101jiem \ud83c\udf81 Lasiet p\u0101rskatu un uzziniet, ko j\u016bs varat sa\u0146emt! \u2705\" \/>\n<meta property=\"og:url\" content=\"https:\/\/onlinecasinoprofy.com\/lv\/stay-casino\/\" \/>\n<meta property=\"og:site_name\" content=\"CasinoProfy LV\" \/>\n<meta property=\"article:modified_time\" content=\"2024-01-22T18:44:11+00:00\" \/>\n<meta property=\"og:image\" content=\"https:\/\/onlinecasinoprofy.com\/lv\/wp-content\/uploads\/sites\/18\/2023\/01\/Stay-Casino-1.png\" \/>\n\t<meta property=\"og:image:width\" content=\"500\" \/>\n\t<meta property=\"og:image:height\" content=\"500\" \/>\n\t<meta property=\"og:image:type\" content=\"image\/png\" \/>\n<meta name=\"twitter:card\" content=\"summary_large_image\" \/>\n<meta name=\"twitter:label1\" content=\"Est. reading time\" \/>\n\t<meta name=\"twitter:data1\" content=\"6 min\u016btes\" \/>\n<!-- \/ Yoast SEO Premium plugin. -->","yoast_head_json":{"title":"StayCasino \ud83e\udd29 | Re\u0101l\u0101 kazino p\u0101rskats: sp\u0113les, pr\u0113mijas, balvas","description":"StayCasino Online pat\u012bk pied\u0101v\u0101t bonusus saviem sp\u0113l\u0113t\u0101jiem \ud83c\udf81 Lasiet p\u0101rskatu un uzziniet, ko j\u016bs varat sa\u0146emt! \u2705","robots":{"index":"index","follow":"follow","max-snippet":"max-snippet:-1","max-image-preview":"max-image-preview:large","max-video-preview":"max-video-preview:-1"},"canonical":"https:\/\/onlinecasinoprofy.com\/lv\/wp-json\/wp\/v2\/pages\/70\/","og_locale":"lv_LV","og_type":"article","og_title":"Stay Casino","og_description":"StayCasino Online pat\u012bk pied\u0101v\u0101t bonusus saviem sp\u0113l\u0113t\u0101jiem \ud83c\udf81 Lasiet p\u0101rskatu un uzziniet, ko j\u016bs varat sa\u0146emt! \u2705","og_url":"https:\/\/onlinecasinoprofy.com\/lv\/stay-casino\/","og_site_name":"CasinoProfy LV","article_modified_time":"2024-01-22T18:44:11+00:00","og_image":[{"width":500,"height":500,"url":"https:\/\/onlinecasinoprofy.com\/lv\/wp-content\/uploads\/sites\/18\/2023\/01\/Stay-Casino-1.png","type":"image\/png"}],"twitter_card":"summary_large_image","twitter_misc":{"Est. reading time":"6 min\u016btes"},"schema":{"@context":"https:\/\/schema.org","@graph":[{"@type":"WebPage","@id":"https:\/\/onlinecasinoprofy.com\/lv\/stay-casino\/","url":"https:\/\/onlinecasinoprofy.com\/lv\/stay-casino\/","name":"StayCasino \ud83e\udd29 | Re\u0101l\u0101 kazino p\u0101rskats: sp\u0113les, pr\u0113mijas, balvas","isPartOf":{"@id":"https:\/\/onlinecasinoprofy.com\/lv\/#website"},"datePublished":"2023-01-16T15:18:22+00:00","dateModified":"2024-01-22T18:44:11+00:00","description":"StayCasino Online pat\u012bk pied\u0101v\u0101t bonusus saviem sp\u0113l\u0113t\u0101jiem \ud83c\udf81 Lasiet p\u0101rskatu un uzziniet, ko j\u016bs varat sa\u0146emt! \u2705","inLanguage":"lv-LV","potentialAction":[{"@type":"ReadAction","target":["https:\/\/onlinecasinoprofy.com\/lv\/stay-casino\/"]}]},{"@type":"WebSite","@id":"https:\/\/onlinecasinoprofy.com\/lv\/#website","url":"https:\/\/onlinecasinoprofy.com\/lv\/","name":"CasinoProfy LV","description":"\u041f\u0440\u043e\u0441\u0442\u043e \u0449\u0435 \u043e\u0434\u0438\u043d CasinoProfy Sites \u0441\u0430\u0439\u0442","inLanguage":"lv-LV"}]}},"_links":{"self":[{"href":"https:\/\/onlinecasinoprofy.com\/lv\/wp-json\/wp\/v2\/pages\/70"}],"collection":[{"href":"https:\/\/onlinecasinoprofy.com\/lv\/wp-json\/wp\/v2\/pages"}],"about":[{"href":"https:\/\/onlinecasinoprofy.com\/lv\/wp-json\/wp\/v2\/types\/page"}],"author":[{"embeddable":true,"href":"https:\/\/onlinecasinoprofy.com\/lv\/wp-json\/wp\/v2\/users\/5"}],"replies":[{"embeddable":true,"href":"https:\/\/onlinecasinoprofy.com\/lv\/wp-json\/wp\/v2\/comments?post=70"}],"version-history":[{"count":0,"href":"https:\/\/onlinecasinoprofy.com\/lv\/wp-json\/wp\/v2\/pages\/70\/revisions"}],"wp:featuredmedia":[{"embeddable":true,"href":"https:\/\/onlinecasinoprofy.com\/lv\/wp-json\/wp\/v2\/media\/112"}],"wp:attachment":[{"href":"https:\/\/onlinecasinoprofy.com\/lv\/wp-json\/wp\/v2\/media?parent=70"}],"wp:term":[{"taxonomy":"category","embeddable":true,"href":"https:\/\/onlinecasinoprofy.com\/lv\/wp-json\/wp\/v2\/categories?post=70"},{"taxonomy":"post_tag","embeddable":true,"href":"https:\/\/onlinecasinoprofy.com\/lv\/wp-json\/wp\/v2\/tags?post=70"}],"curies":[{"name":"wp","href":"https:\/\/api.w.org\/{rel}","templated":true}]}}