{"id":104,"date":"2022-12-28T14:58:20","date_gmt":"2022-12-28T12:58:20","guid":{"rendered":"https:\/\/onlinecasinoprofy.com\/pt\/?post_type=casinos&#038;p=104"},"modified":"2024-01-22T20:32:39","modified_gmt":"2024-01-22T18:32:39","slug":"ice-casino","status":"publish","type":"page","link":"https:\/\/onlinecasinoprofy.com\/pt\/ice-casino\/","title":{"rendered":"Ice Casino"},"content":{"rendered":"\n<p>Quando um cassino tem um nome t\u00e3o frio, isso n\u00e3o significa que os seus jogos n\u00e3o sejam quentes. Talvez, este casino n\u00e3o seja frio, mas sim frio, certo? \u00c9 o que podemos dizer sobre o casino Ice que \u00e9 jovem mas muito promissor. O operador Ice Casino foi lan\u00e7ado em 2021 e pertence \u00e0 Brivio Limited que est\u00e1 registada em Chipre (HE315596 n\u00famero de registo). A licen\u00e7a de Cura\u00e7ao (8048\/JAZ2012-009) mostra que o casino \u00e9 regulamentado e leg\u00edtimo. E agora, pode aceder \u00e0 revis\u00e3o justa do casino Ice da nossa equipa para se familiarizar com os fornecedores, jogos, b\u00f3nus, e outras regalias para os jogadores!<\/p>\n\n\n\n<h2 class=\"wp-block-heading\" id=\"h-advantages-disadvantages\">Advantages\/Disadvantages<\/h2>\n\n\n\n<figure class=\"wp-block-table is-style-stripes\"><table><thead><tr><th class=\"has-text-align-center\" data-align=\"center\"><strong>Vantagens<\/strong>\ud83d\udc4d<\/th><th class=\"has-text-align-center\" data-align=\"center\"><strong>Desvantagens<\/strong>\ud83d\udc4e<\/th><\/tr><\/thead><tbody><tr><td class=\"has-text-align-center\" data-align=\"center\">\u20ac1 500 + 270 rota\u00e7\u00f5es gratuitas para registo<\/td><td class=\"has-text-align-center\" data-align=\"center\">Apenas licen\u00e7a de Cura\u00e7ao<\/td><\/tr><tr><td class=\"has-text-align-center\" data-align=\"center\">Torneios regulares + Drops &amp; Wins<\/td><td class=\"has-text-align-center\" data-align=\"center\">B\u00f3nus pessoais a pedido<\/td><\/tr><tr><td class=\"has-text-align-center\" data-align=\"center\">Jogos de todos os tipos<\/td><td class=\"has-text-align-center\" data-align=\"center\"><\/td><\/tr><tr><td class=\"has-text-align-center\" data-align=\"center\">Programa de lealdade com b\u00f3nus especiais de recarga<\/td><td class=\"has-text-align-center\" data-align=\"center\"><\/td><\/tr><\/tbody><\/table><\/figure>\n\n\n\n<h2 class=\"wp-block-heading\" id=\"h-inscri-o-no-ice-casino\">Inscri\u00e7\u00e3o no Ice Casino<\/h2>\n\n\n<div class=\"wp-block-image\">\n<figure class=\"alignright size-full is-resized\"><img loading=\"lazy\" decoding=\"async\" src=\"https:\/\/onlinecasinoprofy.com\/pt\/wp-content\/uploads\/sites\/13\/2022\/12\/casino-3.png\" alt=\"casino\" class=\"wp-image-35\" width=\"430\" height=\"338\" srcset=\"https:\/\/onlinecasinoprofy.com\/pt\/wp-content\/uploads\/sites\/13\/2022\/12\/casino-3.png 510w, https:\/\/onlinecasinoprofy.com\/pt\/wp-content\/uploads\/sites\/13\/2022\/12\/casino-3-60x47.png 60w, https:\/\/onlinecasinoprofy.com\/pt\/wp-content\/uploads\/sites\/13\/2022\/12\/casino-3-40x31.png 40w, https:\/\/onlinecasinoprofy.com\/pt\/wp-content\/uploads\/sites\/13\/2022\/12\/casino-3-300x235.png 300w, https:\/\/onlinecasinoprofy.com\/pt\/wp-content\/uploads\/sites\/13\/2022\/12\/casino-3-34x27.png 34w\" sizes=\"(max-width: 430px) 100vw, 430px\" \/><\/figure><\/div>\n\n\n<p>As vantagens do operador s\u00e3o reveladas quando se cria uma conta e se v\u00ea todas estas caracter\u00edsticas como um cliente. O registo no Ice Casino demora at\u00e9 alguns minutos, e uma vez criado o seu login, \u00e9 poss\u00edvel experimentar todas as funcionalidades, incluindo depositar, obter b\u00f3nus, jogar jogos a dinheiro real, e muito mais. <strong>Quando estiver pronto para criar uma conta, aqui est\u00e3o os passos que precisa de seguir:<\/strong><\/p>\n\n\n\n<ol><li>Assim que o s\u00edtio oficial for aberto no seu ambiente de trabalho ou telem\u00f3vel, encontre o bot\u00e3o azul &#8216;Sign up&#8217; acima.<\/li><li>Depois, ver\u00e1 a primeira parte do formul\u00e1rio de inscri\u00e7\u00e3o que requer o seu endere\u00e7o de correio electr\u00f3nico, palavra-passe e moeda (EUR, USD, e mais 20). Aqui, confirma tamb\u00e9m que tem mais de 18 anos, que os termos s\u00e3o todos claros, e que deseja subscrever promo\u00e7\u00f5es (opcionalmente). Se tiver um c\u00f3digo promocional do Ice Casino, assinale a \u00e1rea correspondente e introduza-o.<\/li><li>Quando o formul\u00e1rio \u00e9 preenchido, confirma o seu e-mail.<\/li><li>Al\u00e9m disso, vale a pena visitar as defini\u00e7\u00f5es da sua conta e adicionar os seus dados pessoais para os verificar ent\u00e3o.<\/li><\/ol>\n\n\n\n<p>Uma forma mais conveniente de criar a sua conta \u00e9 escolher uma das p\u00e1ginas das redes sociais se tiver uma conta correspondente (Google, Twitter, Facebook).<\/p>\n\n\n\n<h2 data-anchor=\"B\u00f3nus-e-promo\u00e7\u00f5es-\ud83c\udf81\" id=\"B\u00f3nus-e-promo\u00e7\u00f5es-\ud83c\udf81\">Ice Casino &#8211; B\u00f3nus e Promo\u00e7\u00f5es<\/h2>\n\n\n\n<p>Como j\u00e1 mencion\u00e1mos, o operador \u00e9 muito fixe, e o programa de b\u00f3nus do Ice Casino \u00e9 igualmente agrad\u00e1vel. Vejamos cada uma destas promo\u00e7\u00f5es quentes com as condi\u00e7\u00f5es de apostas explicadas!<\/p>\n\n\n\n<figure class=\"wp-block-table is-style-stripes\"><table><thead><tr><th class=\"has-text-align-center\" data-align=\"center\"><strong>B\u00f3nus<\/strong><\/th><th class=\"has-text-align-center\" data-align=\"center\"><strong>Condi\u00e7\u00f5es<\/strong><\/th><\/tr><\/thead><tbody><tr><td class=\"has-text-align-center\" data-align=\"center\"><strong>Pacote de boas-vindas<\/strong><\/td><td class=\"has-text-align-center\" data-align=\"center\">Ao juntar-se ao operador, recebe um generoso b\u00f3nus do Ice Casino pelo registo, uma vez satisfeito com os termos. O pacote consiste em 1.500 euros + 270 rodadas gr\u00e1tis do Ice Casino. Depois de se inscrever, tem 4 dias para activar o pacote.<strong> \u00c9 o que ele d\u00e1:<\/strong><br><strong>1\ufe0f\u20e3<\/strong> 120% at\u00e9 \u20ac300 + 120 rota\u00e7\u00f5es gr\u00e1tis no Big Bass Bonanza<br><strong><strong>2\ufe0f\u20e3<\/strong><\/strong> Dep\u00f3sito de \u20ac10 a \u20ac49 &#8211; 125% + 50 FS na Ice Maniaou<br><strong><strong><strong>3\ufe0f\u20e3<\/strong><\/strong><\/strong> Dep\u00f3sito de mais de \u20ac50 &#8211; 200% at\u00e9 \u20ac700 + 100 FS em Starburst<br><strong><strong><strong><strong>4\ufe0f\u20e3<\/strong><\/strong><\/strong><\/strong> 100% at\u00e9 \u20ac200 + 25 FS em Wolf Gold110% at\u00e9 \u20ac300 + 25 FS em Book of Rebirth<\/td><\/tr><tr><td class=\"has-text-align-center\" data-align=\"center\"><strong>Cashback<\/strong><\/td><td class=\"has-text-align-center\" data-align=\"center\">O levantamento do Ice Casino \u00e9 fornecido todas as segundas-feiras se o dep\u00f3sito tiver sido de pelo menos \u20ac20 (com todos os b\u00f3nus deduzidos). <strong>A percentagem est\u00e1 relacionada com o estatuto VIP:<\/strong><br>&#8211; Amador e Especialista &#8211; 3%<br>&#8211; Especialista e Profissional &#8211; 5%<br>&#8211; Bronze VIP e Prata VIP &#8211; 7%<br>&#8211; Ouro VIP e Platina VIP &#8211; 9%<br>&#8211; Diamante VIP &#8211; 12%<\/td><\/tr><tr><td class=\"has-text-align-center\" data-align=\"center\"><strong>Programa de lealdade<\/strong><\/td><td class=\"has-text-align-center\" data-align=\"center\">O Ice Casino tem 10 estados VIP que s\u00e3o Principiantes (1-9 n\u00edveis) &#8211; Diamante VIP (90-99 n\u00edveis). Cada 10 euros gastos traz-lhe 1 PC. A taxa de c\u00e2mbio em USD\/EUR\/CAD \u00e9 de 500:1 para o Amador e 100:1 para o Diamante VIP.<\/td><\/tr><tr><td class=\"has-text-align-center\" data-align=\"center\"><strong>B\u00f3nus semanal<\/strong><\/td><td class=\"has-text-align-center\" data-align=\"center\">Dependendo do seu estatuto VIP, recebe um b\u00f3nus de recarga correspondente. \u00c9 10% para o Amator e 90% para o Diamante VIP.<\/td><\/tr><tr><td class=\"has-text-align-center\" data-align=\"center\"><strong>Outros b\u00f3nus<\/strong><\/td><td class=\"has-text-align-center\" data-align=\"center\">Entre as outras coisas agrad\u00e1veis a que tem acesso, est\u00e3o um Casino Gelo sem b\u00f3nus de dep\u00f3sito, varia\u00e7\u00f5es de c\u00f3digos de b\u00f3nus, e diferentes torneios, incluindo Drops &amp; Wins e pequenos eventos locais dedicados a diferentes f\u00e9rias, esta\u00e7\u00f5es, etc. Por exemplo, o Oktoberfest com o pr\u00e9mio de \u20ac20.000.<\/td><\/tr><\/tbody><\/table><\/figure>\n\n\n\n<h2 data-anchor=\"Licen\u00e7a-\u2696\ufe0f\" id=\"Licen\u00e7a-\u2696\ufe0f\">Licen\u00e7as e seguran\u00e7a<\/h2>\n\n\n\n<p>O melhor casino \u00e9 aquele em que pode confiar quando se trata de fornecer dados pessoais, adicionar dinheiro \u00e0 sua conta, jogar jogos a dinheiro real, etc. E o Ice Casino pode satisfazer estas expectativas gra\u00e7as \u00e0s suas licen\u00e7as e \u00e0 pol\u00edtica de privacidade que asseguram aos visitantes que todos os seus dados e dinheiro est\u00e3o seguros enquanto jogam na Internet. A Brivio Limited, propriet\u00e1ria do casino, \u00e9 uma empresa justa com uma reputa\u00e7\u00e3o transparente. A licen\u00e7a 8048\/JAZ2012-009 Cura\u00e7ao tamb\u00e9m representa justi\u00e7a, bem como a encripta\u00e7\u00e3o SSL. E quando l\u00ea os termos, v\u00ea que as condi\u00e7\u00f5es s\u00e3o claras e orientadas para o jogo confort\u00e1vel para todos os clientes.<\/p>\n\n\n\n<h2 data-anchor=\"Jogos-\ud83c\udfb0\" id=\"Jogos-\ud83c\udfb0\">Jogos Ice Casino<\/h2>\n\n\n\n<p>Among different Ice Casino opinions, you should definitely pay attention to the ones connected with the available games. Fortunately, this casino features 3,700+ thrilling games, which are slot machines (3,500+), video poker (12), poker (24), baccarat (15), roulette (22), blackjack (30), bingo (3), scratch cards (32), keno (13), and craps (1).<\/p>\n\n\n<div class=\"wp-block-image\">\n<figure class=\"alignright size-full is-resized\"><img loading=\"lazy\" decoding=\"async\" src=\"https:\/\/onlinecasinoprofy.com\/pt\/wp-content\/uploads\/sites\/13\/2022\/12\/auto-3.png\" alt=\"auto\" class=\"wp-image-24\" width=\"502\" height=\"352\" srcset=\"https:\/\/onlinecasinoprofy.com\/pt\/wp-content\/uploads\/sites\/13\/2022\/12\/auto-3.png 570w, https:\/\/onlinecasinoprofy.com\/pt\/wp-content\/uploads\/sites\/13\/2022\/12\/auto-3-60x42.png 60w, https:\/\/onlinecasinoprofy.com\/pt\/wp-content\/uploads\/sites\/13\/2022\/12\/auto-3-40x28.png 40w, https:\/\/onlinecasinoprofy.com\/pt\/wp-content\/uploads\/sites\/13\/2022\/12\/auto-3-300x211.png 300w, https:\/\/onlinecasinoprofy.com\/pt\/wp-content\/uploads\/sites\/13\/2022\/12\/auto-3-38x27.png 38w\" sizes=\"(max-width: 502px) 100vw, 502px\" \/><\/figure><\/div>\n\n\n<p>You can play all the popular types, including amazing slots like Sweet Bonanza, classic table games, live games, and so on. Here come some of these titles overviewed:<\/p>\n\n\n\n<ul><li><strong>Book of Demi Gods IV<\/strong><br>Lan\u00e7ada em 2022, esta m\u00e1quina \u00e9 uma nova vers\u00e3o do famoso jogo de tema mitol\u00f3gico da Spinomenal. Aqui, conta com ganhos de at\u00e9 5.000x e caracter\u00edsticas como as rota\u00e7\u00f5es livres e a Compra B\u00f3nus<\/li><\/ul>\n\n\n\n<ul><li><strong>88 Frenzy Fortune<\/strong><br>Este jogo da Betsoft \u00e9 tamb\u00e9m bastante novo e agrada aos jogadores tanto com o tema chin\u00eas como com a oportunidade de desencadear re-giros<\/li><li><strong>Candy Dreams Sweet Planet<\/strong><br>O seguinte slot doce do EvoPlay ser\u00e1 apreciado pelos seus s\u00edmbolos pagando em qualquer lugar no ecr\u00e3, uma enorme vit\u00f3ria m\u00e1xima de 22.000x, uma RTP de 96%, e in\u00fameros mini-autocarros como rota\u00e7\u00f5es livres, dupla hip\u00f3tese, e mais<\/li><\/ul>\n\n\n\n<ul><li><strong>Seven Books Unlimited<\/strong><br>Se gosta de diferentes varia\u00e7\u00f5es de temas cl\u00e1ssicos, este jogo \u00e9 para si. As bobinas aqui s\u00e3o cobertas com diferentes frutas deliciosas, enquanto s\u00edmbolos de b\u00f3nus trazem 10 jogos gratuitos<\/li><\/ul>\n\n\n\n            <div class=\"casinoGames d-flex align-items-start\">\n                <div class=\"casinoGames-big grayBgBlock text-center\">3700+ <p>Jogos<\/p><\/div>\n                <ul class=\"casinoGames-other d-flex flex-wrap\"><li class=\"d-flex align-items-center justify-content-between\"><span class=\"text\">Slots<\/span><span class=\"grayBgBlock\">3500+<\/span><\/li><li class=\"d-flex align-items-center justify-content-between\"><span class=\"text\">V\u00eddeo p\u00f3quer<\/span><span class=\"grayBgBlock\">12<\/span><\/li><li class=\"d-flex align-items-center justify-content-between\"><span class=\"text\">Baccarat<\/span><span class=\"grayBgBlock\">15<\/span><\/li><li class=\"d-flex align-items-center justify-content-between\"><span class=\"text\">Roleta<\/span><span class=\"grayBgBlock\">22<\/span><\/li><li class=\"d-flex align-items-center justify-content-between\"><span class=\"text\">Blackjack<\/span><span class=\"grayBgBlock\">30<\/span><\/li><li class=\"d-flex align-items-center justify-content-between\"><span class=\"text\">P\u00f3quer<\/span><span class=\"grayBgBlock\">24<\/span><\/li><li class=\"d-flex align-items-center justify-content-between\"><span class=\"text\">Bingo<\/span><span class=\"grayBgBlock\">3<\/span><\/li><li class=\"d-flex align-items-center justify-content-between\"><span class=\"text\">Jogos ao vivo<\/span><span class=\"grayBgBlock\">144<\/span><\/li><\/ul>\n            <\/div>\n        \n\n\n\n<h3 class=\"wp-block-heading\" id=\"h-jogos-ao-vivo\">Jogos ao vivo<\/h3>\n\n\n\n<p>Ao contr\u00e1rio dos jogos baseados em RNG, os t\u00edtulos ao vivo s\u00e3o alojados por dealers que trabalham em est\u00fadios reais e entret\u00eam os jogadores tanto em mesas cl\u00e1ssicas como em espect\u00e1culos ao vivo. O Ice Casino possui uma categoria especial para jogos ao vivo, por isso \u00e9 f\u00e1cil encontr\u00e1-los. Os principais fornecedores desta sec\u00e7\u00e3o s\u00e3o Evolution, Pragmatic Play, e LuckyStreak. Precisa do seu login no Ice Casino para entrar nestes jogos, uma vez que s\u00e3o por dinheiro real. Quanto a v\u00e1rios exemplos, veja a XXXtreme Lightning Roulette (Evolution), Sweet Bonanza CandyLand (Pragmatic Play), e VIP Blackjack (LuckyStreak).<\/p>\n\n\n\n<h2 data-anchor=\"Software-\ud83d\udee0\" id=\"Software-\ud83d\udee0\">Software do Casino<\/h2>\n\n\n<div class=\"wp-block-image\">\n<figure class=\"alignleft size-full is-resized\"><img loading=\"lazy\" decoding=\"async\" src=\"https:\/\/onlinecasinoprofy.com\/pt\/wp-content\/uploads\/sites\/13\/2022\/12\/support-4.png\" alt=\"support\" class=\"wp-image-68\" width=\"366\" height=\"326\" srcset=\"https:\/\/onlinecasinoprofy.com\/pt\/wp-content\/uploads\/sites\/13\/2022\/12\/support-4.png 450w, https:\/\/onlinecasinoprofy.com\/pt\/wp-content\/uploads\/sites\/13\/2022\/12\/support-4-60x53.png 60w, https:\/\/onlinecasinoprofy.com\/pt\/wp-content\/uploads\/sites\/13\/2022\/12\/support-4-40x36.png 40w, https:\/\/onlinecasinoprofy.com\/pt\/wp-content\/uploads\/sites\/13\/2022\/12\/support-4-300x267.png 300w, https:\/\/onlinecasinoprofy.com\/pt\/wp-content\/uploads\/sites\/13\/2022\/12\/support-4-30x27.png 30w\" sizes=\"(max-width: 366px) 100vw, 366px\" \/><\/figure><\/div>\n\n\n<p>Aqui no Ice Casino, tem acesso a jogos de dezenas de fornecedores habilidosos. <strong>A sua lista \u00e9 fornecida aqui:<\/strong> Amatic Industries, Amusnet Interactive, Arcadem, Betsoft, Blueprint Gaming, Booming Games, CT Interactive, Amusnet Interactive (antiga EGT Interactive), Endorphina, Evolution, Evoplay, GameArt, Gamomat, Givme Games, Habanero, Igrosoft, Ezugi, iSoftBet, Kalamba Games, Mobilots, NetEnt, Nucleus, Oryx Gaming, PG Soft, PlayPearls, Pragmatic Play, Push Gaming, Slotmill, Spinomenal, Swintt, Thunderkick, Tom Horn Gaming, e Play&#8217;n GO.<\/p>\n\n\n\n<p>H\u00e1 um filtro por fornecedores tanto para todos os jogos como para uma categoria particular que escolhe. Os jogos s\u00e3o optimizados para telem\u00f3veis e s\u00e3o compat\u00edveis com dezenas de moedas, incluindo o d\u00f3lar americano, o euro, e at\u00e9 criptogr\u00e1fico.<\/p>\n\n\n\n<p>Ir\u00e1 gostar de Pragmatic Play pelos seus fant\u00e1sticos slots como Sweet Bonanza e shows ao vivo como Sweet Bonanza CandyLand. A NetEnt \u00e9 uma empresa sueca que tem vindo a produzir fant\u00e1sticas slots e mesas desde 1996. E a Betsoft vai surpreend\u00ea-lo com os seus enormes jackpots progressivos.<\/p>\n\n\n\n<h2 data-anchor=\"Vers\u00e3o-m\u00f3vel-\ud83d\udcf1\" id=\"Vers\u00e3o-m\u00f3vel-\ud83d\udcf1\">Ice Casino em dispositivos m\u00f3veis<\/h2>\n\n\n\n<p>A aplica\u00e7\u00e3o de download do Ice Casino n\u00e3o \u00e9 necess\u00e1ria para jogar em dispositivos port\u00e1teis, uma vez que o operador oferece um site perfeito optimizado para o acesso em browsers. O site \u00e9 amig\u00e1vel para diferentes dispositivos Android, incluindo telem\u00f3veis e tablets, bem como gadgets Apple, que podem ser o seu iPhone ou iPad. Al\u00e9m da optimiza\u00e7\u00e3o do site e da aus\u00eancia do download da aplica\u00e7\u00e3o Ice Casino, vale a pena destacar os esfor\u00e7os dos fornecedores que fazem os seus jogos HTML5-powered para jogar slots, mesas, e outros jogos em movimento.<\/p>\n\n\n\n<h2 data-anchor=\"M\u00e9todos-de-pagamento-\ud83d\udcb8\" id=\"M\u00e9todos-de-pagamento-\ud83d\udcb8\">Ice Casino &#8211; m\u00e9todos de pagamento verificados<\/h2>\n\n\n\n<p>To process payments here at Ice Casino, players can access a wide range of convenient options which are both safe and convenient to both process deposit transactions and cash out.<\/p>\n\n\n\n<p>There are certain Ice Casino payout conditions that determine both the limits and KYC (verification) conditions. The deposit turnover needs to be 2x or the withdrawal fee will be equal to 20%. Besides, the processing time varies depending on the amount you cash out. This is available when you have completed the KYC procedure. When the withdrawal amount is 20x the deposit amount, the maximum to withdraw is 5,000 EUR.<\/p>\n\n\n\n<p>While depositing, you can use a promo code to get a bonus from Ice.<\/p>\n\n\n\n<figure class=\"wp-block-table is-style-stripes\"><table><tbody><tr><td class=\"has-text-align-center\" data-align=\"center\"><strong>Formas de pagamento dispon\u00edveis<\/strong><\/td><td class=\"has-text-align-center\" data-align=\"center\">Visa, MasterCard, Maestro, Sofort, Trustly, Rapid Transfer, Neosurf, Paysafe Card, Pix, EcoPayz, MuchBetter, MiFinity, GiroPay, Skrill, Neteller, Interac, iDebit, Piastrix, Pay4Fun, SticPay, EPS<\/td><\/tr><tr><td class=\"has-text-align-center\" data-align=\"center\"><strong>Limites de retirada<\/strong><\/td><td class=\"has-text-align-center\" data-align=\"center\">At\u00e9 500 EUR &#8211; 5 minutos a 12 horas&nbsp;&nbsp;At\u00e9 5.000 EUR &#8211; 5 mins a 48 horasAt\u00e9 30.000 EUR &#8211; 5 mins a 96 horas<\/td><\/tr><tr><td class=\"has-text-align-center\" data-align=\"center\"><strong>Dep\u00f3sito m\u00ednimo<\/strong><\/td><td class=\"has-text-align-center\" data-align=\"center\">10 EUR<\/td><\/tr><\/tbody><\/table><\/figure>\n\n\n\n<h2 data-anchor=\"Servi\u00e7o-ao-cliente-\ud83d\udcde\" id=\"Servi\u00e7o-ao-cliente-\ud83d\udcde\">Como \u00e9 o servi\u00e7o ao cliente no Ice Casino?<\/h2>\n\n\n\n<p>A equipa de apoio no Ice Casino \u00e9 ao mesmo tempo \u00fatil e profissional. Entre as formas de os contactar, encontra-se o seguinte:<\/p>\n\n\n<div class=\"row casinoContacts\">\n                <div class=\"col-lg-4 casinoContacts-item\">\n                    <div class=\"smallCards\">\n                        <p class=\"smallCards-title text d-flex justify-content-between\">\n                            <span>Email<\/span>\n                            <img loading=\"lazy\" decoding=\"async\" src=\"https:\/\/onlinecasinoprofy.com\/pt\/wp-content\/themes\/casinoprofy\/static\/images\/message_icon.svg\" width=\"29\" height=\"25\" alt=\"Email icon\">\n                        <\/p>\n                        <span class=\"grayBgBlock\">\n                            support@icecasino.com                      \n                        <\/span>\n                    <\/div>\n                <\/div>\n            \n                <div class=\"col-lg-4 casinoContacts-item\">\n                    <div class=\"smallCards\">\n                        <p class=\"smallCards-title text d-flex justify-content-between\">\n                            <span>Chat ao vivo<\/span>\n                            <img loading=\"lazy\" decoding=\"async\" src=\"https:\/\/onlinecasinoprofy.com\/pt\/wp-content\/themes\/casinoprofy\/static\/images\/chat_icon.svg\" width=\"29\" height=\"25\" alt=\"Chat ao vivo icon\">\n                        <\/p>\n                        <span class=\"grayBgBlock\">\n                            \u2705                      \n                        <\/span>\n                    <\/div>\n                <\/div>\n            \n                <div class=\"col-lg-4 casinoContacts-item\">\n                    <div class=\"smallCards\">\n                        <p class=\"smallCards-title text d-flex justify-content-between\">\n                            <span>Apoio por telefone<\/span>\n                            <img loading=\"lazy\" decoding=\"async\" src=\"https:\/\/onlinecasinoprofy.com\/pt\/wp-content\/themes\/casinoprofy\/static\/images\/calling_icon.svg\" width=\"29\" height=\"25\" alt=\"Apoio por telefone icon\">\n                        <\/p>\n                        <span class=\"grayBgBlock\">\n                            +35725654267                      \n                        <\/span>\n                    <\/div>\n                <\/div>\n            <\/div>\n\n\n\n<p>Quando contactar o gerente, pode pedir um c\u00f3digo promocional Ice Casino, resolver os seus problemas de pagamento, ou qualquer outra coisa.<\/p>\n","protected":false},"excerpt":{"rendered":"","protected":false},"author":5,"featured_media":107,"parent":0,"menu_order":0,"comment_status":"closed","ping_status":"closed","template":"casinos.php","meta":{"footnotes":""},"categories":[],"tags":[],"acf":[],"yoast_head":"<!-- This site is optimized with the Yoast SEO Premium plugin v20.8 (Yoast SEO v21.6) - https:\/\/yoast.com\/wordpress\/plugins\/seo\/ -->\n<title>Ice Casino Online \ud83e\uddca | Revis\u00e3o completa e honesta : leia aqui e jogue!!!<\/title>\n<meta name=\"description\" content=\"Aqui est\u00e1 para ler uma an\u00e1lise imparcial do Ice Casino \u2744\ufe0f que cobre todos os detalhes incluindo o pacote de boas-vindas e muito mais!\" \/>\n<meta name=\"robots\" content=\"index, follow, max-snippet:-1, max-image-preview:large, max-video-preview:-1\" \/>\n<link rel=\"canonical\" href=\"https:\/\/onlinecasinoprofy.com\/pt\/wp-json\/wp\/v2\/pages\/104\/\" \/>\n<meta property=\"og:locale\" content=\"pt_PT\" \/>\n<meta property=\"og:type\" content=\"article\" \/>\n<meta property=\"og:title\" content=\"Ice Casino\" \/>\n<meta property=\"og:description\" content=\"Aqui est\u00e1 para ler uma an\u00e1lise imparcial do Ice Casino \u2744\ufe0f que cobre todos os detalhes incluindo o pacote de boas-vindas e muito mais!\" \/>\n<meta property=\"og:url\" content=\"https:\/\/onlinecasinoprofy.com\/pt\/ice-casino\/\" \/>\n<meta property=\"og:site_name\" content=\"CasinoProfy PT\" \/>\n<meta property=\"article:modified_time\" content=\"2024-01-22T18:32:39+00:00\" \/>\n<meta property=\"og:image\" content=\"https:\/\/onlinecasinoprofy.com\/pt\/wp-content\/uploads\/sites\/13\/2022\/12\/ice-casino.png\" \/>\n\t<meta property=\"og:image:width\" content=\"512\" \/>\n\t<meta property=\"og:image:height\" content=\"512\" \/>\n\t<meta property=\"og:image:type\" content=\"image\/png\" \/>\n<meta name=\"twitter:card\" content=\"summary_large_image\" \/>\n<meta name=\"twitter:label1\" content=\"Tempo estimado de leitura\" \/>\n\t<meta name=\"twitter:data1\" content=\"10 minutos\" \/>\n<!-- \/ Yoast SEO Premium plugin. -->","yoast_head_json":{"title":"Ice Casino Online \ud83e\uddca | Revis\u00e3o completa e honesta : leia aqui e jogue!!!","description":"Aqui est\u00e1 para ler uma an\u00e1lise imparcial do Ice Casino \u2744\ufe0f que cobre todos os detalhes incluindo o pacote de boas-vindas e muito mais!","robots":{"index":"index","follow":"follow","max-snippet":"max-snippet:-1","max-image-preview":"max-image-preview:large","max-video-preview":"max-video-preview:-1"},"canonical":"https:\/\/onlinecasinoprofy.com\/pt\/wp-json\/wp\/v2\/pages\/104\/","og_locale":"pt_PT","og_type":"article","og_title":"Ice Casino","og_description":"Aqui est\u00e1 para ler uma an\u00e1lise imparcial do Ice Casino \u2744\ufe0f que cobre todos os detalhes incluindo o pacote de boas-vindas e muito mais!","og_url":"https:\/\/onlinecasinoprofy.com\/pt\/ice-casino\/","og_site_name":"CasinoProfy PT","article_modified_time":"2024-01-22T18:32:39+00:00","og_image":[{"width":512,"height":512,"url":"https:\/\/onlinecasinoprofy.com\/pt\/wp-content\/uploads\/sites\/13\/2022\/12\/ice-casino.png","type":"image\/png"}],"twitter_card":"summary_large_image","twitter_misc":{"Tempo estimado de leitura":"10 minutos"},"schema":{"@context":"https:\/\/schema.org","@graph":[{"@type":"WebPage","@id":"https:\/\/onlinecasinoprofy.com\/pt\/ice-casino\/","url":"https:\/\/onlinecasinoprofy.com\/pt\/ice-casino\/","name":"Ice Casino Online \ud83e\uddca | Revis\u00e3o completa e honesta : leia aqui e jogue!!!","isPartOf":{"@id":"https:\/\/onlinecasinoprofy.com\/pt\/#website"},"datePublished":"2022-12-28T12:58:20+00:00","dateModified":"2024-01-22T18:32:39+00:00","description":"Aqui est\u00e1 para ler uma an\u00e1lise imparcial do Ice Casino \u2744\ufe0f que cobre todos os detalhes incluindo o pacote de boas-vindas e muito mais!","breadcrumb":{"@id":"https:\/\/onlinecasinoprofy.com\/pt\/ice-casino\/#breadcrumb"},"inLanguage":"pt-PT","potentialAction":[{"@type":"ReadAction","target":["https:\/\/onlinecasinoprofy.com\/pt\/ice-casino\/"]}]},{"@type":"BreadcrumbList","@id":"https:\/\/onlinecasinoprofy.com\/pt\/ice-casino\/#breadcrumb","itemListElement":[{"@type":"ListItem","position":1,"name":"Home","item":"https:\/\/onlinecasinoprofy.com\/pt\/"},{"@type":"ListItem","position":2,"name":"Ice Casino"}]},{"@type":"WebSite","@id":"https:\/\/onlinecasinoprofy.com\/pt\/#website","url":"https:\/\/onlinecasinoprofy.com\/pt\/","name":"CasinoProfy PT","description":"OnlineCasinoProfy - Uma experi\u00eancia de jogo \u00fanica","inLanguage":"pt-PT"}]}},"_links":{"self":[{"href":"https:\/\/onlinecasinoprofy.com\/pt\/wp-json\/wp\/v2\/pages\/104"}],"collection":[{"href":"https:\/\/onlinecasinoprofy.com\/pt\/wp-json\/wp\/v2\/pages"}],"about":[{"href":"https:\/\/onlinecasinoprofy.com\/pt\/wp-json\/wp\/v2\/types\/page"}],"author":[{"embeddable":true,"href":"https:\/\/onlinecasinoprofy.com\/pt\/wp-json\/wp\/v2\/users\/5"}],"replies":[{"embeddable":true,"href":"https:\/\/onlinecasinoprofy.com\/pt\/wp-json\/wp\/v2\/comments?post=104"}],"version-history":[{"count":0,"href":"https:\/\/onlinecasinoprofy.com\/pt\/wp-json\/wp\/v2\/pages\/104\/revisions"}],"wp:featuredmedia":[{"embeddable":true,"href":"https:\/\/onlinecasinoprofy.com\/pt\/wp-json\/wp\/v2\/media\/107"}],"wp:attachment":[{"href":"https:\/\/onlinecasinoprofy.com\/pt\/wp-json\/wp\/v2\/media?parent=104"}],"wp:term":[{"taxonomy":"category","embeddable":true,"href":"https:\/\/onlinecasinoprofy.com\/pt\/wp-json\/wp\/v2\/categories?post=104"},{"taxonomy":"post_tag","embeddable":true,"href":"https:\/\/onlinecasinoprofy.com\/pt\/wp-json\/wp\/v2\/tags?post=104"}],"curies":[{"name":"wp","href":"https:\/\/api.w.org\/{rel}","templated":true}]}}