{"id":382,"date":"2023-10-12T16:21:22","date_gmt":"2023-10-12T13:21:22","guid":{"rendered":"https:\/\/onlinecasinoprofy.com\/pt\/?page_id=382"},"modified":"2023-10-12T16:53:46","modified_gmt":"2023-10-12T13:53:46","slug":"888starz-casino","status":"publish","type":"page","link":"https:\/\/onlinecasinoprofy.com\/pt\/888starz-casino\/","title":{"rendered":"888STARZ Casino: Nossa experi\u00eancia e an\u00e1lise"},"content":{"rendered":"\n<p>Apresentando o mundo din\u00e2mico do 888STARZ Casino, uma plataforma cheia de oportunidades para entusiastas de jogos. Se voc\u00ea est\u00e1 procurando o melhor cassino, 888STARZ \u00e9 o lugar que voc\u00ea deve considerar. Nossa equipe se interessou particularmente por suas caracter\u00edsticas e ofertas, o que o destacou da multid\u00e3o.<\/p>\n\n\n\n<p>Principais atra\u00e7\u00f5es do Cassino:<\/p>\n\n\n\n<ul>\n<li>Variedade de jogos<\/li>\n\n\n\n<li>Atendimento ao Cliente<\/li>\n\n\n\n<li>Ambiente seguro<\/li>\n\n\n\n<li>Promo\u00e7\u00f5es gratificantes<\/li>\n<\/ul>\n\n\n\n<p>O casino parece ter em mente os melhores interesses do jogador em todos os aspectos.<\/p>\n\n\n\n<h2 class=\"wp-block-heading\" id=\"h-vantagens-e-desvantagens\"><strong>Vantagens e desvantagens<\/strong><\/h2>\n\n\n<section class=\"container plusesMinuses\">\n                    <div class=\"row\"><div class=\"col-md-6\">\n                        <div class=\"pluses plusesMinuses-item\"><ul class=\"simpleList plusesMinuses-simpleList--pluses\"><li><strong>Ampla sele\u00e7\u00e3o de jogos:<\/strong> Voc\u00ea nunca ficar\u00e1 entediado.<\/li><li><strong>Prazos de pagamento curtos:<\/strong> obtenha seus ganhos rapidamente.<\/li><li><strong>Suporte para criptomoeda:<\/strong> fique \u00e0 frente da concorr\u00eancia com moedas digitais.<\/li><li><strong>Compatibilidade com dispositivos m\u00f3veis:<\/strong> Jogue em qualquer lugar, a qualquer hora.<\/li><\/ul>\n                <\/div>\n            <\/div><div class=\"col-md-6\">\n                        <div class=\"minuses plusesMinuses-item\"><ul class=\"simpleList plusesMinuses-simpleList--minuses\"><li><strong>Esmagador para iniciantes:<\/strong>  ogromny wyb\u00f3r gier mo\u017ce by\u0107 zniech\u0119caj\u0105cy.<\/li><li><strong>Suporte ao cliente dependente do fuso hor\u00e1rio:<\/strong> pode n\u00e3o estar dispon\u00edvel 24 horas por dia, 7 dias por semana para alguns jogadores.<\/li><li><strong>M\u00e9todos de pagamento tradicionais limitados:<\/strong> pode n\u00e3o agradar a todos.<\/li><li><strong>Precisa de uma conex\u00e3o est\u00e1vel com a Internet:<\/strong> com todos esses gr\u00e1ficos, isso \u00e9 crucial.<\/li><\/ul>\n                <\/div>\n            <\/div><\/div>\n            <\/section>\n\n\n\n<h2 data-anchor=\"Cadastro-\ud83d\udc8e\" id=\"Cadastro-\ud83d\udc8e\">Registro 888STARZ: Passo a passo<\/h2>\n\n\n\n<p>Em nossa experi\u00eancia, registrar-se no 888STARZ \u00e9 simples. O design de f\u00e1cil utiliza\u00e7\u00e3o da plataforma, que tamb\u00e9m fica evidente no processo de registo, \u00e9 verdadeiramente uma das raz\u00f5es pelas quais este casino se destaca. Durante o teste, notamos que leva cerca de 2 a 3 minutos para ser conclu\u00eddo.<\/p>\n\n\n\n<p>Nossas instru\u00e7\u00f5es, que o ajudar\u00e3o a navegar facilmente pelo processo de registro, consistem em alguns passos simples.<\/p>\n\n\n<section class=\"container things\">\n                    \n                    <div class=\"row\">\n                        <div class=\"col-md-4 text-center\">\n                            <img loading=\"lazy\" decoding=\"async\" src=\"https:\/\/onlinecasinoprofy.com\/pt\/wp-content\/themes\/casinoprofy\/static\/images\/things-maskot.svg\" class=\"things-img\" alt=\"things maskot image\" width=\"238\" height=\"556\">\n                        <\/div>\n                        <div class=\"col-md-8\">\n                            <ul class=\"things-list d-flex flex-column\"><li class=\"things-item\">\n                            <div class=\"d-flex flex-column justify-content-center things-item-content\"><h3 class=\"things-item-title\">Visite o site:<\/h3><p class=\"text\">Abra seu navegador preferido e acesse 888STARZ.bet.<\/p>\n                            <\/div>\n                        <\/li><li class=\"things-item\">\n                            <div class=\"d-flex flex-column justify-content-center things-item-content\"><h3 class=\"things-item-title\">Encontre o bot\u00e3o \"Registrar\":<\/h3><p class=\"text\">Ele est\u00e1 localizado no canto superior direito da p\u00e1gina inicial do site. Um clique leva voc\u00ea ao formul\u00e1rio de registro.<\/p>\n                            <\/div>\n                        <\/li><li class=\"things-item\">\n                            <div class=\"d-flex flex-column justify-content-center things-item-content\"><h3 class=\"things-item-title\">Preencher o formul\u00e1rio:<\/h3><p class=\"text\">Forne\u00e7a os dados necess\u00e1rios. Como nossos testes mostraram, esse processo geralmente leva de 2 a 3 minutos.<\/p>\n                            <\/div>\n                        <\/li><li class=\"things-item\">\n                            <div class=\"d-flex flex-column justify-content-center things-item-content\"><h3 class=\"things-item-title\">Confirma\u00e7\u00e3o de e-mail:<\/h3><p class=\"text\">Ap\u00f3s o envio do formul\u00e1rio, um e-mail de confirma\u00e7\u00e3o ser\u00e1 enviado para o seu endere\u00e7o de e-mail cadastrado.<\/p>\n                            <\/div>\n                        <\/li>   <\/ul>\n                    <\/div>\n                <\/div>\n            <\/section>\n\n\n\n<p>Descobrimos que, no geral, o registro foi perfeito e estabeleceu uma base s\u00f3lida para uma \u00f3tima jornada de jogo.<\/p>\n\n\n\n<h2 data-anchor=\"Pr\u00eamios\ud83e\udd47\" id=\"Pr\u00eamios\ud83e\udd47\">Mergulhe no mundo das recompensas com b\u00f4nus e promo\u00e7\u00f5es 888STARZ<\/h2>\n\n\n\n<p>No 888STARZ, a experi\u00eancia de jogo vai al\u00e9m de uma gama diversificada de jogos e de uma interface fant\u00e1stica; b\u00f4nus e promo\u00e7\u00f5es s\u00e3o igualmente emocionantes aqui. Eles oferecem uma variedade de solu\u00e7\u00f5es para jogadores novos e experientes, tornando sua jornada no jogo ainda mais emocionante.<\/p>\n\n\n\n<ul>\n<li><strong>B\u00f4nus de boas-vindas<\/strong><\/li>\n<\/ul>\n\n\n\n<p>O b\u00f4nus de boas-vindas \u00e9 um recurso atraente para iniciantes. Isso lhe d\u00e1 um impulso para iniciar sua aventura de jogo. No primeiro dep\u00f3sito, os jogadores s\u00e3o eleg\u00edveis para um b\u00f4nus de +100%. Para aproveitar, basta se cadastrar, ir at\u00e9 a aba \u201cPromo\u00e7\u00f5es\u201d e seguir as instru\u00e7\u00f5es do \u201cB\u00f4nus de Boas-Vindas\u201d. O pacote de boas-vindas pode ir at\u00e9 US$ 1.650 + 150 rodadas gr\u00e1tis.<\/p>\n\n\n\n<ul>\n<li><strong>Rodadas gr\u00e1tis<\/strong><\/li>\n<\/ul>\n\n\n\n<p>Como b\u00f4nus de boas-vindas, os novos inscritos recebem at\u00e9 150 rodadas gr\u00e1tis. As rodadas gr\u00e1tis podem ser usadas em slots selecionados, aumentando suas chances de ganhar sem gastar nenhum dos fundos depositados.<\/p>\n\n\n\n<p>Mas a divers\u00e3o n\u00e3o termina a\u00ed! O cassino organiza muitas outras promo\u00e7\u00f5es:<\/p>\n\n\n\n<ul>\n<li><strong>B\u00f4nus de recarga:<\/strong> Para jogadores regulares, o cassino oferece b\u00f4nus de recarga. Essas recompensas dependem do valor e da frequ\u00eancia dos seus dep\u00f3sitos.<\/li>\n\n\n\n<li><strong>Torneios:<\/strong> Uma adi\u00e7\u00e3o interessante \u00e0s promo\u00e7\u00f5es s\u00e3o os torneios. Os jogadores podem competir entre si por pr\u00eamios significativos. Mais detalhes podem ser encontrados na aba \u201cTorneios\u201d do site.<\/li>\n\n\n\n<li><strong>B\u00f4nus individuais:<\/strong> Dependendo do seu hist\u00f3rico de jogos e dep\u00f3sitos, voc\u00ea poder\u00e1 receber b\u00f4nus 888STARZ &#8211; um b\u00f4nus individual adaptado especificamente \u00e0s suas prefer\u00eancias.<\/li>\n<\/ul>\n\n\n\n<p>Os nossos testes mostraram que estas promo\u00e7\u00f5es n\u00e3o s\u00f3 acrescentam uma dose extra de emo\u00e7\u00e3o aos jogos, mas tamb\u00e9m proporcionam aos jogadores oportunidades fant\u00e1sticas de maximizar os seus ganhos. Lembre-se sempre de verificar a guia &#8220;Promo\u00e7\u00f5es&#8221; para obter as ofertas mais recentes e os termos e condi\u00e7\u00f5es detalhados a elas associados. Tenha um bom jogo!<\/p>\n\n\n\n<h2 data-anchor=\"Licen\u00e7as-e-certificados-\u2705\" id=\"Licen\u00e7as-e-certificados-\u2705\">Ponto de refer\u00eancia de seguran\u00e7a \u2013 licen\u00e7as e certificados<\/h2>\n\n\n\n<p>Com base na nossa experi\u00eancia com o 888STARZ, descobrimos que ele \u00e9 licenciado e certificado por diversas institui\u00e7\u00f5es conceituadas, garantindo o mais alto n\u00edvel de seguran\u00e7a e fair play. Vamos dar uma olhada nessas acredita\u00e7\u00f5es:<\/p>\n\n\n\n<ul>\n<li><strong>Licen\u00e7as regulat\u00f3rias: <\/strong>Nossa investiga\u00e7\u00e3o mostra que o 888STARZ \u00e9 licenciado por autoridades reguladoras de jogos reconhecidas. Empresa registrada sob as leis de Cura\u00e7ao. Estas licen\u00e7as garantem que todas as opera\u00e7\u00f5es de jogo sejam conduzidas de forma aberta e cumpram o quadro legal estabelecido.<\/li>\n<\/ul>\n\n\n\n<ul>\n<li><strong>Certifica\u00e7\u00e3o de Gerador de N\u00fameros Aleat\u00f3rios (RNG): <\/strong>Quando testamos os jogos de cassino, descobrimos que eles eram certificados por RNG. Esta certifica\u00e7\u00e3o \u00e9 uma prova da imparcialidade dos seus jogos, garantindo que cada resultado seja completamente aleat\u00f3rio e imparcial.<\/li>\n<\/ul>\n\n\n\n<ul>\n<li><strong>Padr\u00f5es de criptografia de dados: <\/strong>Atrav\u00e9s do uso do cassino, determinamos que ele usa criptografia Secure Socket Layer (SSL). Esta tecnologia de ponta protege seus dados pessoais e financeiros contra poss\u00edveis viola\u00e7\u00f5es.<\/li>\n<\/ul>\n\n\n\n<ul>\n<li><strong>Jogo Respons\u00e1vel: <\/strong>Com base em nossas observa\u00e7\u00f5es, 888STARZ se envolve em jogos respons\u00e1veis. Eles s\u00e3o afiliados \u00e0s principais organiza\u00e7\u00f5es de ajuda, como GamCare e Gamblers Anonymous, oferecendo suporte aos jogadores quando necess\u00e1rio.<\/li>\n<\/ul>\n\n\n\n<p>No geral, o casino oferece um ambiente de jogo seguro e justo, apoiado por uma vasta gama de licen\u00e7as e certificados de seguran\u00e7a. Isto confirma o compromisso da plataforma com a seguran\u00e7a do usu\u00e1rio e a experi\u00eancia de jogo.<\/p>\n\n\n\n<h2 data-anchor=\"Jogos-de-cassino-\ud83c\udfb0\" id=\"Jogos-de-cassino-\ud83c\udfb0\">Explore o mundo de diversos jogos no 888STARZ Casino.<\/h2>\n\n\n\n<p>Se voc\u00ea est\u00e1 procurando um lugar onde possa satisfazer todos os seus desejos de jogo, o 888STARZ Casino pode ser ideal para voc\u00ea. Depois de test\u00e1-lo na pr\u00e1tica, ficamos impressionados com a enorme variedade de tipos de jogos dispon\u00edveis neste casino. Aqui voc\u00ea encontrar\u00e1 de tudo, desde jogos de ca\u00e7a-n\u00edqueis viciantes, jogos de mesa emocionantes at\u00e9 jogos emocionantes com crupi\u00ea ao vivo.<\/p>\n\n\n\n<p>Mas n\u00e3o pare por a\u00ed. A cole\u00e7\u00e3o inclui:<\/p>\n\n\n\n<ul>\n<li><strong>Slots: <\/strong>A espinha dorsal de qualquer bom cassino, e o 888STARZ n\u00e3o \u00e9 exce\u00e7\u00e3o. Com uma gama deslumbrante de op\u00e7\u00f5es, voc\u00ea encontrar\u00e1 ca\u00e7a-n\u00edqueis cl\u00e1ssicos de 3 cilindros e os ca\u00e7a-n\u00edqueis de v\u00eddeo mais recentes. Voc\u00ea pode se apaixonar pelos favoritos do p\u00fablico, como \u201cBook of Dead\u201d, \u201cStarburst\u201d e \u201cThe Aviator\u201d.<\/li>\n<\/ul>\n\n\n\n<ul>\n<li><strong>Jogos de Mesa: <\/strong>Se estrat\u00e9gia \u00e9 o seu forte, jogos de mesa como blackjack, roleta, p\u00f4quer e bacar\u00e1 est\u00e3o \u00e0 sua disposi\u00e7\u00e3o. Esses jogos proporcionam uma pausa nos ca\u00e7a-n\u00edqueis e oferecem um tipo diferente de emo\u00e7\u00e3o.<\/li>\n<\/ul>\n\n\n\n<ul>\n<li><strong>Jogos com crupi\u00ea ao vivo: <\/strong>Quer levar a experi\u00eancia de Vegas para sua casa? Com jogos com dealer ao vivo, voc\u00ea pode interagir em tempo real com dealers profissionais e outros jogadores. Jogos populares incluem jogos como Blackjack ao Vivo, Bacar\u00e1 ao Vivo e Roleta ao Vivo.<\/li>\n<\/ul>\n\n\n\n<p>Portanto, descobrimos que alguns jogos se destacam em termos de popularidade. Estes incluem a slot machine interactiva &#8216;Gonzo&#8217;s Quest&#8217;, o &#8216;Blackjack Classic&#8217; repleto de estrat\u00e9gia e a viciante &#8216;Live Roulette&#8217;.<\/p>\n\n\n\n            <div class=\"casinoGames d-flex align-items-start\">\n                <div class=\"casinoGames-big grayBgBlock text-center\">8000 <p>Jogos<\/p><\/div>\n                <ul class=\"casinoGames-other d-flex flex-wrap\"><li class=\"d-flex align-items-center justify-content-between\"><span class=\"text\">Slots<\/span><span class=\"grayBgBlock\">7000<\/span><\/li><li class=\"d-flex align-items-center justify-content-between\"><span class=\"text\">Baccarat<\/span><span class=\"grayBgBlock\">123<\/span><\/li><li class=\"d-flex align-items-center justify-content-between\"><span class=\"text\">Roleta<\/span><span class=\"grayBgBlock\">75<\/span><\/li><li class=\"d-flex align-items-center justify-content-between\"><span class=\"text\">Blackjack<\/span><span class=\"grayBgBlock\">124<\/span><\/li><li class=\"d-flex align-items-center justify-content-between\"><span class=\"text\">P\u00f3quer<\/span><span class=\"grayBgBlock\">3<\/span><\/li><li class=\"d-flex align-items-center justify-content-between\"><span class=\"text\">Bingo<\/span><span class=\"grayBgBlock\">6<\/span><\/li><li class=\"d-flex align-items-center justify-content-between\"><span class=\"text\">Jogos ao vivo<\/span><span class=\"grayBgBlock\">380<\/span><\/li><\/ul>\n            <\/div>\n        \n\n\n\n<p>Um dos recursos que adoramos no 888STARZ Casino \u00e9 a lista de jogos em constante expans\u00e3o. Novas adi\u00e7\u00f5es mant\u00eam o jogo atualizado e emocionante para os jogadores, ent\u00e3o sempre h\u00e1 algo novo para experimentar. Quando se trata de variedade e qualidade de jogos, o casino n\u00e3o s\u00f3 fala, mas tamb\u00e9m lidera!<\/p>\n\n\n\n<h3>Wci\u0105gaj\u0105ce wra\u017cenia z gry na \u017cywo w 888STARZ<\/h3>\n\n\n\n<p>Para jogadores que procuram uma experi\u00eancia aut\u00eantica de casino sem ter que sair de casa, o casino oferece uma vasta sele\u00e7\u00e3o de jogos ao vivo. \u00c0 medida que jog\u00e1vamos, notamos que as tr\u00eas categorias principais que podem ser jogadas com um crupi\u00ea ao vivo s\u00e3o p\u00f4quer, bacar\u00e1 e roleta.<\/p>\n\n\n\n<p>P\u00f4quer ao vivo: aqui voc\u00ea encontrar\u00e1 uma variedade de jogos de p\u00f4quer, incluindo o sempre popular Texas Hold&#8217;em. Jogar p\u00f4quer com um dealer ao vivo aumenta a emo\u00e7\u00e3o do jogo porque \u00e9 como jogar em um cassino real.<\/p>\n\n\n\n<p>Roleta ao Vivo: Entre no mundo virtual da roleta ao vivo com 888STARZ e experimente a emo\u00e7\u00e3o de um cassino real direto da sua casa. Veja um dealer profissional girar a roda em tempo real e fazer apostas em uma atmosfera real de cassino.<\/p>\n\n\n\n<p>Entre esses jogos populares est\u00e3o o &#8220;Live Texas Hold&#8217;em&#8221; e o &#8220;Live Venice Roulette&#8221;, proporcionando uma experi\u00eancia de cassino em tempo real que encanta os jogadores.<\/p>\n\n\n\n<h2 data-anchor=\"Fornecedores-de-software-\ud83d\udcbb\" id=\"Fornecedores-de-software-\ud83d\udcbb\">Fornecedores proeminentes de software de cassino na 888STARZ<\/h2>\n\n\n\n<p>Quando se trata de qualidade, o cassino s\u00f3 trabalha com os principais fornecedores de jogos para garantir uma jogabilidade tranquila e de alta qualidade para seus usu\u00e1rios. A nossa pesquisa mostra que os fornecedores de jogos deste casino online s\u00e3o alguns dos melhores do setor.<\/p>\n\n\n\n<p>Alguns desses fornecedores s\u00e3o:<\/p>\n\n\n\n<ul>\n<li><strong>Pragmatic Play: <\/strong>Conhecido por seus gr\u00e1ficos de alta qualidade e jogabilidade viciante, o PragmaticPlay \u00e9 um favorito entre os jogadores e oferece uma variedade de jogos de ca\u00e7a-n\u00edqueis populares.<\/li>\n\n\n\n<li><strong>Evolution Gaming: <\/strong>Quando se trata de jogos de cassino ao vivo, a Evolution Gaming assume o controle. Eles s\u00e3o especializados em criar experi\u00eancias realistas com crupi\u00eas ao vivo.<\/li>\n\n\n\n<li><strong>Endorphina: <\/strong>Conhecida por sua extensa biblioteca de jogos de slots, a Endorphina \u00e9 pioneira no setor e oferece um grande n\u00famero de jogos.<\/li>\n\n\n\n<li><strong>EVOPLAY:<\/strong> Evoplay, especialista em jogos m\u00f3veis, oferece aos jogadores a oportunidade de desfrutar de seus jogos favoritos em qualquer lugar.<\/li>\n<\/ul>\n\n\n\n<p>Todos esses fornecedores trazem seu estilo \u00fanico aos jogos que criam, contribuindo para uma biblioteca diversificada e divertida de jogos. O compromisso do casino com a coopera\u00e7\u00e3o com os melhores fornecedores de jogos garante uma jogabilidade de alta qualidade, agrad\u00e1vel e segura para todos os seus jogadores.<\/p>\n\n\n\n<h2 data-anchor=\"M\u00e9todos-de-Pagamento\ud83d\udcb2\" id=\"M\u00e9todos-de-Pagamento\ud83d\udcb2\">Transa\u00e7\u00f5es seguras e sem complica\u00e7\u00f5es no 888STARZ<\/h2>\n\n\n\n<p>O 888 STARZ Casino se destaca da multid\u00e3o por sua ampla variedade de m\u00e9todos de pagamento seguros e flex\u00edveis. Em nossa experi\u00eancia, os m\u00e9todos banc\u00e1rios mais populares podem ser vistos na tabela abaixo:<\/p>\n\n\n\n<figure class=\"wp-block-table is-style-stripes\"><table><thead><tr><th><strong>Forma de pagamento<\/strong><\/th><th><strong>Limite de dep\u00f3sito<\/strong><\/th><th><strong>Limite de retirada<\/strong><\/th><th><strong>Prazo de pagamento<\/strong><\/th><\/tr><\/thead><tbody><tr><td>MasterCard<\/td><td>Min. 50,00 RUB, 1,00 USD, 1,00 EUR<\/td><td><\/td><td><\/td><\/tr><tr><td>Visa<\/td><td>2-800,00 EUR<\/td><td><\/td><td><\/td><\/tr><tr><td>Bitcoin<\/td><td><\/td><td>Min. 2,00 USD<\/td><td>15 min<\/td><\/tr><tr><td>Skrill<\/td><td>Min. 2,00 EUR<\/td><td>Min. 10,00 EUR<\/td><td>15 min<\/td><\/tr><tr><td>Neteller<\/td><td>Min. 10,00 EUR<\/td><td>Min. 10,00 EUR<\/td><td>15 min<\/td><\/tr><tr><td>Bitcoin<\/td><td>Min. 50,00 RUB, 1,00 USD, 1,00 EUR, 4,50 TRY<\/td><td>Min. 1000,00 \u00b5BT<\/td><td>15 min<\/td><\/tr><\/tbody><\/table><\/figure>\n\n\n\n<p>Descobrimos que esses m\u00e9todos garantem transa\u00e7\u00f5es r\u00e1pidas e tranquilas. Os dep\u00f3sitos s\u00e3o feitos instantaneamente usando todos os m\u00e9todos, o que significa que voc\u00ea pode entrar em a\u00e7\u00e3o imediatamente. Quando se trata de saques, carteiras eletr\u00f4nicas como Skrill e Neteller oferecem os saques mais r\u00e1pidos, geralmente em 15 minutos. Pagamentos com cart\u00e3o e transfer\u00eancias banc\u00e1rias podem levar at\u00e9 3 dias \u00fateis, enquanto as transa\u00e7\u00f5es com Bitcoin normalmente levam 15 minutos.<\/p>\n\n\n\n<p>Observe que os tempos de retirada tamb\u00e9m dependem do status de verifica\u00e7\u00e3o da sua conta 888STARZ, por isso \u00e9 uma boa ideia concluir esse processo o quanto antes. Voc\u00ea pode ter certeza de que todas as transa\u00e7\u00f5es s\u00e3o protegidas pela mais recente tecnologia de criptografia para manter seus fundos seguros.<\/p>\n\n\n\n<h2 data-anchor=\"Atendimento-ao-Cliente-\ud83d\udcde\" id=\"Atendimento-ao-Cliente-\ud83d\udcde\">Atendimento ao cliente premium em 888STARZ<\/h2>\n\n\n\n<p>Na 888STARZ descobrimos que a qualidade do atendimento ao cliente \u00e9 simplesmente excelente. O casino orgulha-se de colocar as necessidades dos seus jogadores em primeiro plano, oferecendo ajuda e solu\u00e7\u00f5es em todos os momentos. A equipe de suporte est\u00e1 empenhada em garantir uma experi\u00eancia de jogo tranquila e em resolver quaisquer preocupa\u00e7\u00f5es.<\/p>\n\n\n\n<p>Os m\u00e9todos de consulta incluem:<\/p>\n\n\n\n<ul>\n<li>Chat ao vivo: dispon\u00edvel diretamente em seu site 24 horas por dia, 7 dias por semana.<\/li>\n\n\n\n<li>Telefone: Contate-os em+44 (208) 157-60-12 durante o hor\u00e1rio de trabalho (07:00 &#8211; 16:00 UTC 0)<\/li>\n\n\n\n<li>Suporte t\u00e9cnico: support@888starz.bet<\/li>\n\n\n\n<li>Reclama\u00e7\u00f5es e sugest\u00f5es: complaints@888starz.bet<\/li>\n\n\n\n<li>Consultas de pagamento: processing@888starz.bet<\/li>\n<\/ul>\n\n\n\n<p>A equipe de atendimento ao cliente est\u00e1 bem equipada para responder a uma ampla gama de perguntas. Esteja voc\u00ea interessado nas regras do jogo, d\u00favidas sobre pagamentos, problemas de conta ou termos de b\u00f4nus, voc\u00ea encontrar\u00e1 ajuda aqui. A equipe de suporte responde de forma r\u00e1pida, profissional e com um claro compromisso com a satisfa\u00e7\u00e3o do jogador.<\/p>\n\n\n\n<p>Este alto n\u00edvel de atendimento ao cliente garante que o seu tempo no cassino n\u00e3o ser\u00e1 apenas divertido e emocionante, mas tamb\u00e9m seguro e livre de estresse.<\/p>\n","protected":false},"excerpt":{"rendered":"","protected":false},"author":2,"featured_media":381,"parent":0,"menu_order":0,"comment_status":"closed","ping_status":"closed","template":"casinos.php","meta":{"footnotes":""},"categories":[],"tags":[],"acf":[],"yoast_head":"<!-- This site is optimized with the Yoast SEO Premium plugin v20.8 (Yoast SEO v21.6) - https:\/\/yoast.com\/wordpress\/plugins\/seo\/ -->\n<title>Cassinos 888STARZ \u2013 sua an\u00e1lise abrangente: pr\u00f3s, contras e muito mais<\/title>\n<meta name=\"description\" content=\"Uma an\u00e1lise aprofundada do 888STARZ | processo de registro, vantagens e desvantagens e nossa experi\u00eancia. Tome a decis\u00e3o de jogar com confian\u00e7a.\" \/>\n<meta name=\"robots\" content=\"index, follow, max-snippet:-1, max-image-preview:large, max-video-preview:-1\" \/>\n<link rel=\"canonical\" href=\"https:\/\/onlinecasinoprofy.com\/pt\/wp-json\/wp\/v2\/pages\/382\/\" \/>\n<meta property=\"og:locale\" content=\"pt_PT\" \/>\n<meta property=\"og:type\" content=\"article\" \/>\n<meta property=\"og:title\" content=\"888STARZ Casino: Nossa experi\u00eancia e an\u00e1lise\" \/>\n<meta property=\"og:description\" content=\"Uma an\u00e1lise aprofundada do 888STARZ | processo de registro, vantagens e desvantagens e nossa experi\u00eancia. Tome a decis\u00e3o de jogar com confian\u00e7a.\" \/>\n<meta property=\"og:url\" content=\"https:\/\/onlinecasinoprofy.com\/pt\/888starz-casino\/\" \/>\n<meta property=\"og:site_name\" content=\"CasinoProfy PT\" \/>\n<meta property=\"article:modified_time\" content=\"2023-10-12T13:53:46+00:00\" \/>\n<meta property=\"og:image\" content=\"https:\/\/onlinecasinoprofy.com\/pt\/wp-content\/uploads\/sites\/13\/2023\/10\/888starz-casino-logo-e1615296985316.jpg\" \/>\n\t<meta property=\"og:image:width\" content=\"500\" \/>\n\t<meta property=\"og:image:height\" content=\"500\" \/>\n\t<meta property=\"og:image:type\" content=\"image\/jpeg\" \/>\n<meta name=\"twitter:card\" content=\"summary_large_image\" \/>\n<meta name=\"twitter:label1\" content=\"Tempo estimado de leitura\" \/>\n\t<meta name=\"twitter:data1\" content=\"8 minutos\" \/>\n<!-- \/ Yoast SEO Premium plugin. -->","yoast_head_json":{"title":"Cassinos 888STARZ \u2013 sua an\u00e1lise abrangente: pr\u00f3s, contras e muito mais","description":"Uma an\u00e1lise aprofundada do 888STARZ | processo de registro, vantagens e desvantagens e nossa experi\u00eancia. Tome a decis\u00e3o de jogar com confian\u00e7a.","robots":{"index":"index","follow":"follow","max-snippet":"max-snippet:-1","max-image-preview":"max-image-preview:large","max-video-preview":"max-video-preview:-1"},"canonical":"https:\/\/onlinecasinoprofy.com\/pt\/wp-json\/wp\/v2\/pages\/382\/","og_locale":"pt_PT","og_type":"article","og_title":"888STARZ Casino: Nossa experi\u00eancia e an\u00e1lise","og_description":"Uma an\u00e1lise aprofundada do 888STARZ | processo de registro, vantagens e desvantagens e nossa experi\u00eancia. Tome a decis\u00e3o de jogar com confian\u00e7a.","og_url":"https:\/\/onlinecasinoprofy.com\/pt\/888starz-casino\/","og_site_name":"CasinoProfy PT","article_modified_time":"2023-10-12T13:53:46+00:00","og_image":[{"width":500,"height":500,"url":"https:\/\/onlinecasinoprofy.com\/pt\/wp-content\/uploads\/sites\/13\/2023\/10\/888starz-casino-logo-e1615296985316.jpg","type":"image\/jpeg"}],"twitter_card":"summary_large_image","twitter_misc":{"Tempo estimado de leitura":"8 minutos"},"schema":{"@context":"https:\/\/schema.org","@graph":[{"@type":"WebPage","@id":"https:\/\/onlinecasinoprofy.com\/pt\/888starz-casino\/","url":"https:\/\/onlinecasinoprofy.com\/pt\/888starz-casino\/","name":"Cassinos 888STARZ \u2013 sua an\u00e1lise abrangente: pr\u00f3s, contras e muito mais","isPartOf":{"@id":"https:\/\/onlinecasinoprofy.com\/pt\/#website"},"datePublished":"2023-10-12T13:21:22+00:00","dateModified":"2023-10-12T13:53:46+00:00","description":"Uma an\u00e1lise aprofundada do 888STARZ | processo de registro, vantagens e desvantagens e nossa experi\u00eancia. Tome a decis\u00e3o de jogar com confian\u00e7a.","breadcrumb":{"@id":"https:\/\/onlinecasinoprofy.com\/pt\/888starz-casino\/#breadcrumb"},"inLanguage":"pt-PT","potentialAction":[{"@type":"ReadAction","target":["https:\/\/onlinecasinoprofy.com\/pt\/888starz-casino\/"]}]},{"@type":"BreadcrumbList","@id":"https:\/\/onlinecasinoprofy.com\/pt\/888starz-casino\/#breadcrumb","itemListElement":[{"@type":"ListItem","position":1,"name":"Home","item":"https:\/\/onlinecasinoprofy.com\/pt\/"},{"@type":"ListItem","position":2,"name":"888STARZ Casino: Nossa experi\u00eancia e an\u00e1lise"}]},{"@type":"WebSite","@id":"https:\/\/onlinecasinoprofy.com\/pt\/#website","url":"https:\/\/onlinecasinoprofy.com\/pt\/","name":"CasinoProfy PT","description":"OnlineCasinoProfy - Uma experi\u00eancia de jogo \u00fanica","inLanguage":"pt-PT"}]}},"_links":{"self":[{"href":"https:\/\/onlinecasinoprofy.com\/pt\/wp-json\/wp\/v2\/pages\/382"}],"collection":[{"href":"https:\/\/onlinecasinoprofy.com\/pt\/wp-json\/wp\/v2\/pages"}],"about":[{"href":"https:\/\/onlinecasinoprofy.com\/pt\/wp-json\/wp\/v2\/types\/page"}],"author":[{"embeddable":true,"href":"https:\/\/onlinecasinoprofy.com\/pt\/wp-json\/wp\/v2\/users\/2"}],"replies":[{"embeddable":true,"href":"https:\/\/onlinecasinoprofy.com\/pt\/wp-json\/wp\/v2\/comments?post=382"}],"version-history":[{"count":0,"href":"https:\/\/onlinecasinoprofy.com\/pt\/wp-json\/wp\/v2\/pages\/382\/revisions"}],"wp:featuredmedia":[{"embeddable":true,"href":"https:\/\/onlinecasinoprofy.com\/pt\/wp-json\/wp\/v2\/media\/381"}],"wp:attachment":[{"href":"https:\/\/onlinecasinoprofy.com\/pt\/wp-json\/wp\/v2\/media?parent=382"}],"wp:term":[{"taxonomy":"category","embeddable":true,"href":"https:\/\/onlinecasinoprofy.com\/pt\/wp-json\/wp\/v2\/categories?post=382"},{"taxonomy":"post_tag","embeddable":true,"href":"https:\/\/onlinecasinoprofy.com\/pt\/wp-json\/wp\/v2\/tags?post=382"}],"curies":[{"name":"wp","href":"https:\/\/api.w.org\/{rel}","templated":true}]}}