{"id":383,"date":"2023-10-12T16:21:27","date_gmt":"2023-10-12T13:21:27","guid":{"rendered":"https:\/\/onlinecasinoprofy.com\/pt\/888starz-casino\/aplicativo\/"},"modified":"2023-10-12T16:53:46","modified_gmt":"2023-10-12T13:53:46","slug":"aplicativo","status":"publish","type":"page","link":"https:\/\/onlinecasinoprofy.com\/pt\/888starz-casino\/aplicativo\/","title":{"rendered":"Aplicativo para 888STARZ"},"content":{"rendered":"<p><span style=\"font-weight: 400;\">O aplicativo eleva a fasquia quando se trata de jogos de cassino em movimento. Com base em nossa experi\u00eancia, o aplicativo oferece uma plataforma emocionante e segura para seus jogos de cassino favoritos. O aplicativo possui usabilidade superior. Esteja voc\u00ea fazendo um dep\u00f3sito, selecionando seu jogo favorito ou sacando seus ganhos, cada etapa \u00e9 simples e direta. O aplicativo funciona perfeitamente, proporcionando uma experi\u00eancia de jogo envolvente e descomplicada. E sim, funciona perfeitamente no seu telefone, ajustando-se perfeitamente ao tamanho da tela sem perder nenhuma funcionalidade ou charme.<\/span><\/p>\n<p><span style=\"font-weight: 400;\">Voc\u00ea pode depositar e sacar dinheiro com facilidade, participar de torneios, utilizar todos os b\u00f4nus e at\u00e9 receber conselhos de profissionais.<\/span><\/p>\n<h2><span style=\"font-weight: 400;\">Como jogo jogos do 888STARZ no aplicativo?<\/span><\/h2>\n<p><span style=\"font-weight: 400;\">O aplicativo 888starz \u00e9 um tesouro de jogos de cassino prontos para voc\u00ea descobrir. Para iniciar o jogo, siga estes passos:<\/span><\/p>\n<ul>\n<li style=\"font-weight: 400;\" aria-level=\"1\"><span style=\"font-weight: 400;\">Para baixar o aplicativo, visite o site oficial do 888starz.bet e clique no \u00edcone <strong>&#8220;Mobile App&#8221;<\/strong>\u00a0em o canto superior esquerdo. Isso ir\u00e1 redirecion\u00e1-lo para a p\u00e1gina de download do aplicativo. Depois que o aplicativo estiver instalado no seu dispositivo, voc\u00ea poder\u00e1 concluir o processo de registro e fazer login para come\u00e7ar a jogar.<\/span><\/li>\n<li style=\"font-weight: 400;\" aria-level=\"1\"><span style=\"font-weight: 400;\"><strong>Inicie o aplicativo.<\/strong> Encontre o \u00edcone do aplicativo 888STARZ em seu dispositivo e toque nele para abri-lo. Nossos testes mostram que o aplicativo carrega rapidamente, ent\u00e3o voc\u00ea estar\u00e1 na tela inicial rapidamente.<\/span><\/li>\n<li style=\"font-weight: 400;\" aria-level=\"1\"><span style=\"font-weight: 400;\"><strong>Fa\u00e7a login em sua conta.<\/strong> Se voc\u00ea j\u00e1 se registrou, basta digitar seu nome de usu\u00e1rio e senha para fazer login. em. Se voc\u00ea \u00e9 novo no Cassino, primeiro voc\u00ea deve criar uma conta. O processo \u00e9 r\u00e1pido e simples e depois de conclu\u00eddo; voc\u00ea pode fazer login e come\u00e7ar a jogar.<\/span><\/li>\n<li style=\"font-weight: 400;\" aria-level=\"1\"><span style=\"font-weight: 400;\"><strong>V\u00e1 para a se\u00e7\u00e3o com todos os jogos.<\/strong> Ap\u00f3s fazer login, voc\u00ea estar\u00e1 na tela principal. Aqui voc\u00ea ver\u00e1 diferentes se\u00e7\u00f5es como &#8220;Casino ao Vivo&#8221;, &#8220;Esports&#8221;, &#8220;Esportes&#8221;, &#8220;Bingo&#8221;, &#8220;Esportes Virtuais&#8221;, etc. Clique na se\u00e7\u00e3o que deseja ver para ver a lista completa de jogos dispon\u00edveis.<br \/>\n<\/span><\/li>\n<li style=\"font-weight: 400;\" aria-level=\"1\"><span style=\"font-weight: 400;\"><strong>Escolha seu jogo favorito e comece a jogar.<\/strong> Percorra a lista de jogos at\u00e9 encontrar um que chame sua aten\u00e7\u00e3o. Toque no \u00edcone do jogo para abri-lo. Se esta \u00e9 a primeira vez que voc\u00ea joga este jogo espec\u00edfico, reserve um momento para se familiarizar com as regras e a mec\u00e2nica do jogo &#8211; a maioria dos jogos tem uma se\u00e7\u00e3o \u201cAjuda\u201d ou \u201cSobre\u201d que fornece essas informa\u00e7\u00f5es. Quando estiver pronto, fa\u00e7a sua aposta e comece a jogar.<\/span><\/li>\n<\/ul>\n<p><span style=\"font-weight: 400;\">E sim, n\u00f3s testamos! Nossas descobertas indicam que a variedade de jogos e a jogabilidade fluida tornam o aplicativo 888starz um item obrigat\u00f3rio para todos os entusiastas de cassino.<\/span><\/p>\n<h2><span style=\"font-weight: 400;\">Como baixar e instalar o aplicativo Android<\/span><\/h2>\n<p><span style=\"font-weight: 400;\">Baixar o aplicativo 888starz em seu dispositivo Android \u00e9 muito f\u00e1cil. Aqui est\u00e3o as instru\u00e7\u00f5es passo a passo:<\/span><\/p>\n<ul>\n<li style=\"font-weight: 400;\" aria-level=\"1\"><span style=\"font-weight: 400;\"><strong>Visite o site:<\/strong> Abra um navegador da web em seu dispositivo e visite o site oficial do 888starz. Procure o \u00edcone \u201cMobile App\u201d no canto superior esquerdo da p\u00e1gina inicial e clique nele. Isso o redirecionar\u00e1 para a p\u00e1gina de download do aplicativo.<\/span><\/li>\n<li style=\"font-weight: 400;\" aria-level=\"1\"><span style=\"font-weight: 400;\"><strong>Download do APK:<\/strong> Na p\u00e1gina de download do aplicativo, voc\u00ea encontrar\u00e1 o link para baixar o APK 888starz para Android. Clique no link de download para iniciar o processo de download. Certifique-se de ter uma conex\u00e3o est\u00e1vel com a Internet para que o download do arquivo APK seja feito sem interrup\u00e7\u00f5es.<\/span><\/li>\n<li style=\"font-weight: 400;\" aria-level=\"1\"><span style=\"font-weight: 400;\"><strong>Alterar suas configura\u00e7\u00f5es:<\/strong> Talvez seja necess\u00e1rio permitir instala\u00e7\u00f5es de fontes desconhecidas antes de instalar o aplicativo. Para fazer isso, acesse o menu &#8220;Configura\u00e7\u00f5es&#8221; do seu dispositivo, selecione &#8220;Seguran\u00e7a&#8221; e ative &#8220;Fontes desconhecidas&#8221;.<\/span><\/li>\n<li style=\"font-weight: 400;\" aria-level=\"1\"><span style=\"font-weight: 400;\"><strong>Instale o aplicativo:<\/strong> Encontre o arquivo APK baixado na pasta &#8220;Downloads&#8221; do seu dispositivo e toque nele para iniciar a instala\u00e7\u00e3o do processo. Siga as instru\u00e7\u00f5es na tela para instalar o aplicativo.<\/span><\/li>\n<li style=\"font-weight: 400;\" aria-level=\"1\"><span style=\"font-weight: 400;\"><strong>Abra o aplicativo:<\/strong> Assim que a instala\u00e7\u00e3o for conclu\u00edda, voc\u00ea pode abrir o aplicativo e fazer login ou registrar-se se desejar ainda n\u00e3o o fiz.<\/span><\/li>\n<\/ul>\n<h2><span style=\"font-weight: 400;\">Como baixar e instalar o aplicativo iOS<\/span><\/h2>\n<p><span style=\"font-weight: 400;\">Para usu\u00e1rios iOS, baixar o aplicativo 888starz \u00e9 igualmente f\u00e1cil. Veja como voc\u00ea pode fazer isso:<\/span><\/p>\n<ul>\n<li><span style=\"font-weight: 400;\"><strong>Visite o site:<\/strong> No seu dispositivo iOS, abra um navegador da web e acesse o site oficial do 888starz. Encontre e clique no \u00edcone &#8220;Mobile App&#8221; localizado no canto superior esquerdo. Voc\u00ea ser\u00e1 redirecionado para a p\u00e1gina de download do aplicativo.<\/span><\/li>\n<li><span style=\"font-weight: 400;\"><strong>Encontre o link de download do iOS:<\/strong> Na p\u00e1gina de download do aplicativo, voc\u00ea encontrar\u00e1 o link de download do aplicativo 888starz iOS. Clique no link para iniciar o processo de download.<\/span><\/li>\n<li style=\"font-weight: 400;\" aria-level=\"1\"><span style=\"font-weight: 400;\"><strong>Instalar aplicativo:<\/strong> Seu dispositivo solicitar\u00e1 automaticamente que voc\u00ea instale o aplicativo assim que o download for conclu\u00eddo. Clique em &#8220;Instalar&#8221; e aguarde a conclus\u00e3o da instala\u00e7\u00e3o.<\/span><\/li>\n<li style=\"font-weight: 400;\" aria-level=\"1\"><span style=\"font-weight: 400;\"><strong>Abra o aplicativo:<\/strong> Ap\u00f3s instalar o aplicativo, encontre o \u00edcone 888starz na tela inicial do seu dispositivo. Toque no \u00edcone para abrir o aplicativo, fa\u00e7a login e comece a aproveitar a ampla variedade de jogos e recursos oferecidos.<\/span><\/li>\n<\/ul>\n<p>&nbsp;<\/p>\n<h2><span style=\"font-weight: 400;\">Nosso veredicto<\/span><\/h2>\n<p><span style=\"font-weight: 400;\">Depois de test\u00e1-lo na pr\u00e1tica, nossa equipe descobriu que o aplicativo 888starz \u00e9 mais do que apenas um aplicativo de cassino online. Impressiona pela sua apar\u00eancia, funcionalidade e usabilidade, o que o torna uma das melhores aplica\u00e7\u00f5es de casino que j\u00e1 vimos. O aplicativo combina a emo\u00e7\u00e3o dos jogos de cassino com a conveni\u00eancia dos jogos m\u00f3veis para uma combina\u00e7\u00e3o verdadeiramente vencedora.<\/span><\/p>\n","protected":false},"excerpt":{"rendered":"","protected":false},"author":2,"featured_media":0,"parent":382,"menu_order":0,"comment_status":"closed","ping_status":"closed","template":"casinos.php","meta":{"footnotes":""},"categories":[],"tags":[],"acf":[],"yoast_head":"<!-- This site is optimized with the Yoast SEO Premium plugin v20.8 (Yoast SEO v21.6) - https:\/\/yoast.com\/wordpress\/plugins\/seo\/ -->\n<title>Aplicativo m\u00f3vel no 888STARZ | Interface amig\u00e1vel, alto desempenho<\/title>\n<meta name=\"description\" content=\"Descubra o mundo fascinante do aplicativo de cassino 888starz: jogue seus jogos favoritos, participe de torneios e obtenha conselhos de especialistas.\" \/>\n<meta name=\"robots\" content=\"index, follow, max-snippet:-1, max-image-preview:large, max-video-preview:-1\" \/>\n<link rel=\"canonical\" href=\"https:\/\/onlinecasinoprofy.com\/pt\/wp-json\/wp\/v2\/pages\/383\/\" \/>\n<meta property=\"og:locale\" content=\"pt_PT\" \/>\n<meta property=\"og:type\" content=\"article\" \/>\n<meta property=\"og:title\" content=\"Aplicativo para 888STARZ\" \/>\n<meta property=\"og:description\" content=\"Descubra o mundo fascinante do aplicativo de cassino 888starz: jogue seus jogos favoritos, participe de torneios e obtenha conselhos de especialistas.\" \/>\n<meta property=\"og:url\" content=\"https:\/\/onlinecasinoprofy.com\/pt\/888starz-casino\/aplicativo\/\" \/>\n<meta property=\"og:site_name\" content=\"CasinoProfy PT\" \/>\n<meta property=\"article:modified_time\" content=\"2023-10-12T13:53:46+00:00\" \/>\n<meta name=\"twitter:card\" content=\"summary_large_image\" \/>\n<meta name=\"twitter:label1\" content=\"Tempo estimado de leitura\" \/>\n\t<meta name=\"twitter:data1\" content=\"5 minutos\" \/>\n<!-- \/ Yoast SEO Premium plugin. -->","yoast_head_json":{"title":"Aplicativo m\u00f3vel no 888STARZ | Interface amig\u00e1vel, alto desempenho","description":"Descubra o mundo fascinante do aplicativo de cassino 888starz: jogue seus jogos favoritos, participe de torneios e obtenha conselhos de especialistas.","robots":{"index":"index","follow":"follow","max-snippet":"max-snippet:-1","max-image-preview":"max-image-preview:large","max-video-preview":"max-video-preview:-1"},"canonical":"https:\/\/onlinecasinoprofy.com\/pt\/wp-json\/wp\/v2\/pages\/383\/","og_locale":"pt_PT","og_type":"article","og_title":"Aplicativo para 888STARZ","og_description":"Descubra o mundo fascinante do aplicativo de cassino 888starz: jogue seus jogos favoritos, participe de torneios e obtenha conselhos de especialistas.","og_url":"https:\/\/onlinecasinoprofy.com\/pt\/888starz-casino\/aplicativo\/","og_site_name":"CasinoProfy PT","article_modified_time":"2023-10-12T13:53:46+00:00","twitter_card":"summary_large_image","twitter_misc":{"Tempo estimado de leitura":"5 minutos"},"schema":{"@context":"https:\/\/schema.org","@graph":[{"@type":"WebPage","@id":"https:\/\/onlinecasinoprofy.com\/pt\/888starz-casino\/aplicativo\/","url":"https:\/\/onlinecasinoprofy.com\/pt\/888starz-casino\/aplicativo\/","name":"Aplicativo m\u00f3vel no 888STARZ | Interface amig\u00e1vel, alto desempenho","isPartOf":{"@id":"https:\/\/onlinecasinoprofy.com\/pt\/#website"},"datePublished":"2023-10-12T13:21:27+00:00","dateModified":"2023-10-12T13:53:46+00:00","description":"Descubra o mundo fascinante do aplicativo de cassino 888starz: jogue seus jogos favoritos, participe de torneios e obtenha conselhos de especialistas.","breadcrumb":{"@id":"https:\/\/onlinecasinoprofy.com\/pt\/888starz-casino\/aplicativo\/#breadcrumb"},"inLanguage":"pt-PT","potentialAction":[{"@type":"ReadAction","target":["https:\/\/onlinecasinoprofy.com\/pt\/888starz-casino\/aplicativo\/"]}]},{"@type":"BreadcrumbList","@id":"https:\/\/onlinecasinoprofy.com\/pt\/888starz-casino\/aplicativo\/#breadcrumb","itemListElement":[{"@type":"ListItem","position":1,"name":"Home","item":"https:\/\/onlinecasinoprofy.com\/pt\/"},{"@type":"ListItem","position":2,"name":"888STARZ Casino: Nossa experi\u00eancia e an\u00e1lise","item":"https:\/\/onlinecasinoprofy.com\/pt\/888starz-casino\/"},{"@type":"ListItem","position":3,"name":"Aplicativo para 888STARZ"}]},{"@type":"WebSite","@id":"https:\/\/onlinecasinoprofy.com\/pt\/#website","url":"https:\/\/onlinecasinoprofy.com\/pt\/","name":"CasinoProfy PT","description":"OnlineCasinoProfy - Uma experi\u00eancia de jogo \u00fanica","inLanguage":"pt-PT"}]}},"_links":{"self":[{"href":"https:\/\/onlinecasinoprofy.com\/pt\/wp-json\/wp\/v2\/pages\/383"}],"collection":[{"href":"https:\/\/onlinecasinoprofy.com\/pt\/wp-json\/wp\/v2\/pages"}],"about":[{"href":"https:\/\/onlinecasinoprofy.com\/pt\/wp-json\/wp\/v2\/types\/page"}],"author":[{"embeddable":true,"href":"https:\/\/onlinecasinoprofy.com\/pt\/wp-json\/wp\/v2\/users\/2"}],"replies":[{"embeddable":true,"href":"https:\/\/onlinecasinoprofy.com\/pt\/wp-json\/wp\/v2\/comments?post=383"}],"version-history":[{"count":0,"href":"https:\/\/onlinecasinoprofy.com\/pt\/wp-json\/wp\/v2\/pages\/383\/revisions"}],"up":[{"embeddable":true,"href":"https:\/\/onlinecasinoprofy.com\/pt\/wp-json\/wp\/v2\/pages\/382"}],"wp:attachment":[{"href":"https:\/\/onlinecasinoprofy.com\/pt\/wp-json\/wp\/v2\/media?parent=383"}],"wp:term":[{"taxonomy":"category","embeddable":true,"href":"https:\/\/onlinecasinoprofy.com\/pt\/wp-json\/wp\/v2\/categories?post=383"},{"taxonomy":"post_tag","embeddable":true,"href":"https:\/\/onlinecasinoprofy.com\/pt\/wp-json\/wp\/v2\/tags?post=383"}],"curies":[{"name":"wp","href":"https:\/\/api.w.org\/{rel}","templated":true}]}}