{"id":384,"date":"2023-10-12T16:21:27","date_gmt":"2023-10-12T13:21:27","guid":{"rendered":"https:\/\/onlinecasinoprofy.com\/pt\/888starz-casino\/promocionais\/"},"modified":"2023-10-12T16:53:46","modified_gmt":"2023-10-12T13:53:46","slug":"promocionais","status":"publish","type":"page","link":"https:\/\/onlinecasinoprofy.com\/pt\/888starz-casino\/promocionais\/","title":{"rendered":"C\u00f3digos Promocionais 888STARZ"},"content":{"rendered":"<p><span style=\"font-weight: 400;\">Preparamos uma extensa lista dos c\u00f3digos promocionais de cassino mais recentes e valiosos. Ap\u00f3s extensa pesquisa e aproveitando nossa experi\u00eancia, identificamos os melhores c\u00f3digos promocionais que proporcionar\u00e3o a voc\u00ea a melhor experi\u00eancia de jogo.<\/span><\/p>\n<h2><span style=\"font-weight: 400;\"> Quem pode receber c\u00f3digos promocionais?<\/span><\/h2>\n<p><span style=\"font-weight: 400;\">Absolutamente qualquer pessoa que tenha uma conta registrada no 888STARZ pode acessar os c\u00f3digos promocionais, seja voc\u00ea um jogador novo ou um jogador experiente.<\/span><\/p>\n<p>&nbsp;<\/p>\n<ul>\n<li style=\"font-weight: 400;\" aria-level=\"1\"><span style=\"font-weight: 400;\"><strong>Novos jogadores:<\/strong> O cassino oferece c\u00f3digos promocionais introdut\u00f3rios para dar as boas-vindas a novos jogadores. Podem ser b\u00f4nus de dep\u00f3sito correspondentes ou rodadas gr\u00e1tis, dando a voc\u00ea uma vantagem na descoberta de jogos de cassino.<\/span><\/li>\n<\/ul>\n<p>&nbsp;<\/p>\n<ul>\n<li style=\"font-weight: 400;\" aria-level=\"1\"><span style=\"font-weight: 400;\"><strong>Jogadores atuais:<\/strong> O cassino continua a recompensar seus jogadores regulares com v\u00e1rios c\u00f3digos promocionais, como b\u00f4nus de recarga, b\u00f4nus de reembolso ou rodadas gr\u00e1tis. Visitar regularmente o site promocional do cassino e assinar os boletins informativos garante que voc\u00ea n\u00e3o os perder\u00e1.<\/span><\/li>\n<\/ul>\n<p><span style=\"font-weight: 400;\">Para garantir que est\u00e1 a aproveitar ao m\u00e1ximo estas oportunidades, \u00e9 necess\u00e1rio consultar regularmente a p\u00e1gina promocional e subscrever as suas newsletters. Esses c\u00f3digos promocionais podem melhorar muito sua experi\u00eancia de jogo, quer voc\u00ea esteja apenas come\u00e7ando ou j\u00e1 jogue h\u00e1 algum tempo.<\/span><\/p>\n<h2><span style=\"font-weight: 400;\"> C\u00f3digos promocionais 888STARZ mais populares.<\/span><\/h2>\n<p><span style=\"font-weight: 400;\">Nossa extensa pesquisa e avalia\u00e7\u00e3o nos levaram a criar uma lista de cheats de alto n\u00edvel que oferecem alto valor e emo\u00e7\u00e3o de jogo. <\/span><span style=\"font-weight: 400;\"><br \/>\n<\/span><span style=\"font-weight: 400;\"><br \/>\n<\/span><span style=\"font-weight: 400;\">Entendemos o valor de um bom c\u00f3digo promocional, por isso fizemos o nosso melhor para coletar os melhores para voc\u00ea. Os c\u00f3digos que coletamos n\u00e3o s\u00e3o apenas uma sele\u00e7\u00e3o aleat\u00f3ria, mas os mais recompensadores que proporcionam uma vantagem \u00fanica no seu jogo.<\/span><\/p>\n<h3><span style=\"font-weight: 400;\">B\u00f4nus de boas-vindas<\/span><\/h3>\n<p><span style=\"font-weight: 400;\">Este c\u00f3digo oferece aos novos usu\u00e1rios um generoso b\u00f4nus de boas-vindas. \u00c9 f\u00e1cil de usar &#8211; basta inseri-lo durante o registro e ver seus pontos aumentarem! Certifique-se de ler os termos e condi\u00e7\u00f5es relativos aos requisitos de apostas.<\/span><\/p>\n<h3><span style=\"font-weight: 400;\"> Recompensas de fidelidade<\/span><\/h3>\n<p><span style=\"font-weight: 400;\">O c\u00f3digo de fidelidade \u00e9 destinado aos nossos jogadores regulares. Ao usar este produto, nossa equipe descobriu que ele oferece uma s\u00e9rie de benef\u00edcios, incluindo rodadas gr\u00e1tis e aumento de cr\u00e9dito. Insira o c\u00f3digo no campo &#8220;C\u00f3digo promocional&#8221; nas configura\u00e7\u00f5es da sua conta.<\/span><\/p>\n<h2><span style=\"font-weight: 400;\">Onde posso encontrar c\u00f3digos promocionais 888STARZ?<\/span><\/h2>\n<p><span style=\"font-weight: 400;\">Descobrir os c\u00f3digos promocionais certos pode melhorar significativamente sua experi\u00eancia de jogo no 888STARZ. Para n\u00e3o perder essas oportunidades, \u00e9 importante saber onde procurar. Aqui est\u00e3o as principais fontes \u00e0s quais vale a pena prestar aten\u00e7\u00e3o:<\/span><\/p>\n<ul>\n<li style=\"font-weight: 400;\" aria-level=\"1\"><span style=\"font-weight: 400;\">Verifique nosso site regularmente para se manter atualizado com as atualiza\u00e7\u00f5es. Atualizamos constantemente nosso site com os c\u00f3digos promocionais mais recentes e lucrativos. Nossa equipe passa horas pesquisando, verificando e compilando esses c\u00f3digos para ajudar voc\u00ea a melhorar sua experi\u00eancia de jogo.<\/span><\/li>\n<li style=\"font-weight: 400;\" aria-level=\"1\"><span style=\"font-weight: 400;\">Inscreva-se na lista de discuss\u00e3o. Inscrever-se na lista de e-mails \u00e9 uma das maneiras mais f\u00e1ceis de se manter atualizado com as ofertas mais recentes. Ao fazer parte da comunidade de e-mail, voc\u00ea receber\u00e1 informa\u00e7\u00f5es em primeira m\u00e3o sobre novos c\u00f3digos promocionais diretamente em sua caixa de entrada.<\/span><\/li>\n<li style=\"font-weight: 400;\" aria-level=\"1\"><span style=\"font-weight: 400;\">Visite o site oficial. O site oficial \u00e9 o centro de todas as ofertas promocionais. Eles atualizam regularmente sua p\u00e1gina de promo\u00e7\u00f5es com novos c\u00f3digos. Lembre-se sempre de verificar esta se\u00e7\u00e3o sempre que fizer login em sua conta.<\/span><\/li>\n<li style=\"font-weight: 400;\" aria-level=\"1\"><span style=\"font-weight: 400;\">Siga 888STARZ nas redes sociais. Assine a conta do Telegram, oficial @starz_official<\/span><\/li>\n<\/ul>\n","protected":false},"excerpt":{"rendered":"","protected":false},"author":2,"featured_media":0,"parent":382,"menu_order":0,"comment_status":"closed","ping_status":"closed","template":"casinos.php","meta":{"footnotes":""},"categories":[],"tags":[],"acf":[],"yoast_head":"<!-- This site is optimized with the Yoast SEO Premium plugin v20.8 (Yoast SEO v21.6) - https:\/\/yoast.com\/wordpress\/plugins\/seo\/ -->\n<title>Obtenha os melhores c\u00f3digos promocionais 888STARZ aqui!<\/title>\n<meta name=\"description\" content=\"Descubra os principais c\u00f3digos promocionais 888STARZ, como us\u00e1-los e onde encontr\u00e1-los. Torne sua experi\u00eancia de jogo ainda melhor!\" \/>\n<meta name=\"robots\" content=\"index, follow, max-snippet:-1, max-image-preview:large, max-video-preview:-1\" \/>\n<link rel=\"canonical\" href=\"https:\/\/onlinecasinoprofy.com\/pt\/wp-json\/wp\/v2\/pages\/384\/\" \/>\n<meta property=\"og:locale\" content=\"pt_PT\" \/>\n<meta property=\"og:type\" content=\"article\" \/>\n<meta property=\"og:title\" content=\"C\u00f3digos Promocionais 888STARZ\" \/>\n<meta property=\"og:description\" content=\"Descubra os principais c\u00f3digos promocionais 888STARZ, como us\u00e1-los e onde encontr\u00e1-los. Torne sua experi\u00eancia de jogo ainda melhor!\" \/>\n<meta property=\"og:url\" content=\"https:\/\/onlinecasinoprofy.com\/pt\/888starz-casino\/promocionais\/\" \/>\n<meta property=\"og:site_name\" content=\"CasinoProfy PT\" \/>\n<meta property=\"article:modified_time\" content=\"2023-10-12T13:53:46+00:00\" \/>\n<meta name=\"twitter:card\" content=\"summary_large_image\" \/>\n<meta name=\"twitter:label1\" content=\"Tempo estimado de leitura\" \/>\n\t<meta name=\"twitter:data1\" content=\"3 minutos\" \/>\n<!-- \/ Yoast SEO Premium plugin. -->","yoast_head_json":{"title":"Obtenha os melhores c\u00f3digos promocionais 888STARZ aqui!","description":"Descubra os principais c\u00f3digos promocionais 888STARZ, como us\u00e1-los e onde encontr\u00e1-los. Torne sua experi\u00eancia de jogo ainda melhor!","robots":{"index":"index","follow":"follow","max-snippet":"max-snippet:-1","max-image-preview":"max-image-preview:large","max-video-preview":"max-video-preview:-1"},"canonical":"https:\/\/onlinecasinoprofy.com\/pt\/wp-json\/wp\/v2\/pages\/384\/","og_locale":"pt_PT","og_type":"article","og_title":"C\u00f3digos Promocionais 888STARZ","og_description":"Descubra os principais c\u00f3digos promocionais 888STARZ, como us\u00e1-los e onde encontr\u00e1-los. Torne sua experi\u00eancia de jogo ainda melhor!","og_url":"https:\/\/onlinecasinoprofy.com\/pt\/888starz-casino\/promocionais\/","og_site_name":"CasinoProfy PT","article_modified_time":"2023-10-12T13:53:46+00:00","twitter_card":"summary_large_image","twitter_misc":{"Tempo estimado de leitura":"3 minutos"},"schema":{"@context":"https:\/\/schema.org","@graph":[{"@type":"WebPage","@id":"https:\/\/onlinecasinoprofy.com\/pt\/888starz-casino\/promocionais\/","url":"https:\/\/onlinecasinoprofy.com\/pt\/888starz-casino\/promocionais\/","name":"Obtenha os melhores c\u00f3digos promocionais 888STARZ aqui!","isPartOf":{"@id":"https:\/\/onlinecasinoprofy.com\/pt\/#website"},"datePublished":"2023-10-12T13:21:27+00:00","dateModified":"2023-10-12T13:53:46+00:00","description":"Descubra os principais c\u00f3digos promocionais 888STARZ, como us\u00e1-los e onde encontr\u00e1-los. Torne sua experi\u00eancia de jogo ainda melhor!","breadcrumb":{"@id":"https:\/\/onlinecasinoprofy.com\/pt\/888starz-casino\/promocionais\/#breadcrumb"},"inLanguage":"pt-PT","potentialAction":[{"@type":"ReadAction","target":["https:\/\/onlinecasinoprofy.com\/pt\/888starz-casino\/promocionais\/"]}]},{"@type":"BreadcrumbList","@id":"https:\/\/onlinecasinoprofy.com\/pt\/888starz-casino\/promocionais\/#breadcrumb","itemListElement":[{"@type":"ListItem","position":1,"name":"Home","item":"https:\/\/onlinecasinoprofy.com\/pt\/"},{"@type":"ListItem","position":2,"name":"888STARZ Casino: Nossa experi\u00eancia e an\u00e1lise","item":"https:\/\/onlinecasinoprofy.com\/pt\/888starz-casino\/"},{"@type":"ListItem","position":3,"name":"C\u00f3digos Promocionais 888STARZ"}]},{"@type":"WebSite","@id":"https:\/\/onlinecasinoprofy.com\/pt\/#website","url":"https:\/\/onlinecasinoprofy.com\/pt\/","name":"CasinoProfy PT","description":"OnlineCasinoProfy - Uma experi\u00eancia de jogo \u00fanica","inLanguage":"pt-PT"}]}},"_links":{"self":[{"href":"https:\/\/onlinecasinoprofy.com\/pt\/wp-json\/wp\/v2\/pages\/384"}],"collection":[{"href":"https:\/\/onlinecasinoprofy.com\/pt\/wp-json\/wp\/v2\/pages"}],"about":[{"href":"https:\/\/onlinecasinoprofy.com\/pt\/wp-json\/wp\/v2\/types\/page"}],"author":[{"embeddable":true,"href":"https:\/\/onlinecasinoprofy.com\/pt\/wp-json\/wp\/v2\/users\/2"}],"replies":[{"embeddable":true,"href":"https:\/\/onlinecasinoprofy.com\/pt\/wp-json\/wp\/v2\/comments?post=384"}],"version-history":[{"count":0,"href":"https:\/\/onlinecasinoprofy.com\/pt\/wp-json\/wp\/v2\/pages\/384\/revisions"}],"up":[{"embeddable":true,"href":"https:\/\/onlinecasinoprofy.com\/pt\/wp-json\/wp\/v2\/pages\/382"}],"wp:attachment":[{"href":"https:\/\/onlinecasinoprofy.com\/pt\/wp-json\/wp\/v2\/media?parent=384"}],"wp:term":[{"taxonomy":"category","embeddable":true,"href":"https:\/\/onlinecasinoprofy.com\/pt\/wp-json\/wp\/v2\/categories?post=384"},{"taxonomy":"post_tag","embeddable":true,"href":"https:\/\/onlinecasinoprofy.com\/pt\/wp-json\/wp\/v2\/tags?post=384"}],"curies":[{"name":"wp","href":"https:\/\/api.w.org\/{rel}","templated":true}]}}