{"id":387,"date":"2023-11-20T15:13:26","date_gmt":"2023-11-20T13:13:26","guid":{"rendered":"https:\/\/onlinecasinoprofy.com\/pt\/?page_id=387"},"modified":"2023-11-20T15:16:02","modified_gmt":"2023-11-20T13:16:02","slug":"slotamba-casino","status":"publish","type":"page","link":"https:\/\/onlinecasinoprofy.com\/pt\/slotamba-casino\/","title":{"rendered":"Slotamba Casino"},"content":{"rendered":"\n<p>Slotamba Cassino on-line \u00e9 uma plataforma confi\u00e1vel que est\u00e1 em opera\u00e7\u00e3o desde 2024, registrada na empresa NewEra B.V. Este cassino possui slots, mesajogos, Jogos ao vivo, esportes virtuais e programas de TV. O cassino oferece condi\u00e7\u00f5es de b\u00f4nus leais, registro r\u00e1pido e uma ampla sele\u00e7\u00e3o de sistemas de pagamento. Vale a pena notar oSlotambacassino sem dep\u00f3sito b\u00f4nus que voc\u00ea pode ganhar em torneios regulares ou inserindo um c\u00f3digo promocional especial.<\/p>\n\n\n\n<h2 data-anchor=\"Pr\u00f3s-e-contras\u2795\u2796\" id=\"Pr\u00f3s-e-contras\u2795\u2796\" >Vantagens e desvantagens dos casinos <\/h2>\n\n\n<section class=\"container plusesMinuses\">\n                    <div class=\"row\"><div class=\"col-md-6\">\n                        <div class=\"pluses plusesMinuses-item\"><ul class=\"simpleList plusesMinuses-simpleList--pluses\"><li><strong><\/strong> Mais de 70 fornecedores<\/li><li><strong><\/strong> Disponibilidade de criptomoeda<\/li><li><strong><\/strong> Pagamentos r\u00e1pidos<\/li><li><strong><\/strong> Sem comiss\u00e3o<\/li><\/ul>\n                <\/div>\n            <\/div><div class=\"col-md-6\">\n                        <div class=\"minuses plusesMinuses-item\"><ul class=\"simpleList plusesMinuses-simpleList--minuses\"><li><strong><\/strong> Sem b\u00f4nus para Live<\/li><li><strong><\/strong> Sem condi\u00e7\u00f5es VIP<\/li><li><strong><\/strong> Poucos b\u00f4nus regulares<\/li><\/ul>\n                <\/div>\n            <\/div><\/div>\n            <\/section>\n\n\n\n<h2 data-anchor=\"Inscri\u00e7\u00f5es-\ud83d\udcbb\" id=\"Inscri\u00e7\u00f5es-\ud83d\udcbb\" >Inscri\u00e7\u00f5es no Slotamba<\/h2>\n\n\n\n<p>Para se tornar um cliente oficial emCassino online Slotamba, os jogadores precisam passar por todas as etapas do cadastro. O processo em si \u00e9 muito r\u00e1pido e, portanto, ap\u00f3s alguns cliques, os apostadores j\u00e1 podem aproveitarjogatina aqui. Tamb\u00e9m criamos uma conta aqui e aqui est\u00e1 o algoritmo:<\/p>\n\n\n\n<ol>\n<li>Abra oLogin do cassino Slotamba formul\u00e1rio usando PC ou dispositivos m\u00f3veis<\/li>\n\n\n\n<li>Em seguida, acesse o menu de cadastro e preencha os campos com seus dados<\/li>\n\n\n\n<li>A seguir, estude as regras e condi\u00e7\u00f5es do cassino e confirme suas a\u00e7\u00f5es<\/li>\n\n\n\n<li>Agora voc\u00ea pode escolher umb\u00f4nus e fa\u00e7a um dep\u00f3sito<\/li>\n<\/ol>\n\n\n\n<h2 data-anchor=\"B\u00f4nus-\ud83c\udf81\" id=\"B\u00f4nus-\ud83c\udf81\" >Slotamba \u2013 B\u00f4nus e Promo\u00e7\u00f5es<\/h2>\n\n\n\n<p>B\u00f4nus de cassino Slotamba as ofertas est\u00e3o dispon\u00edveis depois que voc\u00ea se registra e faz um dep\u00f3sito. Foi o que fizemos para esta pesquisa. O cassino tamb\u00e9m oferece torneios regulares dos principais fornecedores, onde voc\u00ea pode ganhar uma quantia generosa ou b\u00f4nus. Vale destacar os b\u00f4nus de recarga epromo\u00e7\u00e3o c\u00f3digos que geralmente s\u00e3o enviados por e-mail. Quanto mais voc\u00ea se mostra no cassino Slotamba, mais regularmente voc\u00ea \u00e9 recompensado. Abaixo, adicionaremos todos os b\u00f4nus que est\u00e3o emcasino onlineSlotamba.<\/p>\n\n\n\n<h3 class=\"wp-block-heading\" id=\"h-pacote-de-boas-vindas\">Pacote de boas-vindas<\/h3>\n\n\n<div class=\"wp-block-image\">\n<figure class=\"alignright size-full\"><img loading=\"lazy\" decoding=\"async\" width=\"419\" height=\"400\" src=\"https:\/\/onlinecasinoprofy.com\/pt\/wp-content\/uploads\/sites\/13\/2022\/12\/money-3.png\" alt=\"money\" class=\"wp-image-51\" srcset=\"https:\/\/onlinecasinoprofy.com\/pt\/wp-content\/uploads\/sites\/13\/2022\/12\/money-3.png 419w, https:\/\/onlinecasinoprofy.com\/pt\/wp-content\/uploads\/sites\/13\/2022\/12\/money-3-60x57.png 60w, https:\/\/onlinecasinoprofy.com\/pt\/wp-content\/uploads\/sites\/13\/2022\/12\/money-3-40x38.png 40w, https:\/\/onlinecasinoprofy.com\/pt\/wp-content\/uploads\/sites\/13\/2022\/12\/money-3-300x286.png 300w, https:\/\/onlinecasinoprofy.com\/pt\/wp-content\/uploads\/sites\/13\/2022\/12\/money-3-32x32.png 32w, https:\/\/onlinecasinoprofy.com\/pt\/wp-content\/uploads\/sites\/13\/2022\/12\/money-3-28x27.png 28w\" sizes=\"(max-width: 419px) 100vw, 419px\" \/><\/figure><\/div>\n\n\n<p>Novos clientes podem receber um generosoB\u00f4nus Slotamba Para Registro; \u00e9 um pacote de boas-vindas de at\u00e9 1.000\u20ac. Para ativar ob\u00f4nus de boas-vindas, dever\u00e1 fazer um dep\u00f3sito superior a 20\u20ac e considerar a aposta de 40x (b\u00f3nus + dep\u00f3sito). Os ganhos m\u00e1ximos do b\u00f4nus s\u00e3o 10x do dep\u00f3sito. Este b\u00f4nus \u00e9 v\u00e1lido para 4 dep\u00f3sitos, e para ativar cada parte, voc\u00ea precisa inserir umC\u00f3digo b\u00f4nus c\u00f3digo:<\/p>\n\n\n\n<ol>\n<li><strong>Primeiro dep\u00f3sito<\/strong><br>100% at\u00e9 200\u20ac. C\u00f3digo b\u00f4nus<strong>WEL100SLOT<\/strong>.<\/li>\n\n\n\n<li><strong>Segundo dep\u00f3sito<\/strong><br>50% at\u00e9 250\u20ac. C\u00f3digo b\u00f4nus<strong>WEL50SLOT<\/strong>.<\/li>\n\n\n\n<li><strong>Terceiro dep\u00f3sito<\/strong><br>50% at\u00e9 250\u20ac. C\u00f3digo b\u00f4nus<strong>WEL50 AMBA<\/strong>.<\/li>\n\n\n\n<li><strong>Quarto dep\u00f3sito<\/strong><br>100% at\u00e9 300\u20ac. C\u00f3digo b\u00f4nus<strong>WEL100 AMBA<\/strong>&nbsp;<\/li>\n<\/ol>\n\n\n\n<h3 class=\"wp-block-heading\" id=\"h-b-nus-de-recarga\">B\u00f4nus de recarga<\/h3>\n\n\n\n<p>Cassino Slotamba oferece um generoso b\u00f4nus de recarga de 50% at\u00e9 \u20ac 200. Este b\u00f4nus pode ser ativado uma vez por semana usando o c\u00f3digo promocional \u2018AMBARLD\u2019 com o dep\u00f3sito m\u00ednimo de 20\u20ac ou mais. Voc\u00ea deve apostar o b\u00f4nus dentro de 21 dias 40x vezes (b\u00f4nus + dep\u00f3sito). O ganho m\u00e1ximo de uma conquista \u00e9 10x o valor do dep\u00f3sito.<\/p>\n\n\n\n<h3 class=\"wp-block-heading\" id=\"h-quedas-e-vit-rias\">Quedas e vit\u00f3rias<\/h3>\n\n\n\n<p>Al\u00e9m disso,B\u00f4nus de cassino Slotamba s\u00e3o pr\u00eamios de torneios regulares. Esses eventos s\u00e3o organizados por fornecedores conhecidos, como Wazdan e Pragmatic Play Live. Os torneios apresentam grandes pr\u00eamios, b\u00f4nus erodadas gr\u00e1tis. Os jogadores s\u00f3 precisamjogar slots de torneios ou jogos ao vivo e receba pontos por ganhos ou apostas, dependendo dos termos. Ao final do evento ser\u00e3o contabilizados pontos e os pr\u00eamios ser\u00e3o divididos entre os participantes mais ativos.<\/p>\n\n\n\n<h2 data-anchor=\"Licen\u00e7as-\ud83e\udeaa\" id=\"Licen\u00e7as-\ud83e\udeaa\" >Licen\u00e7as e seguran\u00e7a<\/h2>\n\n\n\n<p>Oleg\u00edtimo casino online Slotamba opera legalmente usando Cura\u00e7aolicen\u00e7a 1668\/JAZ. O cassino est\u00e1 registrado em nome da empresa NewEra B.V. em Scharlooweg 39 U.13, Cura\u00e7ao. O site tamb\u00e9m segue rigorosamente a pol\u00edtica de Jogo Respons\u00e1vel, e nossos especialistas recomendam fortemente que voc\u00ea siga estas regras para evitar o v\u00edcio do jogo.<\/p>\n\n\n\n<h2 data-anchor=\"Jogos-\ud83c\udfb0\" id=\"Jogos-\ud83c\udfb0\" >Jogos de Cassino Slotamba<\/h2>\n\n\n\n<p>Depois de obter o seuLogin do Slotamba, voc\u00ea acessa uma ampla sele\u00e7\u00e3o de entretenimento de jogos de azar. Por exemplo, ca\u00e7a-n\u00edqueis, v\u00eddeo p\u00f4quer, jogos de jackpot, roleta, blackjack, bacar\u00e1, dados, jogos r\u00e1pidos, raspadinhas, loterias, esportes virtuais, fliperamas e muito mais. Gra\u00e7as aos filtros de pesquisa e se\u00e7\u00f5es especiais, os jogadores podem encontrar rapidamente seu conte\u00fado favorito e jogar de verdadedinheiro.<\/p>\n\n\n<div class=\"wp-block-image\">\n<figure class=\"alignright size-full\"><img loading=\"lazy\" decoding=\"async\" width=\"528\" height=\"400\" src=\"https:\/\/onlinecasinoprofy.com\/pt\/wp-content\/uploads\/sites\/13\/2022\/12\/games-4.png\" alt=\"games\" class=\"wp-image-44\" srcset=\"https:\/\/onlinecasinoprofy.com\/pt\/wp-content\/uploads\/sites\/13\/2022\/12\/games-4.png 528w, https:\/\/onlinecasinoprofy.com\/pt\/wp-content\/uploads\/sites\/13\/2022\/12\/games-4-60x45.png 60w, https:\/\/onlinecasinoprofy.com\/pt\/wp-content\/uploads\/sites\/13\/2022\/12\/games-4-40x30.png 40w, https:\/\/onlinecasinoprofy.com\/pt\/wp-content\/uploads\/sites\/13\/2022\/12\/games-4-300x227.png 300w, https:\/\/onlinecasinoprofy.com\/pt\/wp-content\/uploads\/sites\/13\/2022\/12\/games-4-36x27.png 36w\" sizes=\"(max-width: 528px) 100vw, 528px\" \/><\/figure><\/div>\n\n\n<ul>\n<li><strong>M\u00e1quinas ca\u00e7a-n\u00edqueis<\/strong><br>No Slotambacassino lobby, voc\u00ea pode jogar slots incr\u00edveis que est\u00e3o localizados nas seguintes se\u00e7\u00f5es: Video Slots, Top, Jackpot, Book of Slots, Megaways, Casual, Most Popular e Providers. Todos os slots podem ser testados em modo de demonstra\u00e7\u00e3o, o que \u00e9 muito \u00fatil para iniciantes. Na se\u00e7\u00e3o Mais Popular, voc\u00ea encontrar\u00e1 os seguintes slots: Izzi Art da BGaming, Roadkill da NoLimit City, 10 Lucky Sevens da GameArt, Kali Rox da BGaming e Book of Faith da Wazdan.<\/li>\n\n\n\n<li><strong>Jogos de mesa<\/strong><br>Na se\u00e7\u00e3o de jogos de mesa, os clientes podem jogar p\u00f4quer, bacar\u00e1, dados, bingo, roleta e blackjack. Esses e outros jogos semelhantes est\u00e3o dispon\u00edveis no modo single-player e podem ser testados no modo de demonstra\u00e7\u00e3o. Sim, este n\u00e3o \u00e9 um formato ao vivo, mas nesses jogos voc\u00ea pode aproveitar o jogo com calma.<\/li>\n\n\n\n<li><strong>Jogos com vit\u00f3ria instant\u00e2nea<\/strong><br>Os clientes tamb\u00e9m podem experimentar jogos instant\u00e2neos muito din\u00e2micos e r\u00e1pidos. Voc\u00ea ter\u00e1 acesso a jogos de travamento, fliperamas, mineradores, plinko, raspadinhas e mini-slots. Com base na observa\u00e7\u00e3o, notamos que Plinko da BGaming e Aviator da Spribe s\u00e3o agora os favoritos dos jogadores.<\/li>\n<\/ul>\n\n\n\n<h3 class=\"wp-block-heading\">Jogos ao vivo<\/h3>\n\n\n\n<p>O cassino online Slotamba tem uma \u00f3tima se\u00e7\u00e3o de jogos ao vivo onde os apostadores podem jogar todos os jogos populares junto com o dealer. Nesses jogos, os clientes podem comunicar entre si atrav\u00e9s de chat online e fazer perguntas ao dealer. Al\u00e9m dos jogos de tabuleiro cl\u00e1ssicos, os jogadores ter\u00e3o acesso a programas de TV que apresentam gr\u00e1ficos 3D, n\u00edveis adicionais na forma de slots de v\u00eddeo e recursos de b\u00f4nus. Voc\u00ea pode estar interessado nos seguintes softwares: XXXtreme Lightning Roulette da Evolution, MONOPOLY Big Baller da Evolution, Craps da Evolution, Limitless Blackjack da VivoGaming e Live BOOM CITY da Pragmatic Live.<\/p>\n\n\n\n            <div class=\"casinoGames d-flex align-items-start\">\n                <div class=\"casinoGames-big grayBgBlock text-center\">4000+ <p>Jogos<\/p><\/div>\n                <ul class=\"casinoGames-other d-flex flex-wrap\"><li class=\"d-flex align-items-center justify-content-between\"><span class=\"text\">Slots<\/span><span class=\"grayBgBlock\">3000+<\/span><\/li><li class=\"d-flex align-items-center justify-content-between\"><span class=\"text\">V\u00eddeo p\u00f3quer<\/span><span class=\"grayBgBlock\">15+<\/span><\/li><li class=\"d-flex align-items-center justify-content-between\"><span class=\"text\">Baccarat<\/span><span class=\"grayBgBlock\">11+<\/span><\/li><li class=\"d-flex align-items-center justify-content-between\"><span class=\"text\">Roleta<\/span><span class=\"grayBgBlock\">28+<\/span><\/li><li class=\"d-flex align-items-center justify-content-between\"><span class=\"text\">Blackjack<\/span><span class=\"grayBgBlock\">34+<\/span><\/li><li class=\"d-flex align-items-center justify-content-between\"><span class=\"text\">P\u00f3quer<\/span><span class=\"grayBgBlock\">7+<\/span><\/li><li class=\"d-flex align-items-center justify-content-between\"><span class=\"text\">Bingo<\/span><span class=\"grayBgBlock\">2+<\/span><\/li><li class=\"d-flex align-items-center justify-content-between\"><span class=\"text\">Jogos ao vivo<\/span><span class=\"grayBgBlock\">26+<\/span><\/li><\/ul>\n            <\/div>\n        \n\n\n\n<h2 data-anchor=\"Software-\u2699\ufe0f\" id=\"Software-\u2699\ufe0f\" >Software de Casino<\/h2>\n\n\n\n<p>O cassino online Slotamba oferece uma ampla sele\u00e7\u00e3o de entretenimento de jogo proveniente de mais de 70 iGaming licenciadosInternet fornecedores. Todas as empresas possuem licen\u00e7as e certificados de laborat\u00f3rios independentes. Como resultado, voc\u00ea obt\u00e9m acesso a jogos originais com uma \u00f3timaRTP e pagamentos generosos com base nomelhor mec\u00e2nica de jogo:<\/p>\n\n\n\n<ul>\n<li>Pragmatic Play, Red Tiger, Play&#8217;n GO, NetEnt, Gamomat, Betsoft, Endorphina, Games Global, Spinomenal, Elk Studios, Big Time Gaming, Thunderkick, Quickspin, Wazdan, BGaming, Nolimit City, Evoplay, Evolution, Booming Games, Habanero , Kalamba Games, Givme Games, Yggdrasil e muito mais.<\/li>\n<\/ul>\n\n\n\n<h2 data-anchor=\"Slotamba-M\u00f3vel-\ud83d\udcf2\" id=\"Slotamba-M\u00f3vel-\ud83d\udcf2\" >Slotamba M\u00f3vel<\/h2>\n\n\n\n<p>Cassino Slotamba m\u00f3vel otimiza\u00e7\u00e3o permite que os jogadores girem os rolos e joguem cartas usandoIphone eAndroid smartphones. O site em si est\u00e1 bem otimizado para todos os dispositivos, tanto PC quantom\u00f3vel gadgets. Os jogos apresentados no site foram desenvolvidos em HTML5, o que torna o conte\u00fado compat\u00edvel com dispositivos m\u00f3veis, o que foi comprovado por nossos especialistas em testes em diversos dispositivos port\u00e1teis. Embora oAplicativo de cassino Slotamba n\u00e3o est\u00e1 dispon\u00edvel para download, os jogadores podem criar um atalho para a p\u00e1gina do cassino, o que \u00e9 muito conveniente.<\/p>\n\n\n\n<h2 data-anchor=\"M\u00e9todos-de-pagamento-\ud83d\udcb6\" id=\"M\u00e9todos-de-pagamento-\ud83d\udcb6\" >Slotamba &#8211; m\u00e9todos de pagamento verificados<\/h2>\n\n\n\n<p>Voc\u00ea est\u00e1 convidado a fazer umCassino Slotamba com todos os sistemas de pagamento seguros e populares. OCassino Slotambaretirar processo passa pelo mesmo m\u00e9todo que umdep\u00f3sitoe, o mais importante, voc\u00ea n\u00e3o paga comiss\u00e3o. O tempo m\u00e9dio para retirada dos ganhos \u00e9 de at\u00e9 2 dias, mas normalmente, ocancelamento leva at\u00e9 24 horas e, durante nossa pesquisa, costum\u00e1vamossacar dentro de 1 a 3 horas.<\/p>\n\n\n\n<figure class=\"wp-block-table is-style-stripes\"><table><tbody><tr><td><strong>M\u00e9todos de dep\u00f3sito<\/strong><\/td><td>Visa, Maestro, MasterCard, Cart\u00e3o Paysafe, Transfer\u00eancia R\u00e1pida, Skrill, Transfer\u00eancia Banc\u00e1ria, Bitcoin, Bitcoin Cash, Dogecoin, Litecoin, Tether, Ethereum, Ripple, Neteller, CashtoCode, Jeton, Cart\u00e3o AstroPay, MiFinity, eZeeWallet, Binance, Interac, Payz, Jeton.<\/td><\/tr><tr><td><strong>M\u00e9todos de retirada<\/strong><\/td><td>Visa, Maestro, MasterCard, Skrill, Neteller, Transfer\u00eancia Banc\u00e1ria, Transfer\u00eancia R\u00e1pida, MiFinity, eZeeWallet, Bitcoin, Bitcoin Cash, Dogecoin, Litecoin, Ethereum, Tether, Ripple, Interac, Payz.<\/td><\/tr><tr><td><strong>Dep\u00f3sito M\u00ednimo<\/strong><\/td><td>10\u20ac<\/td><\/tr><tr><td><strong>Limites de retirada<\/strong><\/td><td>5.000\u20ac por semana<\/td><\/tr><tr><td><strong>Taxas de dep\u00f3sito<\/strong><\/td><td>N\u00e3o<\/td><\/tr><tr><td><strong>Moedas<\/strong><\/td><td>USD, EUR, GBP, CAD, CHF, JPY, BRL, HUF, NOK<\/td><\/tr><\/tbody><\/table><\/figure>\n\n\n\n<h2 data-anchor=\"Atendimento-ao-cliente-\ud83d\udcde\" id=\"Atendimento-ao-cliente-\ud83d\udcde\" >Como \u00e9 o atendimento ao cliente na Slotamba?<\/h2>\n\n\n\n<p>No rodap\u00e9 do site Slotamba, h\u00e1 uma se\u00e7\u00e3o extensa com regras e condi\u00e7\u00f5es onde os jogadores podem encontrar muitos detalhes \u00fateis sobre sistemas de pagamento, b\u00f4nus e regras de torneios. H\u00e1 tamb\u00e9m uma se\u00e7\u00e3o com FAQs que cont\u00e9m todas as respostas necess\u00e1rias \u00e0s perguntas. Voc\u00ea pode usar os seguintes m\u00e9todos para entrar em contato com o t\u00e9cnico do cassinoapoiar:<\/p>\n\n\n\n<ul>\n<li>Bate-papo on-line 24 horas por dia, 7 dias por semana<\/li>\n\n\n\n<li>E-mail:<a href=\"mailto:support@slotamba.com\">suporte@slotamba.com<\/a>&nbsp;<\/li>\n<\/ul>\n\n\n<div class=\"row casinoContacts\">\n                <div class=\"col-lg-4 casinoContacts-item\">\n                    <div class=\"smallCards\">\n                        <p class=\"smallCards-title text d-flex justify-content-between\">\n                            <span>Email<\/span>\n                            <img loading=\"lazy\" decoding=\"async\" src=\"https:\/\/onlinecasinoprofy.com\/pt\/wp-content\/themes\/casinoprofy\/static\/images\/message_icon.svg\" width=\"29\" height=\"25\" alt=\"Email icon\">\n                        <\/p>\n                        <span class=\"grayBgBlock\">\n                            support@slotamba.com                      \n                        <\/span>\n                    <\/div>\n                <\/div>\n            \n                <div class=\"col-lg-4 casinoContacts-item\">\n                    <div class=\"smallCards\">\n                        <p class=\"smallCards-title text d-flex justify-content-between\">\n                            <span>Chat ao vivo<\/span>\n                            <img loading=\"lazy\" decoding=\"async\" src=\"https:\/\/onlinecasinoprofy.com\/pt\/wp-content\/themes\/casinoprofy\/static\/images\/chat_icon.svg\" width=\"29\" height=\"25\" alt=\"Chat ao vivo icon\">\n                        <\/p>\n                        <span class=\"grayBgBlock\">\n                            Sim                      \n                        <\/span>\n                    <\/div>\n                <\/div>\n            \n                <div class=\"col-lg-4 casinoContacts-item\">\n                    <div class=\"smallCards\">\n                        <p class=\"smallCards-title text d-flex justify-content-between\">\n                            <span>Apoio por telefone<\/span>\n                            <img loading=\"lazy\" decoding=\"async\" src=\"https:\/\/onlinecasinoprofy.com\/pt\/wp-content\/themes\/casinoprofy\/static\/images\/calling_icon.svg\" width=\"29\" height=\"25\" alt=\"Apoio por telefone icon\">\n                        <\/p>\n                        <span class=\"grayBgBlock\">\n                            N\u00e3o                      \n                        <\/span>\n                    <\/div>\n                <\/div>\n            <\/div>\n","protected":false},"excerpt":{"rendered":"","protected":false},"author":20,"featured_media":391,"parent":0,"menu_order":0,"comment_status":"closed","ping_status":"closed","template":"casinos.php","meta":{"footnotes":""},"categories":[],"tags":[],"acf":[],"yoast_head":"<!-- This site is optimized with the Yoast SEO Premium plugin v20.8 (Yoast SEO v21.6) - https:\/\/yoast.com\/wordpress\/plugins\/seo\/ -->\n<title>Teste e an\u00e1lise do Slotamba Casino: at\u00e9 \u20ac 1.000 para inscri\u00e7\u00e3o \ud83c\udfb0<\/title>\n<meta name=\"description\" content=\"Especialistas do OnlineCasinoProfy testando o Slotamba Casino: \ud83c\udf1fan\u00e1lise descarrilada, b\u00f4nus de at\u00e9 \u20ac 1.000 e termos de apostas, jogos! \ud83c\udf81\" \/>\n<meta name=\"robots\" content=\"index, follow, max-snippet:-1, max-image-preview:large, max-video-preview:-1\" \/>\n<link rel=\"canonical\" href=\"https:\/\/onlinecasinoprofy.com\/pt\/wp-json\/wp\/v2\/pages\/387\/\" \/>\n<meta property=\"og:locale\" content=\"pt_PT\" \/>\n<meta property=\"og:type\" content=\"article\" \/>\n<meta property=\"og:title\" content=\"Slotamba Casino\" \/>\n<meta property=\"og:description\" content=\"Especialistas do OnlineCasinoProfy testando o Slotamba Casino: \ud83c\udf1fan\u00e1lise descarrilada, b\u00f4nus de at\u00e9 \u20ac 1.000 e termos de apostas, jogos! \ud83c\udf81\" \/>\n<meta property=\"og:url\" content=\"https:\/\/onlinecasinoprofy.com\/pt\/slotamba-casino\/\" \/>\n<meta property=\"og:site_name\" content=\"CasinoProfy PT\" \/>\n<meta property=\"article:modified_time\" content=\"2023-11-20T13:16:02+00:00\" \/>\n<meta property=\"og:image\" content=\"https:\/\/onlinecasinoprofy.com\/pt\/wp-content\/uploads\/sites\/13\/2023\/11\/slotamba-casino-logo.png\" \/>\n\t<meta property=\"og:image:width\" content=\"400\" \/>\n\t<meta property=\"og:image:height\" content=\"400\" \/>\n\t<meta property=\"og:image:type\" content=\"image\/png\" \/>\n<meta name=\"twitter:card\" content=\"summary_large_image\" \/>\n<meta name=\"twitter:label1\" content=\"Tempo estimado de leitura\" \/>\n\t<meta name=\"twitter:data1\" content=\"7 minutos\" \/>\n<!-- \/ Yoast SEO Premium plugin. -->","yoast_head_json":{"title":"Teste e an\u00e1lise do Slotamba Casino: at\u00e9 \u20ac 1.000 para inscri\u00e7\u00e3o \ud83c\udfb0","description":"Especialistas do OnlineCasinoProfy testando o Slotamba Casino: \ud83c\udf1fan\u00e1lise descarrilada, b\u00f4nus de at\u00e9 \u20ac 1.000 e termos de apostas, jogos! \ud83c\udf81","robots":{"index":"index","follow":"follow","max-snippet":"max-snippet:-1","max-image-preview":"max-image-preview:large","max-video-preview":"max-video-preview:-1"},"canonical":"https:\/\/onlinecasinoprofy.com\/pt\/wp-json\/wp\/v2\/pages\/387\/","og_locale":"pt_PT","og_type":"article","og_title":"Slotamba Casino","og_description":"Especialistas do OnlineCasinoProfy testando o Slotamba Casino: \ud83c\udf1fan\u00e1lise descarrilada, b\u00f4nus de at\u00e9 \u20ac 1.000 e termos de apostas, jogos! \ud83c\udf81","og_url":"https:\/\/onlinecasinoprofy.com\/pt\/slotamba-casino\/","og_site_name":"CasinoProfy PT","article_modified_time":"2023-11-20T13:16:02+00:00","og_image":[{"width":400,"height":400,"url":"https:\/\/onlinecasinoprofy.com\/pt\/wp-content\/uploads\/sites\/13\/2023\/11\/slotamba-casino-logo.png","type":"image\/png"}],"twitter_card":"summary_large_image","twitter_misc":{"Tempo estimado de leitura":"7 minutos"},"schema":{"@context":"https:\/\/schema.org","@graph":[{"@type":"WebPage","@id":"https:\/\/onlinecasinoprofy.com\/pt\/slotamba-casino\/","url":"https:\/\/onlinecasinoprofy.com\/pt\/slotamba-casino\/","name":"Teste e an\u00e1lise do Slotamba Casino: at\u00e9 \u20ac 1.000 para inscri\u00e7\u00e3o \ud83c\udfb0","isPartOf":{"@id":"https:\/\/onlinecasinoprofy.com\/pt\/#website"},"datePublished":"2023-11-20T13:13:26+00:00","dateModified":"2023-11-20T13:16:02+00:00","description":"Especialistas do OnlineCasinoProfy testando o Slotamba Casino: \ud83c\udf1fan\u00e1lise descarrilada, b\u00f4nus de at\u00e9 \u20ac 1.000 e termos de apostas, jogos! \ud83c\udf81","breadcrumb":{"@id":"https:\/\/onlinecasinoprofy.com\/pt\/slotamba-casino\/#breadcrumb"},"inLanguage":"pt-PT","potentialAction":[{"@type":"ReadAction","target":["https:\/\/onlinecasinoprofy.com\/pt\/slotamba-casino\/"]}]},{"@type":"BreadcrumbList","@id":"https:\/\/onlinecasinoprofy.com\/pt\/slotamba-casino\/#breadcrumb","itemListElement":[{"@type":"ListItem","position":1,"name":"Home","item":"https:\/\/onlinecasinoprofy.com\/pt\/"},{"@type":"ListItem","position":2,"name":"Slotamba Casino"}]},{"@type":"WebSite","@id":"https:\/\/onlinecasinoprofy.com\/pt\/#website","url":"https:\/\/onlinecasinoprofy.com\/pt\/","name":"CasinoProfy PT","description":"OnlineCasinoProfy - Uma experi\u00eancia de jogo \u00fanica","inLanguage":"pt-PT"}]}},"_links":{"self":[{"href":"https:\/\/onlinecasinoprofy.com\/pt\/wp-json\/wp\/v2\/pages\/387"}],"collection":[{"href":"https:\/\/onlinecasinoprofy.com\/pt\/wp-json\/wp\/v2\/pages"}],"about":[{"href":"https:\/\/onlinecasinoprofy.com\/pt\/wp-json\/wp\/v2\/types\/page"}],"author":[{"embeddable":true,"href":"https:\/\/onlinecasinoprofy.com\/pt\/wp-json\/wp\/v2\/users\/20"}],"replies":[{"embeddable":true,"href":"https:\/\/onlinecasinoprofy.com\/pt\/wp-json\/wp\/v2\/comments?post=387"}],"version-history":[{"count":0,"href":"https:\/\/onlinecasinoprofy.com\/pt\/wp-json\/wp\/v2\/pages\/387\/revisions"}],"wp:featuredmedia":[{"embeddable":true,"href":"https:\/\/onlinecasinoprofy.com\/pt\/wp-json\/wp\/v2\/media\/391"}],"wp:attachment":[{"href":"https:\/\/onlinecasinoprofy.com\/pt\/wp-json\/wp\/v2\/media?parent=387"}],"wp:term":[{"taxonomy":"category","embeddable":true,"href":"https:\/\/onlinecasinoprofy.com\/pt\/wp-json\/wp\/v2\/categories?post=387"},{"taxonomy":"post_tag","embeddable":true,"href":"https:\/\/onlinecasinoprofy.com\/pt\/wp-json\/wp\/v2\/tags?post=387"}],"curies":[{"name":"wp","href":"https:\/\/api.w.org\/{rel}","templated":true}]}}